{"id":723,"date":"2024-09-16T14:26:48","date_gmt":"2024-09-16T14:26:48","guid":{"rendered":"https:\/\/greenball-events.ch\/?page_id=723"},"modified":"2024-09-18T14:02:22","modified_gmt":"2024-09-18T14:02:22","slug":"tennis-ballon","status":"publish","type":"page","link":"https:\/\/greenball-events.ch\/en\/tennis-ballon\/","title":{"rendered":"Football tennis"},"content":{"rendered":"<div data-elementor-type=\"wp-page\" data-elementor-id=\"723\" class=\"elementor elementor-723\" data-elementor-post-type=\"page\">\n\t\t\t\t<div class=\"elementor-element elementor-element-82c4b72 e-con-full e-flex e-con e-child\" data-id=\"82c4b72\" data-element_type=\"container\" data-e-type=\"container\">\n\t\t\t\t<div class=\"elementor-element elementor-element-2d8c364 elementor-widget elementor-widget-spacer\" data-id=\"2d8c364\" data-element_type=\"widget\" data-e-type=\"widget\" data-settings=\"{&quot;vlt_animated_widget_animation&quot;:&quot;none&quot;}\" data-widget_type=\"spacer.default\">\n\t\t\t\t<div class=\"elementor-widget-container\">\n\t\t\t\t\t\t\t<div class=\"elementor-spacer\">\n\t\t\t<div class=\"elementor-spacer-inner\"><\/div>\n\t\t<\/div>\n\t\t\t\t\t\t<\/div>\n\t\t\t\t<\/div>\n\t\t\t\t<\/div>\n\t\t<div class=\"elementor-element elementor-element-c364046 e-flex e-con-boxed e-con e-parent\" data-id=\"c364046\" data-element_type=\"container\" data-e-type=\"container\">\n\t\t\t\t\t<div class=\"e-con-inner\">\n\t\t\t\t<div class=\"elementor-element elementor-element-24d9bd0 elementor-widget elementor-widget-heading\" data-id=\"24d9bd0\" data-element_type=\"widget\" data-e-type=\"widget\" data-settings=\"{&quot;vlt_animated_widget_animation&quot;:&quot;none&quot;}\" data-widget_type=\"heading.default\">\n\t\t\t\t<div class=\"elementor-widget-container\">\n\t\t\t\t\t<h2 class=\"elementor-heading-title elementor-size-default\">Football tennis<\/h2>\t\t\t\t<\/div>\n\t\t\t\t<\/div>\n\t\t\t\t\t<\/div>\n\t\t\t\t<\/div>\n\t\t<div class=\"elementor-element elementor-element-145ce82 e-flex e-con-boxed e-con e-parent\" data-id=\"145ce82\" data-element_type=\"container\" data-e-type=\"container\">\n\t\t\t\t\t<div class=\"e-con-inner\">\n\t\t\t\t<div class=\"elementor-element elementor-element-621576a elementor-widget elementor-widget-image\" data-id=\"621576a\" data-element_type=\"widget\" data-e-type=\"widget\" data-settings=\"{&quot;vlt_animated_widget_animation&quot;:&quot;none&quot;}\" data-widget_type=\"image.default\">\n\t\t\t\t<div class=\"elementor-widget-container\">\n\t\t\t\t\t\t\t\t\t\t\t\t\t\t\t<img fetchpriority=\"high\" decoding=\"async\" width=\"1024\" height=\"684\" src=\"https:\/\/greenball-events.ch\/wp-content\/uploads\/2024\/09\/DSC00472-1024x684.jpg\" class=\"attachment-large size-large wp-image-649\" alt=\"Tennis ballon\" srcset=\"https:\/\/greenball-events.ch\/wp-content\/uploads\/2024\/09\/DSC00472-1024x684.jpg 1024w, https:\/\/greenball-events.ch\/wp-content\/uploads\/2024\/09\/DSC00472-300x200.jpg 300w, https:\/\/greenball-events.ch\/wp-content\/uploads\/2024\/09\/DSC00472-768x513.jpg 768w, https:\/\/greenball-events.ch\/wp-content\/uploads\/2024\/09\/DSC00472-1536x1026.jpg 1536w, https:\/\/greenball-events.ch\/wp-content\/uploads\/2024\/09\/DSC00472-2048x1368.jpg 2048w, https:\/\/greenball-events.ch\/wp-content\/uploads\/2024\/09\/DSC00472-18x12.jpg 18w, https:\/\/greenball-events.ch\/wp-content\/uploads\/2024\/09\/DSC00472-1920x1283.jpg 1920w, https:\/\/greenball-events.ch\/wp-content\/uploads\/2024\/09\/DSC00472-800x534.jpg 800w, https:\/\/greenball-events.ch\/wp-content\/uploads\/2024\/09\/DSC00472-1280x855.jpg 1280w\" sizes=\"(max-width: 1024px) 100vw, 1024px\" \/>\t\t\t\t\t\t\t\t\t\t\t\t\t\t\t<\/div>\n\t\t\t\t<\/div>\n\t\t\t\t\t<\/div>\n\t\t\t\t<\/div>\n\t\t<div class=\"elementor-element elementor-element-51f33c7 e-flex e-con-boxed e-con e-parent\" data-id=\"51f33c7\" data-element_type=\"container\" data-e-type=\"container\">\n\t\t\t\t\t<div class=\"e-con-inner\">\n\t\t\t\t<div class=\"elementor-element elementor-element-bf2333c elementor-widget elementor-widget-text-editor\" data-id=\"bf2333c\" data-element_type=\"widget\" data-e-type=\"widget\" data-settings=\"{&quot;vlt_animated_widget_animation&quot;:&quot;none&quot;}\" data-widget_type=\"text-editor.default\">\n\t\t\t\t<div class=\"elementor-widget-container\">\n\t\t\t\t\t\t\t\t\t<p>Football tennis is a fun, technical activity that is a twist on football, played in 1vs1 opposition or in teams.<\/p>\n<p>We can install this activity for your fan zones or any other football-related event, thanks to an inflatable structure that's perfectly suited to use in events.<\/p>\n<p>The advantage of this animation is that the rules are very simple to understand. Rotations between participants are therefore very quick.<\/p>\t\t\t\t\t\t\t\t<\/div>\n\t\t\t\t<\/div>\n\t\t\t\t\t<\/div>\n\t\t\t\t<\/div>\n\t\t<div class=\"elementor-element elementor-element-bcab64b e-flex e-con-boxed e-con e-parent\" data-id=\"bcab64b\" data-element_type=\"container\" data-e-type=\"container\">\n\t\t\t\t\t<div class=\"e-con-inner\">\n\t\t\t\t<div class=\"elementor-element elementor-element-87f2c6c elementor-widget elementor-widget-text-editor\" data-id=\"87f2c6c\" data-element_type=\"widget\" data-e-type=\"widget\" data-settings=\"{&quot;vlt_animated_widget_animation&quot;:&quot;none&quot;}\" data-widget_type=\"text-editor.default\">\n\t\t\t\t<div class=\"elementor-widget-container\">\n\t\t\t\t\t\t\t\t\t<h5 class=\"western\">Our inflatables can be customised with removable advertising banners that can be attached using a Velcro fastening system. We take care of the logistics, the assembly\/disassembly of the structures and the animation on each stand.<\/h5>\t\t\t\t\t\t\t\t<\/div>\n\t\t\t\t<\/div>\n\t\t\t\t<div class=\"elementor-element elementor-element-27805f9 elementor-widget elementor-widget-vlt-button\" data-id=\"27805f9\" data-element_type=\"widget\" data-e-type=\"widget\" data-settings=\"{&quot;vlt_animated_widget_animation&quot;:&quot;none&quot;}\" data-widget_type=\"vlt-button.default\">\n\t\t\t\t<div class=\"elementor-widget-container\">\n\t\t\t\t\t\n\t\t<a class=\"vlt-btn vlt-btn--primary\" role=\"button\" href=\"https:\/\/greenball-events.ch\/en\/#Contact\">\n\n\t\t\tAsk for a quote.\n\t\t<\/a>\n\n\t\t\t\t\t\t<\/div>\n\t\t\t\t<\/div>\n\t\t\t\t<div class=\"elementor-element elementor-element-ac22ed7 elementor-widget elementor-widget-spacer\" data-id=\"ac22ed7\" data-element_type=\"widget\" data-e-type=\"widget\" data-settings=\"{&quot;vlt_animated_widget_animation&quot;:&quot;none&quot;}\" data-widget_type=\"spacer.default\">\n\t\t\t\t<div class=\"elementor-widget-container\">\n\t\t\t\t\t\t\t<div class=\"elementor-spacer\">\n\t\t\t<div class=\"elementor-spacer-inner\"><\/div>\n\t\t<\/div>\n\t\t\t\t\t\t<\/div>\n\t\t\t\t<\/div>\n\t\t\t\t\t<\/div>\n\t\t\t\t<\/div>\n\t\t\t\t<\/div>","protected":false},"excerpt":{"rendered":"<p>Tennis-Ballon Le tennis-ballon est une activit\u00e9, d\u00e9tourn\u00e9e du football, ludique et technique se jouant en opposition 1vs1 ou par \u00e9quipes. Nous pouvons installer cette activit\u00e9 pour vos fan zones ou toute autre manifestation tourn\u00e9e vers le football gr\u00e2ce \u00e0 une structure gonflable parfaitement adapt\u00e9e \u00e0 une utilisation en \u00e9v\u00e8nementiel. L&rsquo;avantage de cette animation est que [&hellip;]<\/p>\n","protected":false},"author":1,"featured_media":0,"parent":0,"menu_order":0,"comment_status":"closed","ping_status":"closed","template":"elementor_header_footer","meta":{"footnotes":""},"class_list":["post-723","page","type-page","status-publish","hentry"],"_links":{"self":[{"href":"https:\/\/greenball-events.ch\/en\/wp-json\/wp\/v2\/pages\/723","targetHints":{"allow":["GET"]}}],"collection":[{"href":"https:\/\/greenball-events.ch\/en\/wp-json\/wp\/v2\/pages"}],"about":[{"href":"https:\/\/greenball-events.ch\/en\/wp-json\/wp\/v2\/types\/page"}],"author":[{"embeddable":true,"href":"https:\/\/greenball-events.ch\/en\/wp-json\/wp\/v2\/users\/1"}],"replies":[{"embeddable":true,"href":"https:\/\/greenball-events.ch\/en\/wp-json\/wp\/v2\/comments?post=723"}],"version-history":[{"count":19,"href":"https:\/\/greenball-events.ch\/en\/wp-json\/wp\/v2\/pages\/723\/revisions"}],"predecessor-version":[{"id":907,"href":"https:\/\/greenball-events.ch\/en\/wp-json\/wp\/v2\/pages\/723\/revisions\/907"}],"wp:attachment":[{"href":"https:\/\/greenball-events.ch\/en\/wp-json\/wp\/v2\/media?parent=723"}],"curies":[{"name":"wp","href":"https:\/\/api.w.org\/{rel}","templated":true}]}}