{"id":1285,"date":"2025-09-19T11:38:53","date_gmt":"2025-09-19T11:38:53","guid":{"rendered":"https:\/\/greenball-events.ch\/?page_id=1285"},"modified":"2026-01-03T07:13:28","modified_gmt":"2026-01-03T07:13:28","slug":"skill-lab","status":"publish","type":"page","link":"https:\/\/greenball-events.ch\/en\/skill-lab\/","title":{"rendered":"Skill Lab"},"content":{"rendered":"<div data-elementor-type=\"wp-page\" data-elementor-id=\"1285\" class=\"elementor elementor-1285\" data-elementor-post-type=\"page\">\n\t\t\t\t<div class=\"elementor-element elementor-element-7b75556 e-flex e-con-boxed e-con e-parent\" data-id=\"7b75556\" data-element_type=\"container\" data-e-type=\"container\">\n\t\t\t\t\t<div class=\"e-con-inner\">\n\t\t\t\t<div class=\"elementor-element elementor-element-cd9426f elementor-widget elementor-widget-spacer\" data-id=\"cd9426f\" data-element_type=\"widget\" data-e-type=\"widget\" data-settings=\"{&quot;vlt_animated_widget_animation&quot;:&quot;none&quot;}\" data-widget_type=\"spacer.default\">\n\t\t\t\t<div class=\"elementor-widget-container\">\n\t\t\t\t\t\t\t<div class=\"elementor-spacer\">\n\t\t\t<div class=\"elementor-spacer-inner\"><\/div>\n\t\t<\/div>\n\t\t\t\t\t\t<\/div>\n\t\t\t\t<\/div>\n\t\t\t\t\t<\/div>\n\t\t\t\t<\/div>\n\t\t<div class=\"elementor-element elementor-element-4b9eadf e-flex e-con-boxed e-con e-parent\" data-id=\"4b9eadf\" data-element_type=\"container\" data-e-type=\"container\">\n\t\t\t\t\t<div class=\"e-con-inner\">\n\t\t\t\t<div class=\"elementor-element elementor-element-e0ac0fa elementor-widget elementor-widget-heading\" data-id=\"e0ac0fa\" data-element_type=\"widget\" data-e-type=\"widget\" data-settings=\"{&quot;vlt_animated_widget_animation&quot;:&quot;none&quot;}\" data-widget_type=\"heading.default\">\n\t\t\t\t<div class=\"elementor-widget-container\">\n\t\t\t\t\t<h2 class=\"elementor-heading-title elementor-size-default\">Skill Lab<\/h2>\t\t\t\t<\/div>\n\t\t\t\t<\/div>\n\t\t\t\t\t<\/div>\n\t\t\t\t<\/div>\n\t\t<div class=\"elementor-element elementor-element-6a8c504 e-flex e-con-boxed e-con e-parent\" data-id=\"6a8c504\" data-element_type=\"container\" data-e-type=\"container\">\n\t\t\t\t\t<div class=\"e-con-inner\">\n\t\t\t\t<div class=\"elementor-element elementor-element-120e184 elementor-widget elementor-widget-text-editor\" data-id=\"120e184\" data-element_type=\"widget\" data-e-type=\"widget\" data-settings=\"{&quot;vlt_animated_widget_animation&quot;:&quot;none&quot;}\" data-widget_type=\"text-editor.default\">\n\t\t\t\t<div class=\"elementor-widget-container\">\n\t\t\t\t\t\t\t\t\t<h4 class=\"sow-headline\">CREATE THE ULTIMATE FOOTBALL EXPERIENCE WITH THE SKILL LAB!<\/h4><p>Turn your fans into match stars with the <b>Greenball Skill Lab<\/b>\u00a0Inspired by video games, our brand new concept immerses participants in a unique and personalised gaming experience.<\/p><p>Each station presents a technical challenge. Once all the challenges have been completed, each participant goes to the <b>photobooth<\/b> for a photo. Instantly, a <b>personalised player card<\/b> in your colours is generated, showing its various scores and overall score.<\/p>\t\t\t\t\t\t\t\t<\/div>\n\t\t\t\t<\/div>\n\t\t\t\t\t<\/div>\n\t\t\t\t<\/div>\n\t\t<div class=\"elementor-element elementor-element-9be9ff3 e-flex e-con-boxed e-con e-parent\" data-id=\"9be9ff3\" data-element_type=\"container\" data-e-type=\"container\">\n\t\t\t\t\t<div class=\"e-con-inner\">\n\t\t<div class=\"elementor-element elementor-element-ddc4daa e-grid e-con-full e-con e-child\" data-id=\"ddc4daa\" data-element_type=\"container\" data-e-type=\"container\">\n\t\t\t\t<div class=\"elementor-element elementor-element-293f922 elementor-widget elementor-widget-image\" data-id=\"293f922\" data-element_type=\"widget\" data-e-type=\"widget\" data-settings=\"{&quot;vlt_animated_widget_animation&quot;:&quot;none&quot;}\" data-widget_type=\"image.default\">\n\t\t\t\t<div class=\"elementor-widget-container\">\n\t\t\t\t\t\t\t\t\t\t\t\t\t\t\t<img fetchpriority=\"high\" decoding=\"async\" width=\"768\" height=\"1024\" src=\"https:\/\/greenball-events.ch\/wp-content\/uploads\/2025\/09\/20250527_204614-768x1024.jpg\" class=\"attachment-medium_large size-medium_large wp-image-1300\" alt=\"\" srcset=\"https:\/\/greenball-events.ch\/wp-content\/uploads\/2025\/09\/20250527_204614-768x1024.jpg 768w, https:\/\/greenball-events.ch\/wp-content\/uploads\/2025\/09\/20250527_204614-225x300.jpg 225w, https:\/\/greenball-events.ch\/wp-content\/uploads\/2025\/09\/20250527_204614-1152x1536.jpg 1152w, https:\/\/greenball-events.ch\/wp-content\/uploads\/2025\/09\/20250527_204614-1536x2048.jpg 1536w, https:\/\/greenball-events.ch\/wp-content\/uploads\/2025\/09\/20250527_204614-9x12.jpg 9w, https:\/\/greenball-events.ch\/wp-content\/uploads\/2025\/09\/20250527_204614-scaled.jpg 1920w, https:\/\/greenball-events.ch\/wp-content\/uploads\/2025\/09\/20250527_204614-800x1067.jpg 800w, https:\/\/greenball-events.ch\/wp-content\/uploads\/2025\/09\/20250527_204614-1280x1707.jpg 1280w\" sizes=\"(max-width: 768px) 100vw, 768px\" \/>\t\t\t\t\t\t\t\t\t\t\t\t\t\t\t<\/div>\n\t\t\t\t<\/div>\n\t\t\t\t<div class=\"elementor-element elementor-element-084ba2d elementor-widget elementor-widget-image\" data-id=\"084ba2d\" data-element_type=\"widget\" data-e-type=\"widget\" data-settings=\"{&quot;vlt_animated_widget_animation&quot;:&quot;none&quot;}\" data-widget_type=\"image.default\">\n\t\t\t\t<div class=\"elementor-widget-container\">\n\t\t\t\t\t\t\t\t\t\t\t\t\t\t\t<img decoding=\"async\" width=\"465\" height=\"752\" src=\"https:\/\/greenball-events.ch\/wp-content\/uploads\/2025\/09\/Generated-Image-September-19-2025-2_40PM_rognee.png\" class=\"attachment-large size-large wp-image-1319\" alt=\"\" srcset=\"https:\/\/greenball-events.ch\/wp-content\/uploads\/2025\/09\/Generated-Image-September-19-2025-2_40PM_rognee.png 465w, https:\/\/greenball-events.ch\/wp-content\/uploads\/2025\/09\/Generated-Image-September-19-2025-2_40PM_rognee-186x300.png 186w, https:\/\/greenball-events.ch\/wp-content\/uploads\/2025\/09\/Generated-Image-September-19-2025-2_40PM_rognee-7x12.png 7w\" sizes=\"(max-width: 465px) 100vw, 465px\" \/>\t\t\t\t\t\t\t\t\t\t\t\t\t\t\t<\/div>\n\t\t\t\t<\/div>\n\t\t\t\t<\/div>\n\t\t\t\t\t<\/div>\n\t\t\t\t<\/div>\n\t\t<div class=\"elementor-element elementor-element-dba0d99 e-grid e-con-boxed e-con e-parent\" data-id=\"dba0d99\" data-element_type=\"container\" data-e-type=\"container\">\n\t\t\t\t\t<div class=\"e-con-inner\">\n\t\t\t\t<div class=\"elementor-element elementor-element-923f769 elementor-widget elementor-widget-text-editor\" data-id=\"923f769\" data-element_type=\"widget\" data-e-type=\"widget\" data-settings=\"{&quot;vlt_animated_widget_animation&quot;:&quot;none&quot;}\" data-widget_type=\"text-editor.default\">\n\t\t\t\t<div class=\"elementor-widget-container\">\n\t\t\t\t\t\t\t\t\t<div id=\"panel-11-5-1-0\" class=\"so-panel widget widget_sow-headline panel-first-child\" data-index=\"13\"><div class=\"so-widget-sow-headline so-widget-sow-headline-default-818425466517-11\"><div class=\"sow-headline-container\"><h4 class=\"sow-headline\">AMPLIFIED BRAND<\/h4><\/div><\/div><\/div><div id=\"panel-11-5-1-1\" class=\"so-panel widget widget_sow-editor panel-last-child\" data-index=\"14\"><div class=\"panel-widget-style panel-widget-style-for-11-5-1-1\"><div class=\"so-widget-sow-editor so-widget-sow-editor-base\"><div class=\"siteorigin-widget-tinymce textwidget\"><p>Player cards and leaderboards are fully customisable to reflect your image and can be shared by fans on social media. It's the ideal tool for increasing your visibility.<\/p><\/div><\/div><\/div><\/div>\t\t\t\t\t\t\t\t<\/div>\n\t\t\t\t<\/div>\n\t\t\t\t<div class=\"elementor-element elementor-element-ac44d5c elementor-widget elementor-widget-text-editor\" data-id=\"ac44d5c\" data-element_type=\"widget\" data-e-type=\"widget\" data-settings=\"{&quot;vlt_animated_widget_animation&quot;:&quot;none&quot;}\" data-widget_type=\"text-editor.default\">\n\t\t\t\t<div class=\"elementor-widget-container\">\n\t\t\t\t\t\t\t\t\t<div id=\"panel-11-5-2-0\" class=\"so-panel widget widget_sow-headline panel-first-child\" data-index=\"15\"><div class=\"so-widget-sow-headline so-widget-sow-headline-default-56922443fde0-11\"><div class=\"sow-headline-container\"><h4 class=\"sow-headline\">FAN ENGAGEMENT<\/h4><\/div><\/div><\/div><div id=\"panel-11-5-2-1\" class=\"so-panel widget widget_sow-editor panel-last-child\" data-index=\"16\"><div class=\"panel-widget-style panel-widget-style-for-11-5-2-1\"><div class=\"so-widget-sow-editor so-widget-sow-editor-base\"><div class=\"siteorigin-widget-tinymce textwidget\"><p class=\"p1\">Thanks to <span class=\"s1\"><b>live leaderboards<\/b><\/span>, follow scores in real time and create a competitive and engaging atmosphere.<\/p><p>The competitive aspect and personalisation of the experience encourage fans to participate and share their success.<\/p><\/div><\/div><\/div><\/div>\t\t\t\t\t\t\t\t<\/div>\n\t\t\t\t<\/div>\n\t\t\t\t\t<\/div>\n\t\t\t\t<\/div>\n\t\t<div class=\"elementor-element elementor-element-6cde77d e-flex e-con-boxed e-con e-parent\" data-id=\"6cde77d\" data-element_type=\"container\" data-e-type=\"container\">\n\t\t\t\t\t<div class=\"e-con-inner\">\n\t\t\t\t<div class=\"elementor-element elementor-element-9f5d171 elementor-widget elementor-widget-image\" data-id=\"9f5d171\" data-element_type=\"widget\" data-e-type=\"widget\" data-settings=\"{&quot;vlt_animated_widget_animation&quot;:&quot;none&quot;}\" data-widget_type=\"image.default\">\n\t\t\t\t<div class=\"elementor-widget-container\">\n\t\t\t\t\t\t\t\t\t\t\t\t\t\t\t<img decoding=\"async\" width=\"768\" height=\"253\" src=\"https:\/\/greenball-events.ch\/wp-content\/uploads\/2025\/09\/Capture-decran-2025-09-19-a-14.12.13-768x253.png\" class=\"attachment-medium_large size-medium_large wp-image-1294\" alt=\"\" srcset=\"https:\/\/greenball-events.ch\/wp-content\/uploads\/2025\/09\/Capture-decran-2025-09-19-a-14.12.13-768x253.png 768w, https:\/\/greenball-events.ch\/wp-content\/uploads\/2025\/09\/Capture-decran-2025-09-19-a-14.12.13-300x99.png 300w, https:\/\/greenball-events.ch\/wp-content\/uploads\/2025\/09\/Capture-decran-2025-09-19-a-14.12.13-1024x337.png 1024w, https:\/\/greenball-events.ch\/wp-content\/uploads\/2025\/09\/Capture-decran-2025-09-19-a-14.12.13-1536x506.png 1536w, https:\/\/greenball-events.ch\/wp-content\/uploads\/2025\/09\/Capture-decran-2025-09-19-a-14.12.13-18x6.png 18w, https:\/\/greenball-events.ch\/wp-content\/uploads\/2025\/09\/Capture-decran-2025-09-19-a-14.12.13-800x263.png 800w, https:\/\/greenball-events.ch\/wp-content\/uploads\/2025\/09\/Capture-decran-2025-09-19-a-14.12.13-1280x421.png 1280w, https:\/\/greenball-events.ch\/wp-content\/uploads\/2025\/09\/Capture-decran-2025-09-19-a-14.12.13.png 1920w\" sizes=\"(max-width: 768px) 100vw, 768px\" \/>\t\t\t\t\t\t\t\t\t\t\t\t\t\t\t<\/div>\n\t\t\t\t<\/div>\n\t\t\t\t\t<\/div>\n\t\t\t\t<\/div>\n\t\t<div class=\"elementor-element elementor-element-32a13ca e-flex e-con-boxed e-con e-parent\" data-id=\"32a13ca\" data-element_type=\"container\" data-e-type=\"container\">\n\t\t\t\t\t<div class=\"e-con-inner\">\n\t\t\t\t<div class=\"elementor-element elementor-element-fd66f58 elementor-widget elementor-widget-text-editor\" data-id=\"fd66f58\" data-element_type=\"widget\" data-e-type=\"widget\" data-settings=\"{&quot;vlt_animated_widget_animation&quot;:&quot;none&quot;}\" data-widget_type=\"text-editor.default\">\n\t\t\t\t<div class=\"elementor-widget-container\">\n\t\t\t\t\t\t\t\t\t<div id=\"panel-11-5-3-0\" class=\"so-panel widget widget_sow-headline panel-first-child\" data-index=\"17\"><div class=\"so-widget-sow-headline so-widget-sow-headline-default-818425466517-11\"><div class=\"sow-headline-container\"><h4 class=\"sow-headline\">QUALIFIED DATA<\/h4><\/div><\/div><\/div><div id=\"panel-11-5-3-1\" class=\"so-panel widget widget_sow-editor panel-last-child\" data-index=\"18\"><div class=\"panel-widget-style panel-widget-style-for-11-5-3-1\"><div class=\"so-widget-sow-editor so-widget-sow-editor-base\"><div class=\"siteorigin-widget-tinymce textwidget\"><p>Collect valuable data about your audience (by sending cards via email), allowing you to enrich your database and get to know your fans better.<\/p><\/div><\/div><\/div><\/div>\t\t\t\t\t\t\t\t<\/div>\n\t\t\t\t<\/div>\n\t\t\t\t<div class=\"elementor-element elementor-element-9f2ae71 elementor-widget elementor-widget-vlt-button\" data-id=\"9f2ae71\" data-element_type=\"widget\" data-e-type=\"widget\" data-settings=\"{&quot;vlt_animated_widget_animation&quot;:&quot;none&quot;}\" data-widget_type=\"vlt-button.default\">\n\t\t\t\t<div class=\"elementor-widget-container\">\n\t\t\t\t\t\n\t\t<a class=\"vlt-btn vlt-btn--primary\" role=\"button\" href=\"https:\/\/greenball-events.ch\/en\/#Contact\">\n\n\t\t\tAsk for a quote.\n\t\t<\/a>\n\n\t\t\t\t\t\t<\/div>\n\t\t\t\t<\/div>\n\t\t\t\t\t<\/div>\n\t\t\t\t<\/div>\n\t\t<div class=\"elementor-element elementor-element-a9fd2f8 e-flex e-con-boxed e-con e-parent\" data-id=\"a9fd2f8\" data-element_type=\"container\" data-e-type=\"container\">\n\t\t\t\t\t<div class=\"e-con-inner\">\n\t\t\t\t<div class=\"elementor-element elementor-element-68d91c6 elementor-widget elementor-widget-spacer\" data-id=\"68d91c6\" data-element_type=\"widget\" data-e-type=\"widget\" data-settings=\"{&quot;vlt_animated_widget_animation&quot;:&quot;none&quot;}\" data-widget_type=\"spacer.default\">\n\t\t\t\t<div class=\"elementor-widget-container\">\n\t\t\t\t\t\t\t<div class=\"elementor-spacer\">\n\t\t\t<div class=\"elementor-spacer-inner\"><\/div>\n\t\t<\/div>\n\t\t\t\t\t\t<\/div>\n\t\t\t\t<\/div>\n\t\t\t\t\t<\/div>\n\t\t\t\t<\/div>\n\t\t\t\t<\/div>","protected":false},"excerpt":{"rendered":"<p>Skill Lab CREEZ L&rsquo;EVENEMENT FOOTBALL ULTIME AVEC LE SKILL LAB ! Transformez vos fans en stars du match avec le Greenball Skill Lab\u00a0! Inspir\u00e9 des jeux vid\u00e9o, notre tout nouveau concept immerge les participants dans une exp\u00e9rience de jeu unique et personnalis\u00e9e. Chaque station propose un d\u00e9fi technique. Une fois tous les d\u00e9fis relev\u00e9s, chaque [&hellip;]<\/p>\n","protected":false},"author":1,"featured_media":0,"parent":0,"menu_order":0,"comment_status":"closed","ping_status":"closed","template":"elementor_header_footer","meta":{"footnotes":""},"class_list":["post-1285","page","type-page","status-publish","hentry"],"_links":{"self":[{"href":"https:\/\/greenball-events.ch\/en\/wp-json\/wp\/v2\/pages\/1285","targetHints":{"allow":["GET"]}}],"collection":[{"href":"https:\/\/greenball-events.ch\/en\/wp-json\/wp\/v2\/pages"}],"about":[{"href":"https:\/\/greenball-events.ch\/en\/wp-json\/wp\/v2\/types\/page"}],"author":[{"embeddable":true,"href":"https:\/\/greenball-events.ch\/en\/wp-json\/wp\/v2\/users\/1"}],"replies":[{"embeddable":true,"href":"https:\/\/greenball-events.ch\/en\/wp-json\/wp\/v2\/comments?post=1285"}],"version-history":[{"count":32,"href":"https:\/\/greenball-events.ch\/en\/wp-json\/wp\/v2\/pages\/1285\/revisions"}],"predecessor-version":[{"id":1402,"href":"https:\/\/greenball-events.ch\/en\/wp-json\/wp\/v2\/pages\/1285\/revisions\/1402"}],"wp:attachment":[{"href":"https:\/\/greenball-events.ch\/en\/wp-json\/wp\/v2\/media?parent=1285"}],"curies":[{"name":"wp","href":"https:\/\/api.w.org\/{rel}","templated":true}]}}