{"id":1037,"date":"2024-11-04T16:07:49","date_gmt":"2024-11-04T16:07:49","guid":{"rendered":"https:\/\/greenball-events.ch\/?page_id=1037"},"modified":"2024-11-04T16:14:27","modified_gmt":"2024-11-04T16:14:27","slug":"mentions-legales","status":"publish","type":"page","link":"https:\/\/greenball-events.ch\/en\/mentions-legales\/","title":{"rendered":"Mentions l\u00e9gales"},"content":{"rendered":"<div data-elementor-type=\"wp-page\" data-elementor-id=\"1037\" class=\"elementor elementor-1037\" data-elementor-post-type=\"page\">\n\t\t\t\t<div class=\"elementor-element elementor-element-2d026f1 e-flex e-con-boxed e-con e-parent\" data-id=\"2d026f1\" data-element_type=\"container\" data-e-type=\"container\">\n\t\t\t\t\t<div class=\"e-con-inner\">\n\t\t<div class=\"elementor-element elementor-element-4018eec e-con-full e-flex e-con e-child\" data-id=\"4018eec\" data-element_type=\"container\" data-e-type=\"container\">\n\t\t\t\t<div class=\"elementor-element elementor-element-17768ef elementor-widget elementor-widget-spacer\" data-id=\"17768ef\" data-element_type=\"widget\" data-e-type=\"widget\" data-settings=\"{&quot;vlt_animated_widget_animation&quot;:&quot;none&quot;}\" data-widget_type=\"spacer.default\">\n\t\t\t\t<div class=\"elementor-widget-container\">\n\t\t\t\t\t\t\t<div class=\"elementor-spacer\">\n\t\t\t<div class=\"elementor-spacer-inner\"><\/div>\n\t\t<\/div>\n\t\t\t\t\t\t<\/div>\n\t\t\t\t<\/div>\n\t\t\t\t<\/div>\n\t\t<div class=\"elementor-element elementor-element-5fd3b21 e-con-full e-flex e-con e-child\" data-id=\"5fd3b21\" data-element_type=\"container\" data-e-type=\"container\">\n\t\t<div class=\"elementor-element elementor-element-368dc6f e-con-full e-flex e-con e-child\" data-id=\"368dc6f\" data-element_type=\"container\" data-e-type=\"container\">\n\t\t\t\t<div class=\"elementor-element elementor-element-31c04cb elementor-widget elementor-widget-heading\" data-id=\"31c04cb\" data-element_type=\"widget\" data-e-type=\"widget\" data-settings=\"{&quot;vlt_animated_widget_animation&quot;:&quot;none&quot;}\" data-widget_type=\"heading.default\">\n\t\t\t\t<div class=\"elementor-widget-container\">\n\t\t\t\t\t<h2 class=\"elementor-heading-title elementor-size-default\">Mentions l\u00e9gales<\/h2>\t\t\t\t<\/div>\n\t\t\t\t<\/div>\n\t\t<div class=\"elementor-element elementor-element-7dc5e69 e-con-full e-flex e-con e-child\" data-id=\"7dc5e69\" data-element_type=\"container\" data-e-type=\"container\">\n\t\t\t\t<div class=\"elementor-element elementor-element-372035d elementor-widget elementor-widget-text-editor\" data-id=\"372035d\" data-element_type=\"widget\" data-e-type=\"widget\" data-settings=\"{&quot;vlt_animated_widget_animation&quot;:&quot;none&quot;}\" data-widget_type=\"text-editor.default\">\n\t\t\t\t<div class=\"elementor-widget-container\">\n\t\t\t\t\t\t\t\t\t<h4 class=\"sow-headline\"><strong>Informations G\u00e9n\u00e9rales<\/strong><\/h4><div class=\"legal1-content_component\"><div class=\"text-rich-text w-richtext\"><p><strong>Nom de l\u2019entreprise<\/strong> : Greenball Events S\u00e0rl<\/p><p><strong>Adresse<\/strong> : Pr\u00e9-du-Pont 60, 2075 Thielle<\/p><p><strong>Coordonn\u00e9es<\/strong>\u00a0:<\/p><ul role=\"list\"><li><strong>E-mail<\/strong>\u00a0:\u00a0<a href=\"http:\/\/greenball-events.ch\/en\/\" target=\"_blank\" rel=\"noopener\">email@greenball-events.ch<\/a><\/li><li><strong>Phone<\/strong> : +41 79 316 43 92<\/li><li><strong>Num\u00e9ro d\u2019identification<\/strong> : CHE-<span class=\"OYPEnA font-feature-liga-off font-feature-clig-off font-feature-calt-off text-decoration-none text-strikethrough-none\">318.133.205<\/span><\/li><li><strong>Responsable de la publication<\/strong> : Abdou Tour\u00e9<\/li><\/ul><\/div><\/div><div class=\"legal1-content_component\"><div class=\"text-rich-text w-richtext\"><h4>H\u00e9bergement du site<\/h4><p><strong>Infomaniak Network SA<\/strong><\/p><ul role=\"list\"><li class=\"list-item\"><strong>Adresse<\/strong>\u00a0: Rue Eug\u00e8ne-Marziano 251227, Les Acacias, Gen\u00e8ve, Suisse<\/li><li class=\"list-item-2\"><strong>Phone<\/strong>\u00a0: +41 22 820 35 44<\/li><\/ul><\/div><\/div><div class=\"legal1-content_component\"><div class=\"text-rich-text w-richtext\"><h4>Propri\u00e9t\u00e9 Intellectuelle<\/h4><p>Tout le contenu pr\u00e9sent sur ce site, incluant, de mani\u00e8re non limitative, les graphismes, images, textes, vid\u00e9os, animations, sons, logos, gifs et ic\u00f4nes ainsi que leur mise en forme sont la propri\u00e9t\u00e9 exclusive de Greenball Events S\u00e0rl \u00e0 l\u2019exception des marques, logos ou contenus appartenant \u00e0 d\u2019autres soci\u00e9t\u00e9s partenaires ou auteurs.<\/p><\/div><\/div><div class=\"legal1-content_component\"><div class=\"text-rich-text w-richtext\"><h4>Protection des Donn\u00e9es Personnelles<\/h4><p>Les informations recueillies sur ce site font l\u2019objet d\u2019un traitement informatique destin\u00e9 \u00e0 Greenball Events S\u00e0rl. Conform\u00e9ment \u00e0 la loi f\u00e9d\u00e9rale sur la protection des donn\u00e9es (LPD), vous b\u00e9n\u00e9ficiez d\u2019un droit d\u2019acc\u00e8s, de rectification et de suppression des informations qui vous concernent, que vous pouvez exercer en vous adressant \u00e0 <a href=\"http:\/\/greenball-events.ch\/en\/\" target=\"_blank\" rel=\"noopener\">email@greenball-events.ch<\/a><\/p><\/div><\/div><div class=\"legal1-content_component\"><div class=\"text-rich-text w-richtext\"><h4>Cookies<\/h4><p>Lors de la consultation de notre site, des cookies peuvent \u00eatre d\u00e9pos\u00e9s sur votre ordinateur, votre mobile ou votre tablette. Les informations recueillies par ces cookies sont utilis\u00e9es exclusivement pour des fins internes et ne sont pas partag\u00e9es avec des tiers. Vous avez la possibilit\u00e9 de d\u00e9sactiver les cookies en modifiant les param\u00e8tres de votre navigateur.<\/p><\/div><\/div><div class=\"legal1-content_component\"><div class=\"text-rich-text w-richtext\"><h4>Limitation de Responsabilit\u00e9<\/h4><p>Les informations contenues sur ce site sont aussi pr\u00e9cises que possible et le site est p\u00e9riodiquement remis \u00e0 jour, mais peut toutefois contenir des inexactitudes, des omissions ou des lacunes. Si vous constatez une lacune, erreur ou ce qui semble \u00eatre un dysfonctionnement, merci de bien vouloir le signaler par email \u00e0\u00a0<a href=\"http:\/\/greenball-events.ch\/en\/\">email@greenball-events.ch<\/a>\u00a0en d\u00e9crivant le probl\u00e8me de la mani\u00e8re la plus pr\u00e9cise possible.<\/p><\/div><\/div><div class=\"legal1-content_component\"><div class=\"text-rich-text w-richtext\"><h4>Liens Hypertextes<\/h4><p>Le site internet de Greenball Events S\u00e0rl peut offrir des liens vers d\u2019autres sites internet ou d\u2019autres ressources disponibles sur Internet. Greenball Events S\u00e0rl ne dispose d\u2019aucun moyen pour contr\u00f4ler les sites en connexion avec ses sites internet. Greenball Events S\u00e0rl ne r\u00e9pond pas de la disponibilit\u00e9 de tels sites et sources externes, ni ne la garantit.<\/p><\/div><\/div><div class=\"legal1-content_component\"><div class=\"text-rich-text w-richtext\"><h4>Modification des Mentions L\u00e9gales<\/h4><p>Greenball Events S\u00e0rl se r\u00e9serve le droit de modifier ces mentions \u00e0 tout moment. L\u2019utilisateur s\u2019engage donc \u00e0 les consulter r\u00e9guli\u00e8rement.<\/p><\/div><\/div><div id=\"panel-4425-0-0-1\" class=\"so-panel widget widget_sow-button panel-last-child\" data-index=\"1\"><p class=\"so-widget-sow-button so-widget-sow-button-flat-fa7ed6ce3ae9-4425\">\u00a0<\/p><\/div>\t\t\t\t\t\t\t\t<\/div>\n\t\t\t\t<\/div>\n\t\t\t\t<\/div>\n\t\t\t\t<\/div>\n\t\t\t\t<\/div>\n\t\t\t\t\t<\/div>\n\t\t\t\t<\/div>\n\t\t\t\t<\/div>","protected":false},"excerpt":{"rendered":"<p>Mentions l\u00e9gales Informations G\u00e9n\u00e9rales Nom de l\u2019entreprise : Greenball Events S\u00e0rl Adresse : Pr\u00e9-du-Pont 60, 2075 Thielle Coordonn\u00e9es\u00a0: E-mail\u00a0:\u00a0email@greenball-events.ch T\u00e9l\u00e9phone : +41 79 316 43 92 Num\u00e9ro d\u2019identification : CHE-318.133.205 Responsable de la publication : Abdou Tour\u00e9 H\u00e9bergement du site Infomaniak Network SA Adresse\u00a0: Rue Eug\u00e8ne-Marziano 251227, Les Acacias, Gen\u00e8ve, Suisse T\u00e9l\u00e9phone\u00a0: +41 22 820 [&hellip;]<\/p>\n","protected":false},"author":1,"featured_media":0,"parent":0,"menu_order":0,"comment_status":"closed","ping_status":"closed","template":"elementor_header_footer","meta":{"footnotes":""},"class_list":["post-1037","page","type-page","status-publish","hentry"],"_links":{"self":[{"href":"https:\/\/greenball-events.ch\/en\/wp-json\/wp\/v2\/pages\/1037","targetHints":{"allow":["GET"]}}],"collection":[{"href":"https:\/\/greenball-events.ch\/en\/wp-json\/wp\/v2\/pages"}],"about":[{"href":"https:\/\/greenball-events.ch\/en\/wp-json\/wp\/v2\/types\/page"}],"author":[{"embeddable":true,"href":"https:\/\/greenball-events.ch\/en\/wp-json\/wp\/v2\/users\/1"}],"replies":[{"embeddable":true,"href":"https:\/\/greenball-events.ch\/en\/wp-json\/wp\/v2\/comments?post=1037"}],"version-history":[{"count":7,"href":"https:\/\/greenball-events.ch\/en\/wp-json\/wp\/v2\/pages\/1037\/revisions"}],"predecessor-version":[{"id":1044,"href":"https:\/\/greenball-events.ch\/en\/wp-json\/wp\/v2\/pages\/1037\/revisions\/1044"}],"wp:attachment":[{"href":"https:\/\/greenball-events.ch\/en\/wp-json\/wp\/v2\/media?parent=1037"}],"curies":[{"name":"wp","href":"https:\/\/api.w.org\/{rel}","templated":true}]}}