{"id":985,"date":"2024-10-25T08:30:01","date_gmt":"2024-10-25T08:30:01","guid":{"rendered":"https:\/\/greenball-events.ch\/?page_id=985"},"modified":"2025-09-19T13:01:11","modified_gmt":"2025-09-19T13:01:11","slug":"team-building","status":"publish","type":"page","link":"https:\/\/greenball-events.ch\/de\/team-building\/","title":{"rendered":"Team building"},"content":{"rendered":"<div data-elementor-type=\"wp-page\" data-elementor-id=\"985\" class=\"elementor elementor-985\" data-elementor-post-type=\"page\">\n\t\t\t\t<div class=\"elementor-element elementor-element-fab4311 e-flex e-con-boxed e-con e-parent\" data-id=\"fab4311\" data-element_type=\"container\" data-e-type=\"container\">\n\t\t\t\t\t<div class=\"e-con-inner\">\n\t\t\t\t<div class=\"elementor-element elementor-element-da6e541 elementor-widget elementor-widget-spacer\" data-id=\"da6e541\" data-element_type=\"widget\" data-e-type=\"widget\" data-settings=\"{&quot;vlt_animated_widget_animation&quot;:&quot;none&quot;}\" data-widget_type=\"spacer.default\">\n\t\t\t\t<div class=\"elementor-widget-container\">\n\t\t\t\t\t\t\t<div class=\"elementor-spacer\">\n\t\t\t<div class=\"elementor-spacer-inner\"><\/div>\n\t\t<\/div>\n\t\t\t\t\t\t<\/div>\n\t\t\t\t<\/div>\n\t\t\t\t\t<\/div>\n\t\t\t\t<\/div>\n\t\t<div class=\"elementor-element elementor-element-c6eefe6 e-flex e-con-boxed e-con e-parent\" data-id=\"c6eefe6\" data-element_type=\"container\" data-e-type=\"container\">\n\t\t\t\t\t<div class=\"e-con-inner\">\n\t\t\t\t<div class=\"elementor-element elementor-element-8c320ac elementor-widget elementor-widget-heading\" data-id=\"8c320ac\" data-element_type=\"widget\" data-e-type=\"widget\" data-settings=\"{&quot;vlt_animated_widget_animation&quot;:&quot;none&quot;}\" data-widget_type=\"heading.default\">\n\t\t\t\t<div class=\"elementor-widget-container\">\n\t\t\t\t\t<h2 class=\"elementor-heading-title elementor-size-default\">Team building<\/h2>\t\t\t\t<\/div>\n\t\t\t\t<\/div>\n\t\t\t\t\t<\/div>\n\t\t\t\t<\/div>\n\t\t<div class=\"elementor-element elementor-element-0731a89 e-flex e-con-boxed e-con e-parent\" data-id=\"0731a89\" data-element_type=\"container\" data-e-type=\"container\">\n\t\t\t\t\t<div class=\"e-con-inner\">\n\t\t\t\t<div class=\"elementor-element elementor-element-7b304aa elementor-widget elementor-widget-text-editor\" data-id=\"7b304aa\" data-element_type=\"widget\" data-e-type=\"widget\" data-settings=\"{&quot;vlt_animated_widget_animation&quot;:&quot;none&quot;}\" data-widget_type=\"text-editor.default\">\n\t\t\t\t<div class=\"elementor-widget-container\">\n\t\t\t\t\t\t\t\t\t<h4 class=\"sow-headline\">Eine massgeschneiderte Veranstaltung f\u00fcr Ihre Mitarbeiter!<\/h4><p>Exploitez tout le potentiel de nos animations sportives afin d&rsquo;organiser des team buildings originaux pour vos collaborateurs. Nos produits s&rsquo;incorporent parfaitement dans un dispositif d&rsquo;olympiades afin de cr\u00e9er un contexte comp\u00e9titif dans la bonne humeur pour renforcer les liens entre les membres de vos \u00e9quipes.<\/p>\t\t\t\t\t\t\t\t<\/div>\n\t\t\t\t<\/div>\n\t\t\t\t\t<\/div>\n\t\t\t\t<\/div>\n\t\t<div class=\"elementor-element elementor-element-bda9889 e-flex e-con-boxed e-con e-parent\" data-id=\"bda9889\" data-element_type=\"container\" data-e-type=\"container\">\n\t\t\t\t\t<div class=\"e-con-inner\">\n\t\t\t\t<div class=\"elementor-element elementor-element-67a99f4 elementor-widget elementor-widget-image\" data-id=\"67a99f4\" data-element_type=\"widget\" data-e-type=\"widget\" data-settings=\"{&quot;vlt_animated_widget_animation&quot;:&quot;none&quot;}\" data-widget_type=\"image.default\">\n\t\t\t\t<div class=\"elementor-widget-container\">\n\t\t\t\t\t\t\t\t\t\t\t\t\t\t\t<img fetchpriority=\"high\" decoding=\"async\" width=\"1024\" height=\"768\" src=\"https:\/\/greenball-events.ch\/wp-content\/uploads\/2024\/10\/IMG-20220919-WA0015-1024x768.jpg\" class=\"attachment-large size-large wp-image-989\" alt=\"Fan zone Hvar\" srcset=\"https:\/\/greenball-events.ch\/wp-content\/uploads\/2024\/10\/IMG-20220919-WA0015-1024x768.jpg 1024w, https:\/\/greenball-events.ch\/wp-content\/uploads\/2024\/10\/IMG-20220919-WA0015-300x225.jpg 300w, https:\/\/greenball-events.ch\/wp-content\/uploads\/2024\/10\/IMG-20220919-WA0015-768x576.jpg 768w, https:\/\/greenball-events.ch\/wp-content\/uploads\/2024\/10\/IMG-20220919-WA0015-1536x1152.jpg 1536w, https:\/\/greenball-events.ch\/wp-content\/uploads\/2024\/10\/IMG-20220919-WA0015-16x12.jpg 16w, https:\/\/greenball-events.ch\/wp-content\/uploads\/2024\/10\/IMG-20220919-WA0015-1920x1440.jpg 1920w, https:\/\/greenball-events.ch\/wp-content\/uploads\/2024\/10\/IMG-20220919-WA0015-800x600.jpg 800w, https:\/\/greenball-events.ch\/wp-content\/uploads\/2024\/10\/IMG-20220919-WA0015-1280x960.jpg 1280w, https:\/\/greenball-events.ch\/wp-content\/uploads\/2024\/10\/IMG-20220919-WA0015.jpg 2000w\" sizes=\"(max-width: 1024px) 100vw, 1024px\" \/>\t\t\t\t\t\t\t\t\t\t\t\t\t\t\t<\/div>\n\t\t\t\t<\/div>\n\t\t\t\t\t<\/div>\n\t\t\t\t<\/div>\n\t\t<div class=\"elementor-element elementor-element-7d8381e e-grid e-con-boxed e-con e-parent\" data-id=\"7d8381e\" data-element_type=\"container\" data-e-type=\"container\">\n\t\t\t\t\t<div class=\"e-con-inner\">\n\t\t\t\t<div class=\"elementor-element elementor-element-e3ebfcd elementor-widget elementor-widget-text-editor\" data-id=\"e3ebfcd\" data-element_type=\"widget\" data-e-type=\"widget\" data-settings=\"{&quot;vlt_animated_widget_animation&quot;:&quot;none&quot;}\" data-widget_type=\"text-editor.default\">\n\t\t\t\t<div class=\"elementor-widget-container\">\n\t\t\t\t\t\t\t\t\t<div id=\"panel-11-5-1-0\" class=\"so-panel widget widget_sow-headline panel-first-child\" data-index=\"13\"><div class=\"so-widget-sow-headline so-widget-sow-headline-default-818425466517-11\"><div class=\"sow-headline-container\"><h4 class=\"sow-headline\">DIVERSITE D&rsquo;ANIMATIONS<\/h4><\/div><\/div><\/div><div id=\"panel-11-5-1-1\" class=\"so-panel widget widget_sow-editor panel-last-child\" data-index=\"14\"><div class=\"panel-widget-style panel-widget-style-for-11-5-1-1\"><div class=\"so-widget-sow-editor so-widget-sow-editor-base\"><div class=\"siteorigin-widget-tinymce textwidget\"><p>W\u00e4hlen Sie aus unseren zahlreichen Animationen, um ein originelles Programm zu erstellen.<\/p><\/div><\/div><\/div><\/div>\t\t\t\t\t\t\t\t<\/div>\n\t\t\t\t<\/div>\n\t\t\t\t<div class=\"elementor-element elementor-element-60d6b7f elementor-widget elementor-widget-text-editor\" data-id=\"60d6b7f\" data-element_type=\"widget\" data-e-type=\"widget\" data-settings=\"{&quot;vlt_animated_widget_animation&quot;:&quot;none&quot;}\" data-widget_type=\"text-editor.default\">\n\t\t\t\t<div class=\"elementor-widget-container\">\n\t\t\t\t\t\t\t\t\t<div id=\"panel-11-5-2-0\" class=\"so-panel widget widget_sow-headline panel-first-child\" data-index=\"15\"><div class=\"so-widget-sow-headline so-widget-sow-headline-default-56922443fde0-11\"><div class=\"sow-headline-container\"><h4 class=\"sow-headline\">ERGEBNISANZEIGE<\/h4><\/div><\/div><\/div><div id=\"panel-11-5-2-1\" class=\"so-panel widget widget_sow-editor panel-last-child\" data-index=\"16\"><div class=\"panel-widget-style panel-widget-style-for-11-5-2-1\"><div class=\"so-widget-sow-editor so-widget-sow-editor-base\"><div class=\"siteorigin-widget-tinymce textwidget\"><p>Unsere vertikalen Bildschirme eignen sich hervorragend, um Live-Spielst\u00e4nde und Ranglisten anzuzeigen und den Wettbewerbs- und Spielkontext zu verst\u00e4rken.<\/p><\/div><\/div><\/div><\/div>\t\t\t\t\t\t\t\t<\/div>\n\t\t\t\t<\/div>\n\t\t\t\t\t<\/div>\n\t\t\t\t<\/div>\n\t\t<div class=\"elementor-element elementor-element-a77b2ee e-flex e-con-boxed e-con e-parent\" data-id=\"a77b2ee\" data-element_type=\"container\" data-e-type=\"container\">\n\t\t\t\t\t<div class=\"e-con-inner\">\n\t\t\t\t<div class=\"elementor-element elementor-element-a034984 elementor-widget elementor-widget-image\" data-id=\"a034984\" data-element_type=\"widget\" data-e-type=\"widget\" data-settings=\"{&quot;vlt_animated_widget_animation&quot;:&quot;none&quot;}\" data-widget_type=\"image.default\">\n\t\t\t\t<div class=\"elementor-widget-container\">\n\t\t\t\t\t\t\t\t\t\t\t\t\t\t\t<img decoding=\"async\" width=\"768\" height=\"600\" src=\"https:\/\/greenball-events.ch\/wp-content\/uploads\/2024\/10\/IMG20220713141352_rognee-768x600.jpg\" class=\"attachment-medium_large size-medium_large wp-image-992\" alt=\"Policier stand de tirs\" srcset=\"https:\/\/greenball-events.ch\/wp-content\/uploads\/2024\/10\/IMG20220713141352_rognee-768x600.jpg 768w, https:\/\/greenball-events.ch\/wp-content\/uploads\/2024\/10\/IMG20220713141352_rognee-300x234.jpg 300w, https:\/\/greenball-events.ch\/wp-content\/uploads\/2024\/10\/IMG20220713141352_rognee-1024x800.jpg 1024w, https:\/\/greenball-events.ch\/wp-content\/uploads\/2024\/10\/IMG20220713141352_rognee-1536x1200.jpg 1536w, https:\/\/greenball-events.ch\/wp-content\/uploads\/2024\/10\/IMG20220713141352_rognee-2048x1600.jpg 2048w, https:\/\/greenball-events.ch\/wp-content\/uploads\/2024\/10\/IMG20220713141352_rognee-15x12.jpg 15w, https:\/\/greenball-events.ch\/wp-content\/uploads\/2024\/10\/IMG20220713141352_rognee-1920x1500.jpg 1920w, https:\/\/greenball-events.ch\/wp-content\/uploads\/2024\/10\/IMG20220713141352_rognee-800x625.jpg 800w, https:\/\/greenball-events.ch\/wp-content\/uploads\/2024\/10\/IMG20220713141352_rognee-1280x1000.jpg 1280w\" sizes=\"(max-width: 768px) 100vw, 768px\" \/>\t\t\t\t\t\t\t\t\t\t\t\t\t\t\t<\/div>\n\t\t\t\t<\/div>\n\t\t\t\t\t<\/div>\n\t\t\t\t<\/div>\n\t\t<div class=\"elementor-element elementor-element-9d8dcce e-flex e-con-boxed e-con e-parent\" data-id=\"9d8dcce\" data-element_type=\"container\" data-e-type=\"container\">\n\t\t\t\t\t<div class=\"e-con-inner\">\n\t\t\t\t<div class=\"elementor-element elementor-element-f7e38c4 elementor-widget elementor-widget-text-editor\" data-id=\"f7e38c4\" data-element_type=\"widget\" data-e-type=\"widget\" data-settings=\"{&quot;vlt_animated_widget_animation&quot;:&quot;none&quot;}\" data-widget_type=\"text-editor.default\">\n\t\t\t\t<div class=\"elementor-widget-container\">\n\t\t\t\t\t\t\t\t\t<h5 class=\"western\">Unsere Aufblasbare k\u00f6nnen mit abnehmbaren Werbeplanen, die mit einem Klettverschluss-System befestigt werden, individuell gestaltet werden. Wir k\u00fcmmern uns um die Logistik, den Auf- und Abbau der Strukturen sowie die Animation an jedem der St\u00e4nde.<\/h5>\t\t\t\t\t\t\t\t<\/div>\n\t\t\t\t<\/div>\n\t\t\t\t<div class=\"elementor-element elementor-element-a59ce79 elementor-widget elementor-widget-vlt-button\" data-id=\"a59ce79\" data-element_type=\"widget\" data-e-type=\"widget\" data-settings=\"{&quot;vlt_animated_widget_animation&quot;:&quot;none&quot;}\" data-widget_type=\"vlt-button.default\">\n\t\t\t\t<div class=\"elementor-widget-container\">\n\t\t\t\t\t\n\t\t<a class=\"vlt-btn vlt-btn--primary\" role=\"button\" href=\"https:\/\/greenball-events.ch\/de\/#Contact\">\n\n\t\t\tFragen Sie nach einem Angebot.\n\t\t<\/a>\n\n\t\t\t\t\t\t<\/div>\n\t\t\t\t<\/div>\n\t\t\t\t\t<\/div>\n\t\t\t\t<\/div>\n\t\t<div class=\"elementor-element elementor-element-7a6a04b e-flex e-con-boxed e-con e-parent\" data-id=\"7a6a04b\" data-element_type=\"container\" data-e-type=\"container\">\n\t\t\t\t\t<div class=\"e-con-inner\">\n\t\t\t\t<div class=\"elementor-element elementor-element-cf25ca6 elementor-widget elementor-widget-spacer\" data-id=\"cf25ca6\" data-element_type=\"widget\" data-e-type=\"widget\" data-settings=\"{&quot;vlt_animated_widget_animation&quot;:&quot;none&quot;}\" data-widget_type=\"spacer.default\">\n\t\t\t\t<div class=\"elementor-widget-container\">\n\t\t\t\t\t\t\t<div class=\"elementor-spacer\">\n\t\t\t<div class=\"elementor-spacer-inner\"><\/div>\n\t\t<\/div>\n\t\t\t\t\t\t<\/div>\n\t\t\t\t<\/div>\n\t\t\t\t\t<\/div>\n\t\t\t\t<\/div>\n\t\t\t\t<\/div>","protected":false},"excerpt":{"rendered":"<p>Team building Un \u00e9v\u00e9nement sur mesure pour vos collaborateurs ! Exploitez tout le potentiel de nos animations sportives afin d&rsquo;organiser des team buildings originaux pour vos collaborateurs. Nos produits s&rsquo;incorporent parfaitement dans un dispositif d&rsquo;olympiades afin de cr\u00e9er un contexte comp\u00e9titif dans la bonne humeur pour renforcer les liens entre les membres de vos \u00e9quipes. [&hellip;]<\/p>\n","protected":false},"author":1,"featured_media":0,"parent":0,"menu_order":0,"comment_status":"closed","ping_status":"closed","template":"elementor_header_footer","meta":{"footnotes":""},"class_list":["post-985","page","type-page","status-publish","hentry"],"_links":{"self":[{"href":"https:\/\/greenball-events.ch\/de\/wp-json\/wp\/v2\/pages\/985","targetHints":{"allow":["GET"]}}],"collection":[{"href":"https:\/\/greenball-events.ch\/de\/wp-json\/wp\/v2\/pages"}],"about":[{"href":"https:\/\/greenball-events.ch\/de\/wp-json\/wp\/v2\/types\/page"}],"author":[{"embeddable":true,"href":"https:\/\/greenball-events.ch\/de\/wp-json\/wp\/v2\/users\/1"}],"replies":[{"embeddable":true,"href":"https:\/\/greenball-events.ch\/de\/wp-json\/wp\/v2\/comments?post=985"}],"version-history":[{"count":7,"href":"https:\/\/greenball-events.ch\/de\/wp-json\/wp\/v2\/pages\/985\/revisions"}],"predecessor-version":[{"id":1331,"href":"https:\/\/greenball-events.ch\/de\/wp-json\/wp\/v2\/pages\/985\/revisions\/1331"}],"wp:attachment":[{"href":"https:\/\/greenball-events.ch\/de\/wp-json\/wp\/v2\/media?parent=985"}],"curies":[{"name":"wp","href":"https:\/\/api.w.org\/{rel}","templated":true}]}}