{"id":718,"date":"2024-09-16T14:25:20","date_gmt":"2024-09-16T14:25:20","guid":{"rendered":"https:\/\/greenball-events.ch\/?page_id=718"},"modified":"2024-09-18T14:00:29","modified_gmt":"2024-09-18T14:00:29","slug":"parcours-technique","status":"publish","type":"page","link":"https:\/\/greenball-events.ch\/de\/parcours-technique\/","title":{"rendered":"Technischer Kurs"},"content":{"rendered":"<div data-elementor-type=\"wp-page\" data-elementor-id=\"718\" class=\"elementor elementor-718\" data-elementor-post-type=\"page\">\n\t\t\t\t<div class=\"elementor-element elementor-element-748a8cf e-flex e-con-boxed e-con e-parent\" data-id=\"748a8cf\" data-element_type=\"container\" data-e-type=\"container\">\n\t\t\t\t\t<div class=\"e-con-inner\">\n\t\t\t\t<div class=\"elementor-element elementor-element-c9bae8c elementor-widget elementor-widget-spacer\" data-id=\"c9bae8c\" data-element_type=\"widget\" data-e-type=\"widget\" data-settings=\"{&quot;vlt_animated_widget_animation&quot;:&quot;none&quot;}\" data-widget_type=\"spacer.default\">\n\t\t\t\t<div class=\"elementor-widget-container\">\n\t\t\t\t\t\t\t<div class=\"elementor-spacer\">\n\t\t\t<div class=\"elementor-spacer-inner\"><\/div>\n\t\t<\/div>\n\t\t\t\t\t\t<\/div>\n\t\t\t\t<\/div>\n\t\t\t\t\t<\/div>\n\t\t\t\t<\/div>\n\t\t<div class=\"elementor-element elementor-element-206fe46 e-flex e-con-boxed e-con e-parent\" data-id=\"206fe46\" data-element_type=\"container\" data-e-type=\"container\">\n\t\t\t\t\t<div class=\"e-con-inner\">\n\t\t\t\t<div class=\"elementor-element elementor-element-31ed01f elementor-widget elementor-widget-heading\" data-id=\"31ed01f\" data-element_type=\"widget\" data-e-type=\"widget\" data-settings=\"{&quot;vlt_animated_widget_animation&quot;:&quot;none&quot;}\" data-widget_type=\"heading.default\">\n\t\t\t\t<div class=\"elementor-widget-container\">\n\t\t\t\t\t<h2 class=\"elementor-heading-title elementor-size-default\">Technischer Kurs<\/h2>\t\t\t\t<\/div>\n\t\t\t\t<\/div>\n\t\t\t\t\t<\/div>\n\t\t\t\t<\/div>\n\t\t<div class=\"elementor-element elementor-element-fd5d502 e-flex e-con-boxed e-con e-parent\" data-id=\"fd5d502\" data-element_type=\"container\" data-e-type=\"container\">\n\t\t\t\t\t<div class=\"e-con-inner\">\n\t\t\t\t\t<\/div>\n\t\t\t\t<\/div>\n\t\t<div class=\"elementor-element elementor-element-652868f e-grid e-con-boxed e-con e-parent\" data-id=\"652868f\" data-element_type=\"container\" data-e-type=\"container\">\n\t\t\t\t\t<div class=\"e-con-inner\">\n\t\t\t\t<div class=\"elementor-element elementor-element-e5d3034 elementor-widget elementor-widget-image\" data-id=\"e5d3034\" data-element_type=\"widget\" data-e-type=\"widget\" data-settings=\"{&quot;vlt_animated_widget_animation&quot;:&quot;none&quot;}\" data-widget_type=\"image.default\">\n\t\t\t\t<div class=\"elementor-widget-container\">\n\t\t\t\t\t\t\t\t\t\t\t\t\t\t\t<img fetchpriority=\"high\" decoding=\"async\" width=\"1024\" height=\"768\" src=\"https:\/\/greenball-events.ch\/wp-content\/uploads\/2024\/09\/IMG20220919161016-1024x768.jpg\" class=\"attachment-large size-large wp-image-893\" alt=\"Parcours technique UEFA Grassroots\" srcset=\"https:\/\/greenball-events.ch\/wp-content\/uploads\/2024\/09\/IMG20220919161016-1024x768.jpg 1024w, https:\/\/greenball-events.ch\/wp-content\/uploads\/2024\/09\/IMG20220919161016-300x225.jpg 300w, https:\/\/greenball-events.ch\/wp-content\/uploads\/2024\/09\/IMG20220919161016-768x576.jpg 768w, https:\/\/greenball-events.ch\/wp-content\/uploads\/2024\/09\/IMG20220919161016-1536x1152.jpg 1536w, https:\/\/greenball-events.ch\/wp-content\/uploads\/2024\/09\/IMG20220919161016-2048x1536.jpg 2048w, https:\/\/greenball-events.ch\/wp-content\/uploads\/2024\/09\/IMG20220919161016-16x12.jpg 16w, https:\/\/greenball-events.ch\/wp-content\/uploads\/2024\/09\/IMG20220919161016-1920x1440.jpg 1920w, https:\/\/greenball-events.ch\/wp-content\/uploads\/2024\/09\/IMG20220919161016-800x600.jpg 800w, https:\/\/greenball-events.ch\/wp-content\/uploads\/2024\/09\/IMG20220919161016-1280x960.jpg 1280w\" sizes=\"(max-width: 1024px) 100vw, 1024px\" \/>\t\t\t\t\t\t\t\t\t\t\t\t\t\t\t<\/div>\n\t\t\t\t<\/div>\n\t\t\t\t<div class=\"elementor-element elementor-element-9854cdd elementor-widget elementor-widget-image\" data-id=\"9854cdd\" data-element_type=\"widget\" data-e-type=\"widget\" data-settings=\"{&quot;vlt_animated_widget_animation&quot;:&quot;none&quot;}\" data-widget_type=\"image.default\">\n\t\t\t\t<div class=\"elementor-widget-container\">\n\t\t\t\t\t\t\t\t\t\t\t\t\t\t\t<img decoding=\"async\" width=\"1024\" height=\"767\" src=\"https:\/\/greenball-events.ch\/wp-content\/uploads\/2024\/09\/20220524_115743_rognee-3-1024x767.jpg\" class=\"attachment-large size-large wp-image-901\" alt=\"Parcours technique UEFA CONFERENCE LEAGUE\" srcset=\"https:\/\/greenball-events.ch\/wp-content\/uploads\/2024\/09\/20220524_115743_rognee-3-1024x767.jpg 1024w, https:\/\/greenball-events.ch\/wp-content\/uploads\/2024\/09\/20220524_115743_rognee-3-300x225.jpg 300w, https:\/\/greenball-events.ch\/wp-content\/uploads\/2024\/09\/20220524_115743_rognee-3-768x575.jpg 768w, https:\/\/greenball-events.ch\/wp-content\/uploads\/2024\/09\/20220524_115743_rognee-3-1536x1151.jpg 1536w, https:\/\/greenball-events.ch\/wp-content\/uploads\/2024\/09\/20220524_115743_rognee-3-2048x1535.jpg 2048w, https:\/\/greenball-events.ch\/wp-content\/uploads\/2024\/09\/20220524_115743_rognee-3-16x12.jpg 16w, https:\/\/greenball-events.ch\/wp-content\/uploads\/2024\/09\/20220524_115743_rognee-3-1920x1439.jpg 1920w, https:\/\/greenball-events.ch\/wp-content\/uploads\/2024\/09\/20220524_115743_rognee-3-800x599.jpg 800w, https:\/\/greenball-events.ch\/wp-content\/uploads\/2024\/09\/20220524_115743_rognee-3-1280x959.jpg 1280w\" sizes=\"(max-width: 1024px) 100vw, 1024px\" \/>\t\t\t\t\t\t\t\t\t\t\t\t\t\t\t<\/div>\n\t\t\t\t<\/div>\n\t\t\t\t\t<\/div>\n\t\t\t\t<\/div>\n\t\t<div class=\"elementor-element elementor-element-e656c5f e-flex e-con-boxed e-con e-parent\" data-id=\"e656c5f\" data-element_type=\"container\" data-e-type=\"container\">\n\t\t\t\t\t<div class=\"e-con-inner\">\n\t\t\t\t<div class=\"elementor-element elementor-element-e9966f1 elementor-widget elementor-widget-text-editor\" data-id=\"e9966f1\" data-element_type=\"widget\" data-e-type=\"widget\" data-settings=\"{&quot;vlt_animated_widget_animation&quot;:&quot;none&quot;}\" data-widget_type=\"text-editor.default\">\n\t\t\t\t<div class=\"elementor-widget-container\">\n\t\t\t\t\t\t\t\t\t<h5>Der technischste Stand in unserem Katalog!<\/h5><p>Versuche, um die \"Silhouettenspieler\" herum zu dribbeln und Slalom zu laufen, und bewerte deine Treffsicherheit, indem du in die Lochplane schiesst!<\/p><p>Die Gr\u00f6sse des modulierbaren Parcours und die Struktur, die sowohl an den Konturen als auch am K\u00e4fig individuell gestaltet werden kann, machen diese Animation zu einem echten Kommunikationsmittel.\u00a0<span style=\"text-align: var(--text-align); font-size: 1rem;\">Auch die Silhouetten sind vollst\u00e4ndig anpassbar: Schablone und Visualisierung.<\/span><\/p>\t\t\t\t\t\t\t\t<\/div>\n\t\t\t\t<\/div>\n\t\t\t\t\t<\/div>\n\t\t\t\t<\/div>\n\t\t<div class=\"elementor-element elementor-element-e06527c e-flex e-con-boxed e-con e-parent\" data-id=\"e06527c\" data-element_type=\"container\" data-e-type=\"container\">\n\t\t\t\t\t<div class=\"e-con-inner\">\n\t\t\t\t<div class=\"elementor-element elementor-element-9f06272 elementor-widget elementor-widget-text-editor\" data-id=\"9f06272\" data-element_type=\"widget\" data-e-type=\"widget\" data-settings=\"{&quot;vlt_animated_widget_animation&quot;:&quot;none&quot;}\" data-widget_type=\"text-editor.default\">\n\t\t\t\t<div class=\"elementor-widget-container\">\n\t\t\t\t\t\t\t\t\t<h5 class=\"western\">Unsere Aufblasbare k\u00f6nnen mit abnehmbaren Werbeplanen, die mit einem Klettverschluss-System befestigt werden, individuell gestaltet werden. Wir k\u00fcmmern uns um die Logistik, den Auf- und Abbau der Strukturen sowie die Animation an jedem der St\u00e4nde.<\/h5>\t\t\t\t\t\t\t\t<\/div>\n\t\t\t\t<\/div>\n\t\t\t\t\t<\/div>\n\t\t\t\t<\/div>\n\t\t<div class=\"elementor-element elementor-element-c1ffdcc e-flex e-con-boxed e-con e-parent\" data-id=\"c1ffdcc\" data-element_type=\"container\" data-e-type=\"container\">\n\t\t\t\t\t<div class=\"e-con-inner\">\n\t\t\t\t<div class=\"elementor-element elementor-element-f66783a elementor-widget elementor-widget-vlt-button\" data-id=\"f66783a\" data-element_type=\"widget\" data-e-type=\"widget\" data-settings=\"{&quot;vlt_animated_widget_animation&quot;:&quot;none&quot;}\" data-widget_type=\"vlt-button.default\">\n\t\t\t\t<div class=\"elementor-widget-container\">\n\t\t\t\t\t\n\t\t<a class=\"vlt-btn vlt-btn--primary\" role=\"button\" href=\"https:\/\/greenball-events.ch\/de\/#Contact\">\n\n\t\t\tFragen Sie nach einem Angebot.\n\t\t<\/a>\n\n\t\t\t\t\t\t<\/div>\n\t\t\t\t<\/div>\n\t\t\t\t<div class=\"elementor-element elementor-element-ffe6cac elementor-widget elementor-widget-spacer\" data-id=\"ffe6cac\" data-element_type=\"widget\" data-e-type=\"widget\" data-settings=\"{&quot;vlt_animated_widget_animation&quot;:&quot;none&quot;}\" data-widget_type=\"spacer.default\">\n\t\t\t\t<div class=\"elementor-widget-container\">\n\t\t\t\t\t\t\t<div class=\"elementor-spacer\">\n\t\t\t<div class=\"elementor-spacer-inner\"><\/div>\n\t\t<\/div>\n\t\t\t\t\t\t<\/div>\n\t\t\t\t<\/div>\n\t\t\t\t\t<\/div>\n\t\t\t\t<\/div>\n\t\t\t\t<\/div>","protected":false},"excerpt":{"rendered":"<p>Parcours technique Le stand le plus technique de notre catalogue ! Tentez de dribbler et slalomer autour des \u00ab joueurs silhouettes \u00bb et \u00e9valuez votre pr\u00e9cision en tirant dans la b\u00e2che \u00e0 trous ! La taille du parcours modulable, la structure personnalisable sur les contours comme sur la cage font de cette animation un v\u00e9ritable [&hellip;]<\/p>\n","protected":false},"author":1,"featured_media":0,"parent":0,"menu_order":0,"comment_status":"closed","ping_status":"closed","template":"elementor_header_footer","meta":{"footnotes":""},"class_list":["post-718","page","type-page","status-publish","hentry"],"_links":{"self":[{"href":"https:\/\/greenball-events.ch\/de\/wp-json\/wp\/v2\/pages\/718","targetHints":{"allow":["GET"]}}],"collection":[{"href":"https:\/\/greenball-events.ch\/de\/wp-json\/wp\/v2\/pages"}],"about":[{"href":"https:\/\/greenball-events.ch\/de\/wp-json\/wp\/v2\/types\/page"}],"author":[{"embeddable":true,"href":"https:\/\/greenball-events.ch\/de\/wp-json\/wp\/v2\/users\/1"}],"replies":[{"embeddable":true,"href":"https:\/\/greenball-events.ch\/de\/wp-json\/wp\/v2\/comments?post=718"}],"version-history":[{"count":16,"href":"https:\/\/greenball-events.ch\/de\/wp-json\/wp\/v2\/pages\/718\/revisions"}],"predecessor-version":[{"id":904,"href":"https:\/\/greenball-events.ch\/de\/wp-json\/wp\/v2\/pages\/718\/revisions\/904"}],"wp:attachment":[{"href":"https:\/\/greenball-events.ch\/de\/wp-json\/wp\/v2\/media?parent=718"}],"curies":[{"name":"wp","href":"https:\/\/api.w.org\/{rel}","templated":true}]}}