{"id":713,"date":"2024-09-16T14:23:41","date_gmt":"2024-09-16T14:23:41","guid":{"rendered":"https:\/\/greenball-events.ch\/?page_id=713"},"modified":"2024-09-19T08:03:36","modified_gmt":"2024-09-19T08:03:36","slug":"stand-de-tirs","status":"publish","type":"page","link":"https:\/\/greenball-events.ch\/de\/stand-de-tirs\/","title":{"rendered":"Torwand"},"content":{"rendered":"<div data-elementor-type=\"wp-page\" data-elementor-id=\"713\" class=\"elementor elementor-713\" data-elementor-post-type=\"page\">\n\t\t\t\t<div class=\"elementor-element elementor-element-5144818 e-flex e-con-boxed e-con e-parent\" data-id=\"5144818\" data-element_type=\"container\" data-e-type=\"container\">\n\t\t\t\t\t<div class=\"e-con-inner\">\n\t\t\t\t<div class=\"elementor-element elementor-element-e089555 elementor-widget elementor-widget-spacer\" data-id=\"e089555\" data-element_type=\"widget\" data-e-type=\"widget\" data-settings=\"{&quot;vlt_animated_widget_animation&quot;:&quot;none&quot;}\" data-widget_type=\"spacer.default\">\n\t\t\t\t<div class=\"elementor-widget-container\">\n\t\t\t\t\t\t\t<div class=\"elementor-spacer\">\n\t\t\t<div class=\"elementor-spacer-inner\"><\/div>\n\t\t<\/div>\n\t\t\t\t\t\t<\/div>\n\t\t\t\t<\/div>\n\t\t\t\t\t<\/div>\n\t\t\t\t<\/div>\n\t\t<div class=\"elementor-element elementor-element-33976f4 e-flex e-con-boxed e-con e-parent\" data-id=\"33976f4\" data-element_type=\"container\" data-e-type=\"container\">\n\t\t\t\t\t<div class=\"e-con-inner\">\n\t\t\t\t<div class=\"elementor-element elementor-element-a46a8f0 elementor-widget elementor-widget-heading\" data-id=\"a46a8f0\" data-element_type=\"widget\" data-e-type=\"widget\" data-settings=\"{&quot;vlt_animated_widget_animation&quot;:&quot;none&quot;}\" data-widget_type=\"heading.default\">\n\t\t\t\t<div class=\"elementor-widget-container\">\n\t\t\t\t\t<h2 class=\"elementor-heading-title elementor-size-default\">Torwand <\/h2>\t\t\t\t<\/div>\n\t\t\t\t<\/div>\n\t\t\t\t\t<\/div>\n\t\t\t\t<\/div>\n\t\t<div class=\"elementor-element elementor-element-112db99 e-flex e-con-boxed e-con e-parent\" data-id=\"112db99\" data-element_type=\"container\" data-e-type=\"container\">\n\t\t\t\t\t<div class=\"e-con-inner\">\n\t\t\t\t<div class=\"elementor-element elementor-element-92592ff elementor-widget elementor-widget-image\" data-id=\"92592ff\" data-element_type=\"widget\" data-e-type=\"widget\" data-settings=\"{&quot;vlt_animated_widget_animation&quot;:&quot;none&quot;}\" data-widget_type=\"image.default\">\n\t\t\t\t<div class=\"elementor-widget-container\">\n\t\t\t\t\t\t\t\t\t\t\t\t\t\t\t<img fetchpriority=\"high\" decoding=\"async\" width=\"1024\" height=\"684\" src=\"https:\/\/greenball-events.ch\/wp-content\/uploads\/2024\/09\/DSC00861-1024x684.jpg\" class=\"attachment-large size-large wp-image-638\" alt=\"Stand de tirs\" srcset=\"https:\/\/greenball-events.ch\/wp-content\/uploads\/2024\/09\/DSC00861-1024x684.jpg 1024w, https:\/\/greenball-events.ch\/wp-content\/uploads\/2024\/09\/DSC00861-300x200.jpg 300w, https:\/\/greenball-events.ch\/wp-content\/uploads\/2024\/09\/DSC00861-768x513.jpg 768w, https:\/\/greenball-events.ch\/wp-content\/uploads\/2024\/09\/DSC00861-1536x1026.jpg 1536w, https:\/\/greenball-events.ch\/wp-content\/uploads\/2024\/09\/DSC00861-2048x1368.jpg 2048w, https:\/\/greenball-events.ch\/wp-content\/uploads\/2024\/09\/DSC00861-18x12.jpg 18w, https:\/\/greenball-events.ch\/wp-content\/uploads\/2024\/09\/DSC00861-1920x1283.jpg 1920w, https:\/\/greenball-events.ch\/wp-content\/uploads\/2024\/09\/DSC00861-800x534.jpg 800w, https:\/\/greenball-events.ch\/wp-content\/uploads\/2024\/09\/DSC00861-1280x855.jpg 1280w\" sizes=\"(max-width: 1024px) 100vw, 1024px\" \/>\t\t\t\t\t\t\t\t\t\t\t\t\t\t\t<\/div>\n\t\t\t\t<\/div>\n\t\t\t\t\t<\/div>\n\t\t\t\t<\/div>\n\t\t<div class=\"elementor-element elementor-element-82eaf9c e-flex e-con-boxed e-con e-parent\" data-id=\"82eaf9c\" data-element_type=\"container\" data-e-type=\"container\">\n\t\t\t\t\t<div class=\"e-con-inner\">\n\t\t\t\t<div class=\"elementor-element elementor-element-7f2aa81 elementor-widget elementor-widget-text-editor\" data-id=\"7f2aa81\" data-element_type=\"widget\" data-e-type=\"widget\" data-settings=\"{&quot;vlt_animated_widget_animation&quot;:&quot;none&quot;}\" data-widget_type=\"text-editor.default\">\n\t\t\t\t<div class=\"elementor-widget-container\">\n\t\t\t\t\t\t\t\t\t<p>Ce but de football gonflable est le produit parfait pour mettre en place un stand de tirs au but sur un \u00e9v\u00e9nement sportif. Disponible avec une\u00a0b\u00e2che de pr\u00e9cision\u00a0ou un\u00a0radar de vitesse, il vous offre la possibilit\u00e9 d&rsquo;installer deux ateliers diff\u00e9rents.<\/p><p>La structure gonflable poss\u00e8de des attaches qui permettent de\u00a0personnaliser totalement la barre et les poteaux du but. Au total vous pourrez offrir jusqu&rsquo;\u00e0 7m lin\u00e9aires de visibilit\u00e9 \u00e0 vos partenaires.<\/p>\t\t\t\t\t\t\t\t<\/div>\n\t\t\t\t<\/div>\n\t\t\t\t\t<\/div>\n\t\t\t\t<\/div>\n\t\t<div class=\"elementor-element elementor-element-38e6bfb e-grid e-con-boxed e-con e-parent\" data-id=\"38e6bfb\" data-element_type=\"container\" data-e-type=\"container\">\n\t\t\t\t\t<div class=\"e-con-inner\">\n\t\t\t\t<div class=\"elementor-element elementor-element-7ee4adb elementor-widget elementor-widget-text-editor\" data-id=\"7ee4adb\" data-element_type=\"widget\" data-e-type=\"widget\" data-settings=\"{&quot;vlt_animated_widget_animation&quot;:&quot;none&quot;}\" data-widget_type=\"text-editor.default\">\n\t\t\t\t<div class=\"elementor-widget-container\">\n\t\t\t\t\t\t\t\t\t<div id=\"panel-11-5-1-0\" class=\"so-panel widget widget_sow-headline panel-first-child\" data-index=\"13\"><div class=\"so-widget-sow-headline so-widget-sow-headline-default-818425466517-11\"><div class=\"sow-headline-container\"><h4 class=\"sow-headline\">Pr\u00e4zision Torwand<\/h4><\/div><\/div><\/div><div id=\"panel-11-5-1-1\" class=\"so-panel widget widget_sow-editor panel-last-child\" data-index=\"14\"><div class=\"panel-widget-style panel-widget-style-for-11-5-1-1\"><div class=\"so-widget-sow-editor so-widget-sow-editor-base\"><div class=\"siteorigin-widget-tinymce textwidget\"><p>Le stand de tirs de pr\u00e9cision est une animation facile \u00e0 comprendre qui a toujours du succ\u00e8s sur une fan zone. Le principe est tr\u00e8s simple, il faut viser l&rsquo;un des 5 trous de la b\u00e2che de pr\u00e9cision.<\/p><p>Die Ziele sind mehr oder weniger schwer zu treffen. So ist dieser Stand auch f\u00fcr kleine Kinder zug\u00e4nglich, kann aber auch f\u00fcr regelm\u00e4ssige Fussballer herausfordernd sein.<\/p><\/div><\/div><\/div><\/div>\t\t\t\t\t\t\t\t<\/div>\n\t\t\t\t<\/div>\n\t\t\t\t<div class=\"elementor-element elementor-element-864b858 elementor-widget elementor-widget-text-editor\" data-id=\"864b858\" data-element_type=\"widget\" data-e-type=\"widget\" data-settings=\"{&quot;vlt_animated_widget_animation&quot;:&quot;none&quot;}\" data-widget_type=\"text-editor.default\">\n\t\t\t\t<div class=\"elementor-widget-container\">\n\t\t\t\t\t\t\t\t\t<div id=\"panel-11-5-2-0\" class=\"so-panel widget widget_sow-headline panel-first-child\" data-index=\"15\">\n<div class=\"so-widget-sow-headline so-widget-sow-headline-default-56922443fde0-11\">\n<div class=\"sow-headline-container\">\n<h4 class=\"sow-headline\">Geschwindigkeit Torwand<\/h4>\n<\/div>\n<\/div>\n<\/div>\n<div id=\"panel-11-5-2-1\" class=\"so-panel widget widget_sow-editor panel-last-child\" data-index=\"16\">\n<div class=\"panel-widget-style panel-widget-style-for-11-5-2-1\">\n<div class=\"so-widget-sow-editor so-widget-sow-editor-base\">\n<div class=\"siteorigin-widget-tinymce textwidget\">\n<p>Bei dieser Fussball-Elfmeterschiessen-Animation wird die Geschwindigkeit des Balltreffers der Teilnehmer gemessen.&nbsp;<span style=\"text-align: var(--text-align); font-size: 1rem;\">Das Radar berechnet und zeigt auf einem Bildschirm die Geschwindigkeit, die der Ball beim Schlag erreicht, mit einer Genauigkeit von +\/- 1 km\/h an.<\/span><\/p>\n<p>Dieser Fussballanimationsstand, der f\u00fcr jedes Publikum zug\u00e4nglich ist, ist auf jeder Veranstaltung ein Erfolg.<\/p>\n<\/div>\n<\/div>\n<\/div>\n<\/div>\t\t\t\t\t\t\t\t<\/div>\n\t\t\t\t<\/div>\n\t\t\t\t<div class=\"elementor-element elementor-element-c46afc7 elementor-widget elementor-widget-image\" data-id=\"c46afc7\" data-element_type=\"widget\" data-e-type=\"widget\" data-settings=\"{&quot;vlt_animated_widget_animation&quot;:&quot;none&quot;}\" data-widget_type=\"image.default\">\n\t\t\t\t<div class=\"elementor-widget-container\">\n\t\t\t\t\t\t\t\t\t\t\t\t\t\t\t<img decoding=\"async\" width=\"1024\" height=\"683\" src=\"https:\/\/greenball-events.ch\/wp-content\/uploads\/2024\/09\/A1mMZPtzaC99HoS7ssV3Tu-1024x683.jpg\" class=\"attachment-large size-large wp-image-634\" alt=\"Tirs de pr\u00e9cision\" srcset=\"https:\/\/greenball-events.ch\/wp-content\/uploads\/2024\/09\/A1mMZPtzaC99HoS7ssV3Tu-1024x683.jpg 1024w, https:\/\/greenball-events.ch\/wp-content\/uploads\/2024\/09\/A1mMZPtzaC99HoS7ssV3Tu-300x200.jpg 300w, https:\/\/greenball-events.ch\/wp-content\/uploads\/2024\/09\/A1mMZPtzaC99HoS7ssV3Tu-768x512.jpg 768w, https:\/\/greenball-events.ch\/wp-content\/uploads\/2024\/09\/A1mMZPtzaC99HoS7ssV3Tu-18x12.jpg 18w, https:\/\/greenball-events.ch\/wp-content\/uploads\/2024\/09\/A1mMZPtzaC99HoS7ssV3Tu-800x533.jpg 800w, https:\/\/greenball-events.ch\/wp-content\/uploads\/2024\/09\/A1mMZPtzaC99HoS7ssV3Tu.jpg 1200w\" sizes=\"(max-width: 1024px) 100vw, 1024px\" \/>\t\t\t\t\t\t\t\t\t\t\t\t\t\t\t<\/div>\n\t\t\t\t<\/div>\n\t\t\t\t<div class=\"elementor-element elementor-element-a877edd elementor-widget elementor-widget-image\" data-id=\"a877edd\" data-element_type=\"widget\" data-e-type=\"widget\" data-settings=\"{&quot;vlt_animated_widget_animation&quot;:&quot;none&quot;}\" data-widget_type=\"image.default\">\n\t\t\t\t<div class=\"elementor-widget-container\">\n\t\t\t\t\t\t\t\t\t\t\t\t\t\t\t<img decoding=\"async\" width=\"959\" height=\"541\" src=\"https:\/\/greenball-events.ch\/wp-content\/uploads\/2024\/09\/tir_puissance_football.jpg\" class=\"attachment-large size-large wp-image-637\" alt=\"Tirs de puissance\" srcset=\"https:\/\/greenball-events.ch\/wp-content\/uploads\/2024\/09\/tir_puissance_football.jpg 959w, https:\/\/greenball-events.ch\/wp-content\/uploads\/2024\/09\/tir_puissance_football-300x169.jpg 300w, https:\/\/greenball-events.ch\/wp-content\/uploads\/2024\/09\/tir_puissance_football-768x433.jpg 768w, https:\/\/greenball-events.ch\/wp-content\/uploads\/2024\/09\/tir_puissance_football-18x10.jpg 18w, https:\/\/greenball-events.ch\/wp-content\/uploads\/2024\/09\/tir_puissance_football-800x451.jpg 800w\" sizes=\"(max-width: 959px) 100vw, 959px\" \/>\t\t\t\t\t\t\t\t\t\t\t\t\t\t\t<\/div>\n\t\t\t\t<\/div>\n\t\t\t\t\t<\/div>\n\t\t\t\t<\/div>\n\t\t<div class=\"elementor-element elementor-element-9dd395d e-flex e-con-boxed e-con e-parent\" data-id=\"9dd395d\" data-element_type=\"container\" data-e-type=\"container\">\n\t\t\t\t\t<div class=\"e-con-inner\">\n\t\t\t\t<div class=\"elementor-element elementor-element-4698da0 elementor-widget elementor-widget-text-editor\" data-id=\"4698da0\" data-element_type=\"widget\" data-e-type=\"widget\" data-settings=\"{&quot;vlt_animated_widget_animation&quot;:&quot;none&quot;}\" data-widget_type=\"text-editor.default\">\n\t\t\t\t<div class=\"elementor-widget-container\">\n\t\t\t\t\t\t\t\t\t<h5 class=\"western\">Unsere Aufblasbare k\u00f6nnen mit abnehmbaren Werbeplanen, die mit einem Klettverschluss-System befestigt werden, individuell gestaltet werden. Wir k\u00fcmmern uns um die Logistik, den Auf- und Abbau der Strukturen sowie die Animation an jedem der St\u00e4nde.<\/h5>\t\t\t\t\t\t\t\t<\/div>\n\t\t\t\t<\/div>\n\t\t\t\t<div class=\"elementor-element elementor-element-8081bc7 elementor-widget elementor-widget-vlt-button\" data-id=\"8081bc7\" data-element_type=\"widget\" data-e-type=\"widget\" data-settings=\"{&quot;vlt_animated_widget_animation&quot;:&quot;none&quot;}\" data-widget_type=\"vlt-button.default\">\n\t\t\t\t<div class=\"elementor-widget-container\">\n\t\t\t\t\t\n\t\t<a class=\"vlt-btn vlt-btn--primary\" role=\"button\" href=\"https:\/\/greenball-events.ch\/de\/#Contact\">\n\n\t\t\tFragen Sie nach einem Angebot.\n\t\t<\/a>\n\n\t\t\t\t\t\t<\/div>\n\t\t\t\t<\/div>\n\t\t\t\t\t<\/div>\n\t\t\t\t<\/div>\n\t\t<div class=\"elementor-element elementor-element-3d4740c e-flex e-con-boxed e-con e-parent\" data-id=\"3d4740c\" data-element_type=\"container\" data-e-type=\"container\">\n\t\t\t\t\t<div class=\"e-con-inner\">\n\t\t\t\t<div class=\"elementor-element elementor-element-2cb6236 elementor-widget elementor-widget-spacer\" data-id=\"2cb6236\" data-element_type=\"widget\" data-e-type=\"widget\" data-settings=\"{&quot;vlt_animated_widget_animation&quot;:&quot;none&quot;}\" data-widget_type=\"spacer.default\">\n\t\t\t\t<div class=\"elementor-widget-container\">\n\t\t\t\t\t\t\t<div class=\"elementor-spacer\">\n\t\t\t<div class=\"elementor-spacer-inner\"><\/div>\n\t\t<\/div>\n\t\t\t\t\t\t<\/div>\n\t\t\t\t<\/div>\n\t\t\t\t\t<\/div>\n\t\t\t\t<\/div>\n\t\t\t\t<\/div>","protected":false},"excerpt":{"rendered":"<p>Stand de tirs Ce but de football gonflable est le produit parfait pour mettre en place un stand de tirs au but sur un \u00e9v\u00e9nement sportif. Disponible avec une\u00a0b\u00e2che de pr\u00e9cision\u00a0ou un\u00a0radar de vitesse, il vous offre la possibilit\u00e9 d&rsquo;installer deux ateliers diff\u00e9rents. La structure gonflable poss\u00e8de des attaches qui permettent de\u00a0personnaliser totalement la barre [&hellip;]<\/p>\n","protected":false},"author":1,"featured_media":0,"parent":0,"menu_order":0,"comment_status":"closed","ping_status":"closed","template":"elementor_header_footer","meta":{"footnotes":""},"class_list":["post-713","page","type-page","status-publish","hentry"],"_links":{"self":[{"href":"https:\/\/greenball-events.ch\/de\/wp-json\/wp\/v2\/pages\/713","targetHints":{"allow":["GET"]}}],"collection":[{"href":"https:\/\/greenball-events.ch\/de\/wp-json\/wp\/v2\/pages"}],"about":[{"href":"https:\/\/greenball-events.ch\/de\/wp-json\/wp\/v2\/types\/page"}],"author":[{"embeddable":true,"href":"https:\/\/greenball-events.ch\/de\/wp-json\/wp\/v2\/users\/1"}],"replies":[{"embeddable":true,"href":"https:\/\/greenball-events.ch\/de\/wp-json\/wp\/v2\/comments?post=713"}],"version-history":[{"count":19,"href":"https:\/\/greenball-events.ch\/de\/wp-json\/wp\/v2\/pages\/713\/revisions"}],"predecessor-version":[{"id":925,"href":"https:\/\/greenball-events.ch\/de\/wp-json\/wp\/v2\/pages\/713\/revisions\/925"}],"wp:attachment":[{"href":"https:\/\/greenball-events.ch\/de\/wp-json\/wp\/v2\/media?parent=713"}],"curies":[{"name":"wp","href":"https:\/\/api.w.org\/{rel}","templated":true}]}}