{"id":708,"date":"2024-09-16T14:21:03","date_gmt":"2024-09-16T14:21:03","guid":{"rendered":"https:\/\/greenball-events.ch\/?page_id=708"},"modified":"2024-09-19T07:37:16","modified_gmt":"2024-09-19T07:37:16","slug":"foot-flechettes","status":"publish","type":"page","link":"https:\/\/greenball-events.ch\/de\/foot-flechettes\/","title":{"rendered":"Fussball Dart"},"content":{"rendered":"<div data-elementor-type=\"wp-page\" data-elementor-id=\"708\" class=\"elementor elementor-708\" data-elementor-post-type=\"page\">\n\t\t\t\t<div class=\"elementor-element elementor-element-4b06fd3 e-flex e-con-boxed e-con e-parent\" data-id=\"4b06fd3\" data-element_type=\"container\" data-e-type=\"container\">\n\t\t\t\t\t<div class=\"e-con-inner\">\n\t\t<div class=\"elementor-element elementor-element-59d64f9 e-con-full e-flex e-con e-child\" data-id=\"59d64f9\" data-element_type=\"container\" data-e-type=\"container\">\n\t\t\t\t<div class=\"elementor-element elementor-element-43f8032 elementor-widget elementor-widget-spacer\" data-id=\"43f8032\" data-element_type=\"widget\" data-e-type=\"widget\" data-settings=\"{&quot;vlt_animated_widget_animation&quot;:&quot;none&quot;}\" data-widget_type=\"spacer.default\">\n\t\t\t\t<div class=\"elementor-widget-container\">\n\t\t\t\t\t\t\t<div class=\"elementor-spacer\">\n\t\t\t<div class=\"elementor-spacer-inner\"><\/div>\n\t\t<\/div>\n\t\t\t\t\t\t<\/div>\n\t\t\t\t<\/div>\n\t\t\t\t<\/div>\n\t\t\t\t<div class=\"elementor-element elementor-element-817ac6d elementor-widget elementor-widget-heading\" data-id=\"817ac6d\" data-element_type=\"widget\" data-e-type=\"widget\" data-settings=\"{&quot;vlt_animated_widget_animation&quot;:&quot;none&quot;}\" data-widget_type=\"heading.default\">\n\t\t\t\t<div class=\"elementor-widget-container\">\n\t\t\t\t\t<h2 class=\"elementor-heading-title elementor-size-default\">Fussball Dart<\/h2>\t\t\t\t<\/div>\n\t\t\t\t<\/div>\n\t\t\t\t\t<\/div>\n\t\t\t\t<\/div>\n\t\t<div class=\"elementor-element elementor-element-2981abd e-flex e-con-boxed e-con e-parent\" data-id=\"2981abd\" data-element_type=\"container\" data-e-type=\"container\">\n\t\t\t\t\t<div class=\"e-con-inner\">\n\t\t\t\t<div class=\"elementor-element elementor-element-a562c39 elementor-widget elementor-widget-image\" data-id=\"a562c39\" data-element_type=\"widget\" data-e-type=\"widget\" data-settings=\"{&quot;vlt_animated_widget_animation&quot;:&quot;none&quot;}\" data-widget_type=\"image.default\">\n\t\t\t\t<div class=\"elementor-widget-container\">\n\t\t\t\t\t\t\t\t\t\t\t\t\t\t\t<img fetchpriority=\"high\" decoding=\"async\" width=\"1024\" height=\"588\" src=\"https:\/\/greenball-events.ch\/wp-content\/uploads\/2024\/09\/20190916_161758_rognee-1024x588.jpg\" class=\"attachment-large size-large wp-image-915\" alt=\"Foot fl\u00e9chettes BCV\" srcset=\"https:\/\/greenball-events.ch\/wp-content\/uploads\/2024\/09\/20190916_161758_rognee-1024x588.jpg 1024w, https:\/\/greenball-events.ch\/wp-content\/uploads\/2024\/09\/20190916_161758_rognee-300x172.jpg 300w, https:\/\/greenball-events.ch\/wp-content\/uploads\/2024\/09\/20190916_161758_rognee-768x441.jpg 768w, https:\/\/greenball-events.ch\/wp-content\/uploads\/2024\/09\/20190916_161758_rognee-1536x882.jpg 1536w, https:\/\/greenball-events.ch\/wp-content\/uploads\/2024\/09\/20190916_161758_rognee-2048x1176.jpg 2048w, https:\/\/greenball-events.ch\/wp-content\/uploads\/2024\/09\/20190916_161758_rognee-18x10.jpg 18w, https:\/\/greenball-events.ch\/wp-content\/uploads\/2024\/09\/20190916_161758_rognee-1920x1103.jpg 1920w, https:\/\/greenball-events.ch\/wp-content\/uploads\/2024\/09\/20190916_161758_rognee-800x460.jpg 800w, https:\/\/greenball-events.ch\/wp-content\/uploads\/2024\/09\/20190916_161758_rognee-1280x735.jpg 1280w\" sizes=\"(max-width: 1024px) 100vw, 1024px\" \/>\t\t\t\t\t\t\t\t\t\t\t\t\t\t\t<\/div>\n\t\t\t\t<\/div>\n\t\t\t\t\t<\/div>\n\t\t\t\t<\/div>\n\t\t<div class=\"elementor-element elementor-element-cef0f6b e-flex e-con-boxed e-con e-parent\" data-id=\"cef0f6b\" data-element_type=\"container\" data-e-type=\"container\">\n\t\t\t\t\t<div class=\"e-con-inner\">\n\t\t\t\t<div class=\"elementor-element elementor-element-0ec4fde elementor-widget elementor-widget-text-editor\" data-id=\"0ec4fde\" data-element_type=\"widget\" data-e-type=\"widget\" data-settings=\"{&quot;vlt_animated_widget_animation&quot;:&quot;none&quot;}\" data-widget_type=\"text-editor.default\">\n\t\t\t\t<div class=\"elementor-widget-container\">\n\t\t\t\t\t\t\t\t\t<p>Le Foot Fl\u00e9chettes est un jeu ludique qui a beaucoup de succ\u00e8s sur les fan zones \u00e9v\u00e9nementielles. Le principe est tr\u00e8s simple, le syst\u00e8me de comptage de points est le m\u00eame que sur une cible de fl\u00e9chettes classique (avec les points doubl\u00e9s et tripl\u00e9s). La seule diff\u00e9rence est que l&rsquo;on joue en tirant au pied avec des ballons en velcro.<\/p>\t\t\t\t\t\t\t\t<\/div>\n\t\t\t\t<\/div>\n\t\t<div class=\"elementor-element elementor-element-a7372cc e-grid e-con-full e-con e-child\" data-id=\"a7372cc\" data-element_type=\"container\" data-e-type=\"container\">\n\t\t\t\t<div class=\"elementor-element elementor-element-24d7cf1 elementor-widget elementor-widget-image\" data-id=\"24d7cf1\" data-element_type=\"widget\" data-e-type=\"widget\" data-settings=\"{&quot;vlt_animated_widget_animation&quot;:&quot;none&quot;}\" data-widget_type=\"image.default\">\n\t\t\t\t<div class=\"elementor-widget-container\">\n\t\t\t\t\t\t\t\t\t\t\t\t\t\t\t<img decoding=\"async\" width=\"1024\" height=\"768\" src=\"https:\/\/greenball-events.ch\/wp-content\/uploads\/2024\/09\/20190916_074203-1024x768.jpg\" class=\"attachment-large size-large wp-image-916\" alt=\"Foot fl\u00e9chettes BCV\" srcset=\"https:\/\/greenball-events.ch\/wp-content\/uploads\/2024\/09\/20190916_074203-1024x768.jpg 1024w, https:\/\/greenball-events.ch\/wp-content\/uploads\/2024\/09\/20190916_074203-300x225.jpg 300w, https:\/\/greenball-events.ch\/wp-content\/uploads\/2024\/09\/20190916_074203-768x576.jpg 768w, https:\/\/greenball-events.ch\/wp-content\/uploads\/2024\/09\/20190916_074203-1536x1152.jpg 1536w, https:\/\/greenball-events.ch\/wp-content\/uploads\/2024\/09\/20190916_074203-2048x1536.jpg 2048w, https:\/\/greenball-events.ch\/wp-content\/uploads\/2024\/09\/20190916_074203-16x12.jpg 16w, https:\/\/greenball-events.ch\/wp-content\/uploads\/2024\/09\/20190916_074203-1920x1440.jpg 1920w, https:\/\/greenball-events.ch\/wp-content\/uploads\/2024\/09\/20190916_074203-800x600.jpg 800w, https:\/\/greenball-events.ch\/wp-content\/uploads\/2024\/09\/20190916_074203-1280x960.jpg 1280w\" sizes=\"(max-width: 1024px) 100vw, 1024px\" \/>\t\t\t\t\t\t\t\t\t\t\t\t\t\t\t<\/div>\n\t\t\t\t<\/div>\n\t\t\t\t<div class=\"elementor-element elementor-element-76369de elementor-widget elementor-widget-text-editor\" data-id=\"76369de\" data-element_type=\"widget\" data-e-type=\"widget\" data-settings=\"{&quot;vlt_animated_widget_animation&quot;:&quot;none&quot;}\" data-widget_type=\"text-editor.default\">\n\t\t\t\t<div class=\"elementor-widget-container\">\n\t\t\t\t\t\t\t\t\t<p>Die 4 m hohe Zielscheibe, die M\u00f6glichkeit, auf beiden Seiten gleichzeitig zu spielen, die B\u00e4lle und die mit Klettverschl\u00fcssen ausgestattete Zielscheibe machen diesen Stand zu einem kompletten Workshop.<\/p><p>Les stabilisateurs ext\u00e9rieurs d&rsquo;un diam\u00e8tre de 1m peuvent \u00eatre personnalis\u00e9s en y accrochant des b\u00e2ches publicitaires en PVC.<\/p>\t\t\t\t\t\t\t\t<\/div>\n\t\t\t\t<\/div>\n\t\t\t\t<\/div>\n\t\t\t\t\t<\/div>\n\t\t\t\t<\/div>\n\t\t<div class=\"elementor-element elementor-element-de9a8bc e-flex e-con-boxed e-con e-parent\" data-id=\"de9a8bc\" data-element_type=\"container\" data-e-type=\"container\">\n\t\t\t\t\t<div class=\"e-con-inner\">\n\t\t\t\t<div class=\"elementor-element elementor-element-2610fd6 elementor-widget elementor-widget-text-editor\" data-id=\"2610fd6\" data-element_type=\"widget\" data-e-type=\"widget\" data-settings=\"{&quot;vlt_animated_widget_animation&quot;:&quot;none&quot;}\" data-widget_type=\"text-editor.default\">\n\t\t\t\t<div class=\"elementor-widget-container\">\n\t\t\t\t\t\t\t\t\t<h5 class=\"western\">Unsere Aufblasbare k\u00f6nnen mit abnehmbaren Werbeplanen, die mit einem Klettverschluss-System befestigt werden, individuell gestaltet werden. Wir k\u00fcmmern uns um die Logistik, den Auf- und Abbau der Strukturen sowie die Animation an jedem der St\u00e4nde.<\/h5>\t\t\t\t\t\t\t\t<\/div>\n\t\t\t\t<\/div>\n\t\t\t\t<div class=\"elementor-element elementor-element-18505a7 elementor-widget elementor-widget-vlt-button\" data-id=\"18505a7\" data-element_type=\"widget\" data-e-type=\"widget\" data-settings=\"{&quot;vlt_animated_widget_animation&quot;:&quot;none&quot;}\" data-widget_type=\"vlt-button.default\">\n\t\t\t\t<div class=\"elementor-widget-container\">\n\t\t\t\t\t\n\t\t<a class=\"vlt-btn vlt-btn--primary\" role=\"button\" href=\"https:\/\/greenball-events.ch\/de\/#Contact\">\n\n\t\t\tFragen Sie nach einem Angebot.\n\t\t<\/a>\n\n\t\t\t\t\t\t<\/div>\n\t\t\t\t<\/div>\n\t\t\t\t<div class=\"elementor-element elementor-element-454bed3 elementor-widget elementor-widget-spacer\" data-id=\"454bed3\" data-element_type=\"widget\" data-e-type=\"widget\" data-settings=\"{&quot;vlt_animated_widget_animation&quot;:&quot;none&quot;}\" data-widget_type=\"spacer.default\">\n\t\t\t\t<div class=\"elementor-widget-container\">\n\t\t\t\t\t\t\t<div class=\"elementor-spacer\">\n\t\t\t<div class=\"elementor-spacer-inner\"><\/div>\n\t\t<\/div>\n\t\t\t\t\t\t<\/div>\n\t\t\t\t<\/div>\n\t\t\t\t\t<\/div>\n\t\t\t\t<\/div>\n\t\t\t\t<\/div>","protected":false},"excerpt":{"rendered":"<p>Foot fl\u00e9chettes Le Foot Fl\u00e9chettes est un jeu ludique qui a beaucoup de succ\u00e8s sur les fan zones \u00e9v\u00e9nementielles. Le principe est tr\u00e8s simple, le syst\u00e8me de comptage de points est le m\u00eame que sur une cible de fl\u00e9chettes classique (avec les points doubl\u00e9s et tripl\u00e9s). La seule diff\u00e9rence est que l&rsquo;on joue en tirant [&hellip;]<\/p>\n","protected":false},"author":1,"featured_media":0,"parent":0,"menu_order":0,"comment_status":"closed","ping_status":"closed","template":"elementor_header_footer","meta":{"footnotes":""},"class_list":["post-708","page","type-page","status-publish","hentry"],"_links":{"self":[{"href":"https:\/\/greenball-events.ch\/de\/wp-json\/wp\/v2\/pages\/708","targetHints":{"allow":["GET"]}}],"collection":[{"href":"https:\/\/greenball-events.ch\/de\/wp-json\/wp\/v2\/pages"}],"about":[{"href":"https:\/\/greenball-events.ch\/de\/wp-json\/wp\/v2\/types\/page"}],"author":[{"embeddable":true,"href":"https:\/\/greenball-events.ch\/de\/wp-json\/wp\/v2\/users\/1"}],"replies":[{"embeddable":true,"href":"https:\/\/greenball-events.ch\/de\/wp-json\/wp\/v2\/comments?post=708"}],"version-history":[{"count":19,"href":"https:\/\/greenball-events.ch\/de\/wp-json\/wp\/v2\/pages\/708\/revisions"}],"predecessor-version":[{"id":919,"href":"https:\/\/greenball-events.ch\/de\/wp-json\/wp\/v2\/pages\/708\/revisions\/919"}],"wp:attachment":[{"href":"https:\/\/greenball-events.ch\/de\/wp-json\/wp\/v2\/media?parent=708"}],"curies":[{"name":"wp","href":"https:\/\/api.w.org\/{rel}","templated":true}]}}