{"id":703,"date":"2024-09-16T14:19:12","date_gmt":"2024-09-16T14:19:12","guid":{"rendered":"https:\/\/greenball-events.ch\/?page_id=703"},"modified":"2024-09-18T13:30:10","modified_gmt":"2024-09-18T13:30:10","slug":"foot-bowling","status":"publish","type":"page","link":"https:\/\/greenball-events.ch\/de\/foot-bowling\/","title":{"rendered":"Fussball Bowling"},"content":{"rendered":"<div data-elementor-type=\"wp-page\" data-elementor-id=\"703\" class=\"elementor elementor-703\" data-elementor-post-type=\"page\">\n\t\t\t\t<div class=\"elementor-element elementor-element-df1fbc0 e-flex e-con-boxed e-con e-parent\" data-id=\"df1fbc0\" data-element_type=\"container\" data-e-type=\"container\">\n\t\t\t\t\t<div class=\"e-con-inner\">\n\t\t\t\t<div class=\"elementor-element elementor-element-1e1e257 elementor-widget elementor-widget-spacer\" data-id=\"1e1e257\" data-element_type=\"widget\" data-e-type=\"widget\" data-settings=\"{&quot;vlt_animated_widget_animation&quot;:&quot;none&quot;}\" data-widget_type=\"spacer.default\">\n\t\t\t\t<div class=\"elementor-widget-container\">\n\t\t\t\t\t\t\t<div class=\"elementor-spacer\">\n\t\t\t<div class=\"elementor-spacer-inner\"><\/div>\n\t\t<\/div>\n\t\t\t\t\t\t<\/div>\n\t\t\t\t<\/div>\n\t\t\t\t\t<\/div>\n\t\t\t\t<\/div>\n\t\t<div class=\"elementor-element elementor-element-67bd5fe e-flex e-con-boxed e-con e-parent\" data-id=\"67bd5fe\" data-element_type=\"container\" data-e-type=\"container\">\n\t\t\t\t\t<div class=\"e-con-inner\">\n\t\t\t\t<div class=\"elementor-element elementor-element-629dade elementor-widget elementor-widget-heading\" data-id=\"629dade\" data-element_type=\"widget\" data-e-type=\"widget\" data-settings=\"{&quot;vlt_animated_widget_animation&quot;:&quot;none&quot;}\" data-widget_type=\"heading.default\">\n\t\t\t\t<div class=\"elementor-widget-container\">\n\t\t\t\t\t<h2 class=\"elementor-heading-title elementor-size-default\">Fussball Bowling<\/h2>\t\t\t\t<\/div>\n\t\t\t\t<\/div>\n\t\t\t\t\t<\/div>\n\t\t\t\t<\/div>\n\t\t<div class=\"elementor-element elementor-element-93a6902 e-flex e-con-boxed e-con e-parent\" data-id=\"93a6902\" data-element_type=\"container\" data-e-type=\"container\">\n\t\t\t\t\t<div class=\"e-con-inner\">\n\t\t\t\t<div class=\"elementor-element elementor-element-951741c elementor-widget elementor-widget-image\" data-id=\"951741c\" data-element_type=\"widget\" data-e-type=\"widget\" data-settings=\"{&quot;vlt_animated_widget_animation&quot;:&quot;none&quot;}\" data-widget_type=\"image.default\">\n\t\t\t\t<div class=\"elementor-widget-container\">\n\t\t\t\t\t\t\t\t\t\t\t\t\t\t\t<img fetchpriority=\"high\" decoding=\"async\" width=\"1024\" height=\"768\" src=\"https:\/\/greenball-events.ch\/wp-content\/uploads\/2024\/09\/Foot-bowling-1024x768.jpg\" class=\"attachment-large size-large wp-image-610\" alt=\"Foot bowling\" srcset=\"https:\/\/greenball-events.ch\/wp-content\/uploads\/2024\/09\/Foot-bowling-1024x768.jpg 1024w, https:\/\/greenball-events.ch\/wp-content\/uploads\/2024\/09\/Foot-bowling-300x225.jpg 300w, https:\/\/greenball-events.ch\/wp-content\/uploads\/2024\/09\/Foot-bowling-768x576.jpg 768w, https:\/\/greenball-events.ch\/wp-content\/uploads\/2024\/09\/Foot-bowling-1536x1152.jpg 1536w, https:\/\/greenball-events.ch\/wp-content\/uploads\/2024\/09\/Foot-bowling-2048x1536.jpg 2048w, https:\/\/greenball-events.ch\/wp-content\/uploads\/2024\/09\/Foot-bowling-16x12.jpg 16w, https:\/\/greenball-events.ch\/wp-content\/uploads\/2024\/09\/Foot-bowling-1920x1440.jpg 1920w, https:\/\/greenball-events.ch\/wp-content\/uploads\/2024\/09\/Foot-bowling-800x600.jpg 800w, https:\/\/greenball-events.ch\/wp-content\/uploads\/2024\/09\/Foot-bowling-1280x960.jpg 1280w\" sizes=\"(max-width: 1024px) 100vw, 1024px\" \/>\t\t\t\t\t\t\t\t\t\t\t\t\t\t\t<\/div>\n\t\t\t\t<\/div>\n\t\t\t\t\t<\/div>\n\t\t\t\t<\/div>\n\t\t<div class=\"elementor-element elementor-element-fb99b27 e-flex e-con-boxed e-con e-parent\" data-id=\"fb99b27\" data-element_type=\"container\" data-e-type=\"container\">\n\t\t\t\t\t<div class=\"e-con-inner\">\n\t\t\t\t<div class=\"elementor-element elementor-element-f4d856b elementor-widget elementor-widget-text-editor\" data-id=\"f4d856b\" data-element_type=\"widget\" data-e-type=\"widget\" data-settings=\"{&quot;vlt_animated_widget_animation&quot;:&quot;none&quot;}\" data-widget_type=\"text-editor.default\">\n\t\t\t\t<div class=\"elementor-widget-container\">\n\t\t\t\t\t\t\t\t\t<p align=\"justify\">F\u00fcgen Sie Ihrem Animationsprogramm f\u00fcr Ihre n\u00e4chste Veranstaltung eine innovative und spielerische Aktivit\u00e4t hinzu: Fussball-Bowling! Dieser Stand verbindet zwei beliebte Sportarten: Fussball und Bowling und ist ideal, um den Teilnehmern Ihrer Veranstaltung einen angenehmen Aufenthalt zu bescheren.<\/p>\n<p align=\"justify\">Die Spielregeln sind sehr einfach. Wie beim Bowling muss man versuchen, in zwei Versuchen so viele Pins wie m\u00f6glich umzuwerfen.<\/p>\n<p align=\"justify\">Ausserdem hat diese Animation den Vorteil, dass sie von Personen jeden Alters unabh\u00e4ngig von ihrem Fussballniveau ausge\u00fcbt werden kann.<\/p>\t\t\t\t\t\t\t\t<\/div>\n\t\t\t\t<\/div>\n\t\t<div class=\"elementor-element elementor-element-0b6fde0 e-con-full e-flex e-con e-child\" data-id=\"0b6fde0\" data-element_type=\"container\" data-e-type=\"container\">\n\t\t\t\t<div class=\"elementor-element elementor-element-3250119 elementor-widget elementor-widget-text-editor\" data-id=\"3250119\" data-element_type=\"widget\" data-e-type=\"widget\" data-settings=\"{&quot;vlt_animated_widget_animation&quot;:&quot;none&quot;}\" data-widget_type=\"text-editor.default\">\n\t\t\t\t<div class=\"elementor-widget-container\">\n\t\t\t\t\t\t\t\t\t<h5 class=\"western\">Unsere Aufblasbare k\u00f6nnen mit abnehmbaren Werbeplanen, die mit einem Klettverschluss-System befestigt werden, individuell gestaltet werden. Wir k\u00fcmmern uns um die Logistik, den Auf- und Abbau der Strukturen sowie die Animation an jedem der St\u00e4nde.<\/h5>\t\t\t\t\t\t\t\t<\/div>\n\t\t\t\t<\/div>\n\t\t\t\t<div class=\"elementor-element elementor-element-b8222ac elementor-widget elementor-widget-vlt-button\" data-id=\"b8222ac\" data-element_type=\"widget\" data-e-type=\"widget\" data-settings=\"{&quot;vlt_animated_widget_animation&quot;:&quot;none&quot;}\" data-widget_type=\"vlt-button.default\">\n\t\t\t\t<div class=\"elementor-widget-container\">\n\t\t\t\t\t\n\t\t<a class=\"vlt-btn vlt-btn--primary\" role=\"button\" href=\"https:\/\/greenball-events.ch\/de\/#Contact\">\n\n\t\t\tFragen Sie nach einem Angebot.\n\t\t<\/a>\n\n\t\t\t\t\t\t<\/div>\n\t\t\t\t<\/div>\n\t\t\t\t<div class=\"elementor-element elementor-element-c153b23 elementor-widget elementor-widget-spacer\" data-id=\"c153b23\" data-element_type=\"widget\" data-e-type=\"widget\" data-settings=\"{&quot;vlt_animated_widget_animation&quot;:&quot;none&quot;}\" data-widget_type=\"spacer.default\">\n\t\t\t\t<div class=\"elementor-widget-container\">\n\t\t\t\t\t\t\t<div class=\"elementor-spacer\">\n\t\t\t<div class=\"elementor-spacer-inner\"><\/div>\n\t\t<\/div>\n\t\t\t\t\t\t<\/div>\n\t\t\t\t<\/div>\n\t\t\t\t<\/div>\n\t\t\t\t\t<\/div>\n\t\t\t\t<\/div>\n\t\t\t\t<\/div>","protected":false},"excerpt":{"rendered":"<p>Foot Bowling Ajoutez une activit\u00e9 innovante et ludique pour votre dispositif d&rsquo;animations sur votre prochain \u00e9v\u00e9nement : le foot bowling ! Alliant deux sports populaires : le football et le bowling, ce stand est id\u00e9al pour que les participants de votre \u00e9v\u00e8nement passent un agr\u00e9able moment. Les r\u00e8gles de jeu sont tr\u00e8s simples. Comme au [&hellip;]<\/p>\n","protected":false},"author":1,"featured_media":0,"parent":0,"menu_order":0,"comment_status":"closed","ping_status":"closed","template":"elementor_header_footer","meta":{"footnotes":""},"class_list":["post-703","page","type-page","status-publish","hentry"],"_links":{"self":[{"href":"https:\/\/greenball-events.ch\/de\/wp-json\/wp\/v2\/pages\/703","targetHints":{"allow":["GET"]}}],"collection":[{"href":"https:\/\/greenball-events.ch\/de\/wp-json\/wp\/v2\/pages"}],"about":[{"href":"https:\/\/greenball-events.ch\/de\/wp-json\/wp\/v2\/types\/page"}],"author":[{"embeddable":true,"href":"https:\/\/greenball-events.ch\/de\/wp-json\/wp\/v2\/users\/1"}],"replies":[{"embeddable":true,"href":"https:\/\/greenball-events.ch\/de\/wp-json\/wp\/v2\/comments?post=703"}],"version-history":[{"count":22,"href":"https:\/\/greenball-events.ch\/de\/wp-json\/wp\/v2\/pages\/703\/revisions"}],"predecessor-version":[{"id":885,"href":"https:\/\/greenball-events.ch\/de\/wp-json\/wp\/v2\/pages\/703\/revisions\/885"}],"wp:attachment":[{"href":"https:\/\/greenball-events.ch\/de\/wp-json\/wp\/v2\/media?parent=703"}],"curies":[{"name":"wp","href":"https:\/\/api.w.org\/{rel}","templated":true}]}}