{"id":698,"date":"2024-09-16T14:17:16","date_gmt":"2024-09-16T14:17:16","guid":{"rendered":"https:\/\/greenball-events.ch\/?page_id=698"},"modified":"2024-09-19T08:42:32","modified_gmt":"2024-09-19T08:42:32","slug":"mini-terrain-de-football","status":"publish","type":"page","link":"https:\/\/greenball-events.ch\/de\/mini-terrain-de-football\/","title":{"rendered":"1VS1 \/ 3VS3 Arena"},"content":{"rendered":"<div data-elementor-type=\"wp-page\" data-elementor-id=\"698\" class=\"elementor elementor-698\" data-elementor-post-type=\"page\">\n\t\t\t\t<div class=\"elementor-element elementor-element-384e77a e-flex e-con-boxed e-con e-parent\" data-id=\"384e77a\" data-element_type=\"container\" data-e-type=\"container\">\n\t\t\t\t\t<div class=\"e-con-inner\">\n\t\t<div class=\"elementor-element elementor-element-54f3987 e-con-full e-flex e-con e-child\" data-id=\"54f3987\" data-element_type=\"container\" data-e-type=\"container\">\n\t\t\t\t<div class=\"elementor-element elementor-element-767fa83 elementor-widget elementor-widget-spacer\" data-id=\"767fa83\" data-element_type=\"widget\" data-e-type=\"widget\" data-settings=\"{&quot;vlt_animated_widget_animation&quot;:&quot;none&quot;}\" data-widget_type=\"spacer.default\">\n\t\t\t\t<div class=\"elementor-widget-container\">\n\t\t\t\t\t\t\t<div class=\"elementor-spacer\">\n\t\t\t<div class=\"elementor-spacer-inner\"><\/div>\n\t\t<\/div>\n\t\t\t\t\t\t<\/div>\n\t\t\t\t<\/div>\n\t\t\t\t<\/div>\n\t\t<div class=\"elementor-element elementor-element-d7fcf39 e-con-full e-flex e-con e-child\" data-id=\"d7fcf39\" data-element_type=\"container\" data-e-type=\"container\">\n\t\t<div class=\"elementor-element elementor-element-236499d e-con-full e-flex e-con e-child\" data-id=\"236499d\" data-element_type=\"container\" data-e-type=\"container\">\n\t\t\t\t<div class=\"elementor-element elementor-element-e88ad7a elementor-widget elementor-widget-heading\" data-id=\"e88ad7a\" data-element_type=\"widget\" data-e-type=\"widget\" data-settings=\"{&quot;vlt_animated_widget_animation&quot;:&quot;none&quot;}\" data-widget_type=\"heading.default\">\n\t\t\t\t<div class=\"elementor-widget-container\">\n\t\t\t\t\t<h2 class=\"elementor-heading-title elementor-size-default\">1VS1 \/ 3VS3 Arena<\/h2>\t\t\t\t<\/div>\n\t\t\t\t<\/div>\n\t\t<div class=\"elementor-element elementor-element-2de443c e-con-full e-flex e-con e-child\" data-id=\"2de443c\" data-element_type=\"container\" data-e-type=\"container\">\n\t\t\t\t<div class=\"elementor-element elementor-element-59b5e53 elementor-widget elementor-widget-image\" data-id=\"59b5e53\" data-element_type=\"widget\" data-e-type=\"widget\" data-settings=\"{&quot;vlt_animated_widget_animation&quot;:&quot;none&quot;}\" data-widget_type=\"image.default\">\n\t\t\t\t<div class=\"elementor-widget-container\">\n\t\t\t\t\t\t\t\t\t\t\t\t\t\t\t<img fetchpriority=\"high\" decoding=\"async\" width=\"1024\" height=\"684\" src=\"https:\/\/greenball-events.ch\/wp-content\/uploads\/2024\/09\/DSC00650-1024x684.jpg\" class=\"attachment-large size-large wp-image-597\" alt=\"Terrain 1vs1\" srcset=\"https:\/\/greenball-events.ch\/wp-content\/uploads\/2024\/09\/DSC00650-1024x684.jpg 1024w, https:\/\/greenball-events.ch\/wp-content\/uploads\/2024\/09\/DSC00650-300x200.jpg 300w, https:\/\/greenball-events.ch\/wp-content\/uploads\/2024\/09\/DSC00650-768x513.jpg 768w, https:\/\/greenball-events.ch\/wp-content\/uploads\/2024\/09\/DSC00650-1536x1026.jpg 1536w, https:\/\/greenball-events.ch\/wp-content\/uploads\/2024\/09\/DSC00650-2048x1368.jpg 2048w, https:\/\/greenball-events.ch\/wp-content\/uploads\/2024\/09\/DSC00650-18x12.jpg 18w, https:\/\/greenball-events.ch\/wp-content\/uploads\/2024\/09\/DSC00650-1920x1282.jpg 1920w, https:\/\/greenball-events.ch\/wp-content\/uploads\/2024\/09\/DSC00650-800x534.jpg 800w, https:\/\/greenball-events.ch\/wp-content\/uploads\/2024\/09\/DSC00650-1280x855.jpg 1280w\" sizes=\"(max-width: 1024px) 100vw, 1024px\" \/>\t\t\t\t\t\t\t\t\t\t\t\t\t\t\t<\/div>\n\t\t\t\t<\/div>\n\t\t\t\t<\/div>\n\t\t<div class=\"elementor-element elementor-element-e9e4a93 e-con-full e-flex e-con e-child\" data-id=\"e9e4a93\" data-element_type=\"container\" data-e-type=\"container\">\n\t\t\t\t<div class=\"elementor-element elementor-element-225c632 elementor-widget elementor-widget-text-editor\" data-id=\"225c632\" data-element_type=\"widget\" data-e-type=\"widget\" data-settings=\"{&quot;vlt_animated_widget_animation&quot;:&quot;none&quot;}\" data-widget_type=\"text-editor.default\">\n\t\t\t\t<div class=\"elementor-widget-container\">\n\t\t\t\t\t\t\t\t\t<p class=\"sow-headline\">L&rsquo;ar\u00e8ne 1vs1 gonflable est le produit parfait pour organiser des duels de Panna Football sur vos \u00e9v\u00e9nements. Avec son diam\u00e8tre ext\u00e9rieur de 6m50, il s&rsquo;agit d&rsquo;une animation tr\u00e8s simple \u00e0 mettre en place et qui a toujours beaucoup de succ\u00e8s sur les fan zones.<\/p><div id=\"panel-4425-0-0-1\" class=\"so-panel widget widget_sow-button panel-last-child\" data-index=\"1\"><p class=\"so-widget-sow-button so-widget-sow-button-flat-fa7ed6ce3ae9-4425\">\u00a0<\/p><\/div>\t\t\t\t\t\t\t\t<\/div>\n\t\t\t\t<\/div>\n\t\t<div class=\"elementor-element elementor-element-0801138 e-grid e-con-full e-con e-child\" data-id=\"0801138\" data-element_type=\"container\" data-e-type=\"container\">\n\t\t\t\t<div class=\"elementor-element elementor-element-92de2f7 elementor-widget elementor-widget-text-editor\" data-id=\"92de2f7\" data-element_type=\"widget\" data-e-type=\"widget\" data-settings=\"{&quot;vlt_animated_widget_animation&quot;:&quot;none&quot;}\" data-widget_type=\"text-editor.default\">\n\t\t\t\t<div class=\"elementor-widget-container\">\n\t\t\t\t\t\t\t\t\t<p>L&rsquo;Ar\u00e8ne 1vs1 est une\u00a0animation festive et spectaculaire\u00a0qui a toujours beaucoup de succ\u00e8s sur les \u00e9v\u00e8nements. Il s&rsquo;agit du produit parfait pour organiser des duels de Panna Football.<\/p><p>Die Regeln des Spiels sind einfach und schnell zu verstehen: Um zu gewinnen, musst du zwei Tore schiessen oder deinem Gegner ein Tunnel legen!<\/p><p>Cette animation est un incontournable pour votre dispositif d&rsquo;animations \u00e9v\u00e9nementielles.<\/p>\t\t\t\t\t\t\t\t<\/div>\n\t\t\t\t<\/div>\n\t\t\t\t<div class=\"elementor-element elementor-element-452a2db elementor-widget elementor-widget-image\" data-id=\"452a2db\" data-element_type=\"widget\" data-e-type=\"widget\" data-settings=\"{&quot;vlt_animated_widget_animation&quot;:&quot;none&quot;}\" data-widget_type=\"image.default\">\n\t\t\t\t<div class=\"elementor-widget-container\">\n\t\t\t\t\t\t\t\t\t\t\t\t\t\t\t<img decoding=\"async\" width=\"1024\" height=\"768\" src=\"https:\/\/greenball-events.ch\/wp-content\/uploads\/2024\/09\/IMG20220810121703-1024x768.jpg\" class=\"attachment-large size-large wp-image-856\" alt=\"Ar\u00e8ne 1vs1 Helsinki\" srcset=\"https:\/\/greenball-events.ch\/wp-content\/uploads\/2024\/09\/IMG20220810121703-1024x768.jpg 1024w, https:\/\/greenball-events.ch\/wp-content\/uploads\/2024\/09\/IMG20220810121703-300x225.jpg 300w, https:\/\/greenball-events.ch\/wp-content\/uploads\/2024\/09\/IMG20220810121703-768x576.jpg 768w, https:\/\/greenball-events.ch\/wp-content\/uploads\/2024\/09\/IMG20220810121703-1536x1152.jpg 1536w, https:\/\/greenball-events.ch\/wp-content\/uploads\/2024\/09\/IMG20220810121703-2048x1536.jpg 2048w, https:\/\/greenball-events.ch\/wp-content\/uploads\/2024\/09\/IMG20220810121703-16x12.jpg 16w, https:\/\/greenball-events.ch\/wp-content\/uploads\/2024\/09\/IMG20220810121703-1920x1440.jpg 1920w, https:\/\/greenball-events.ch\/wp-content\/uploads\/2024\/09\/IMG20220810121703-800x600.jpg 800w, https:\/\/greenball-events.ch\/wp-content\/uploads\/2024\/09\/IMG20220810121703-1280x960.jpg 1280w\" sizes=\"(max-width: 1024px) 100vw, 1024px\" \/>\t\t\t\t\t\t\t\t\t\t\t\t\t\t\t<\/div>\n\t\t\t\t<\/div>\n\t\t\t\t<div class=\"elementor-element elementor-element-52a3b30 elementor-widget elementor-widget-image\" data-id=\"52a3b30\" data-element_type=\"widget\" data-e-type=\"widget\" data-settings=\"{&quot;vlt_animated_widget_animation&quot;:&quot;none&quot;}\" data-widget_type=\"image.default\">\n\t\t\t\t<div class=\"elementor-widget-container\">\n\t\t\t\t\t\t\t\t\t\t\t\t\t\t\t<img decoding=\"async\" width=\"800\" height=\"600\" src=\"https:\/\/greenball-events.ch\/wp-content\/uploads\/2024\/09\/20240619_194425-800x600.jpg\" class=\"attachment-gilber-800x600_crop size-gilber-800x600_crop wp-image-853\" alt=\"Ar\u00e8ne 3vs3 RTS\" srcset=\"https:\/\/greenball-events.ch\/wp-content\/uploads\/2024\/09\/20240619_194425-800x600.jpg 800w, https:\/\/greenball-events.ch\/wp-content\/uploads\/2024\/09\/20240619_194425-300x225.jpg 300w, https:\/\/greenball-events.ch\/wp-content\/uploads\/2024\/09\/20240619_194425-1024x768.jpg 1024w, https:\/\/greenball-events.ch\/wp-content\/uploads\/2024\/09\/20240619_194425-768x576.jpg 768w, https:\/\/greenball-events.ch\/wp-content\/uploads\/2024\/09\/20240619_194425-1536x1152.jpg 1536w, https:\/\/greenball-events.ch\/wp-content\/uploads\/2024\/09\/20240619_194425-2048x1536.jpg 2048w, https:\/\/greenball-events.ch\/wp-content\/uploads\/2024\/09\/20240619_194425-16x12.jpg 16w, https:\/\/greenball-events.ch\/wp-content\/uploads\/2024\/09\/20240619_194425-1920x1440.jpg 1920w, https:\/\/greenball-events.ch\/wp-content\/uploads\/2024\/09\/20240619_194425-1280x960.jpg 1280w\" sizes=\"(max-width: 800px) 100vw, 800px\" \/>\t\t\t\t\t\t\t\t\t\t\t\t\t\t\t<\/div>\n\t\t\t\t<\/div>\n\t\t\t\t<div class=\"elementor-element elementor-element-278c7c6 elementor-widget elementor-widget-text-editor\" data-id=\"278c7c6\" data-element_type=\"widget\" data-e-type=\"widget\" data-settings=\"{&quot;vlt_animated_widget_animation&quot;:&quot;none&quot;}\" data-widget_type=\"text-editor.default\">\n\t\t\t\t<div class=\"elementor-widget-container\">\n\t\t\t\t\t\t\t\t\t<div id=\"panel-4425-2-1-0\" class=\"so-panel widget widget_sow-headline panel-first-child\" data-index=\"5\"><div class=\"so-widget-sow-headline so-widget-sow-headline-default-777bfca5e245-4425\"><div class=\"sow-headline-container\"><h5 class=\"sow-headline\">Les caract\u00e9ristiques de l&rsquo;Ar\u00e8ne \u00e0 Panna Greenball<\/h5><\/div><\/div><\/div><div id=\"panel-4425-2-1-1\" class=\"so-panel widget widget_text panel-last-child\" data-index=\"6\"><div class=\"textwidget\"><ul><li><strong>Abmessungen der 1vs1-Arena:<\/strong>\u00a0Der Aussendurchmesser die Struktur betr\u00e4gt 6,50 m. Im Inneren ist der Spielbereich ein Kreis mit einem Durchmesser von 5,75 m.<\/li><li><strong>Struktur modulierbar:<\/strong>\u00a0Wir k\u00f6nnen in der Mitte der Panna-Greenball-Arena Teile von aufblasbaren Linearen hinzuf\u00fcgen. So l\u00e4sst sich die Arena in ein Minifussballfeld mit den Massen 6,50 m x 11 m verwandeln.<\/li><li><strong>Anpassbare Struktur:<\/strong>\u00a0Wie alle unsere Aufblasbaren ist auch die 1vs1-Arena mit Klettverschl\u00fcssen ausgestattet, mit denen sie individuell gestaltet werden kann.<\/li><\/ul><\/div><\/div>\t\t\t\t\t\t\t\t<\/div>\n\t\t\t\t<\/div>\n\t\t\t\t<\/div>\n\t\t<div class=\"elementor-element elementor-element-4bc9747 e-con-full e-flex e-con e-child\" data-id=\"4bc9747\" data-element_type=\"container\" data-e-type=\"container\">\n\t\t\t\t<div class=\"elementor-element elementor-element-ce11734 elementor-widget elementor-widget-text-editor\" data-id=\"ce11734\" data-element_type=\"widget\" data-e-type=\"widget\" data-settings=\"{&quot;vlt_animated_widget_animation&quot;:&quot;none&quot;}\" data-widget_type=\"text-editor.default\">\n\t\t\t\t<div class=\"elementor-widget-container\">\n\t\t\t\t\t\t\t\t\t<h5 class=\"western\">Unsere Aufblasbare k\u00f6nnen mit abnehmbaren Werbeplanen, die mit einem Klettverschluss-System befestigt werden, individuell gestaltet werden. Wir k\u00fcmmern uns um die Logistik, den Auf- und Abbau der Strukturen sowie die Animation an jedem der St\u00e4nde.<\/h5>\t\t\t\t\t\t\t\t<\/div>\n\t\t\t\t<\/div>\n\t\t\t\t<div class=\"elementor-element elementor-element-651e7b7 elementor-widget elementor-widget-vlt-button\" data-id=\"651e7b7\" data-element_type=\"widget\" data-e-type=\"widget\" data-settings=\"{&quot;vlt_animated_widget_animation&quot;:&quot;none&quot;}\" data-widget_type=\"vlt-button.default\">\n\t\t\t\t<div class=\"elementor-widget-container\">\n\t\t\t\t\t\n\t\t<a class=\"vlt-btn vlt-btn--primary\" role=\"button\" href=\"https:\/\/greenball-events.ch\/de\/#Contact\">\n\n\t\t\tFragen Sie nach einem Angebot.\n\t\t<\/a>\n\n\t\t\t\t\t\t<\/div>\n\t\t\t\t<\/div>\n\t\t\t\t<\/div>\n\t\t<div class=\"elementor-element elementor-element-d0751de e-con-full e-flex e-con e-child\" data-id=\"d0751de\" data-element_type=\"container\" data-e-type=\"container\">\n\t\t\t\t<div class=\"elementor-element elementor-element-bd029f0 elementor-widget elementor-widget-spacer\" data-id=\"bd029f0\" data-element_type=\"widget\" data-e-type=\"widget\" data-settings=\"{&quot;vlt_animated_widget_animation&quot;:&quot;none&quot;}\" data-widget_type=\"spacer.default\">\n\t\t\t\t<div class=\"elementor-widget-container\">\n\t\t\t\t\t\t\t<div class=\"elementor-spacer\">\n\t\t\t<div class=\"elementor-spacer-inner\"><\/div>\n\t\t<\/div>\n\t\t\t\t\t\t<\/div>\n\t\t\t\t<\/div>\n\t\t\t\t<\/div>\n\t\t\t\t<\/div>\n\t\t\t\t<\/div>\n\t\t\t\t<\/div>\n\t\t\t\t\t<\/div>\n\t\t\t\t<\/div>\n\t\t\t\t<\/div>","protected":false},"excerpt":{"rendered":"<p>Ar\u00e8ne 1VS1 \/ 3VS3 L&rsquo;ar\u00e8ne 1vs1 gonflable est le produit parfait pour organiser des duels de Panna Football sur vos \u00e9v\u00e9nements. Avec son diam\u00e8tre ext\u00e9rieur de 6m50, il s&rsquo;agit d&rsquo;une animation tr\u00e8s simple \u00e0 mettre en place et qui a toujours beaucoup de succ\u00e8s sur les fan zones. \u00a0 L&rsquo;Ar\u00e8ne 1vs1 est une\u00a0animation festive et [&hellip;]<\/p>\n","protected":false},"author":1,"featured_media":0,"parent":0,"menu_order":0,"comment_status":"closed","ping_status":"closed","template":"elementor_header_footer","meta":{"footnotes":""},"class_list":["post-698","page","type-page","status-publish","hentry"],"_links":{"self":[{"href":"https:\/\/greenball-events.ch\/de\/wp-json\/wp\/v2\/pages\/698","targetHints":{"allow":["GET"]}}],"collection":[{"href":"https:\/\/greenball-events.ch\/de\/wp-json\/wp\/v2\/pages"}],"about":[{"href":"https:\/\/greenball-events.ch\/de\/wp-json\/wp\/v2\/types\/page"}],"author":[{"embeddable":true,"href":"https:\/\/greenball-events.ch\/de\/wp-json\/wp\/v2\/users\/1"}],"replies":[{"embeddable":true,"href":"https:\/\/greenball-events.ch\/de\/wp-json\/wp\/v2\/comments?post=698"}],"version-history":[{"count":29,"href":"https:\/\/greenball-events.ch\/de\/wp-json\/wp\/v2\/pages\/698\/revisions"}],"predecessor-version":[{"id":926,"href":"https:\/\/greenball-events.ch\/de\/wp-json\/wp\/v2\/pages\/698\/revisions\/926"}],"wp:attachment":[{"href":"https:\/\/greenball-events.ch\/de\/wp-json\/wp\/v2\/media?parent=698"}],"curies":[{"name":"wp","href":"https:\/\/api.w.org\/{rel}","templated":true}]}}