{"id":691,"date":"2024-09-16T14:12:10","date_gmt":"2024-09-16T14:12:10","guid":{"rendered":"https:\/\/greenball-events.ch\/?page_id=691"},"modified":"2025-09-19T13:00:17","modified_gmt":"2025-09-19T13:00:17","slug":"terrain-de-football-mobile","status":"publish","type":"page","link":"https:\/\/greenball-events.ch\/de\/terrain-de-football-mobile\/","title":{"rendered":"Mobiles Fussballfeld"},"content":{"rendered":"<div data-elementor-type=\"wp-page\" data-elementor-id=\"691\" class=\"elementor elementor-691\" data-elementor-post-type=\"page\">\n\t\t\t\t<div class=\"elementor-element elementor-element-0dfaf07 e-flex e-con-boxed e-con e-parent\" data-id=\"0dfaf07\" data-element_type=\"container\" data-e-type=\"container\">\n\t\t\t\t\t<div class=\"e-con-inner\">\n\t\t\t\t<div class=\"elementor-element elementor-element-74a21c2 elementor-widget elementor-widget-spacer\" data-id=\"74a21c2\" data-element_type=\"widget\" data-e-type=\"widget\" data-settings=\"{&quot;vlt_animated_widget_animation&quot;:&quot;none&quot;}\" data-widget_type=\"spacer.default\">\n\t\t\t\t<div class=\"elementor-widget-container\">\n\t\t\t\t\t\t\t<div class=\"elementor-spacer\">\n\t\t\t<div class=\"elementor-spacer-inner\"><\/div>\n\t\t<\/div>\n\t\t\t\t\t\t<\/div>\n\t\t\t\t<\/div>\n\t\t\t\t\t<\/div>\n\t\t\t\t<\/div>\n\t\t<div class=\"elementor-element elementor-element-05ca296 e-flex e-con-boxed e-con e-parent\" data-id=\"05ca296\" data-element_type=\"container\" data-e-type=\"container\">\n\t\t\t\t\t<div class=\"e-con-inner\">\n\t\t\t\t<div class=\"elementor-element elementor-element-623301d elementor-widget elementor-widget-heading\" data-id=\"623301d\" data-element_type=\"widget\" data-e-type=\"widget\" data-settings=\"{&quot;vlt_animated_widget_animation&quot;:&quot;none&quot;}\" data-widget_type=\"heading.default\">\n\t\t\t\t<div class=\"elementor-widget-container\">\n\t\t\t\t\t<h2 class=\"elementor-heading-title elementor-size-default\">Mobiles Fussballfeld<\/h2>\t\t\t\t<\/div>\n\t\t\t\t<\/div>\n\t\t\t\t\t<\/div>\n\t\t\t\t<\/div>\n\t\t<div class=\"elementor-element elementor-element-35b7a75 e-flex e-con-boxed e-con e-parent\" data-id=\"35b7a75\" data-element_type=\"container\" data-e-type=\"container\">\n\t\t\t\t\t<div class=\"e-con-inner\">\n\t\t\t\t<div class=\"elementor-element elementor-element-f89bec0 elementor-widget elementor-widget-text-editor\" data-id=\"f89bec0\" data-element_type=\"widget\" data-e-type=\"widget\" data-settings=\"{&quot;vlt_animated_widget_animation&quot;:&quot;none&quot;}\" data-widget_type=\"text-editor.default\">\n\t\t\t\t<div class=\"elementor-widget-container\">\n\t\t\t\t\t\t\t\t\t<h4 class=\"sow-headline\">MACHEN SIE AUS JEDEM ORT EIN FUSSBALLFELD!<\/h4>\n<p>Entdecken Sie unser aufblasbares Fussballfeld&nbsp;<strong>con\u00e7u pour l&rsquo;\u00e9v\u00e9nementiel<\/strong>. Diese modulare Struktur,&nbsp;<strong>mit 4m hohen Netzen ausgestattet&nbsp;<\/strong>s&rsquo;adapte, \u00e0 tous vos besoins.<\/p>\t\t\t\t\t\t\t\t<\/div>\n\t\t\t\t<\/div>\n\t\t\t\t\t<\/div>\n\t\t\t\t<\/div>\n\t\t<div class=\"elementor-element elementor-element-8e1ef02 e-flex e-con-boxed e-con e-parent\" data-id=\"8e1ef02\" data-element_type=\"container\" data-e-type=\"container\">\n\t\t\t\t\t<div class=\"e-con-inner\">\n\t\t\t\t<div class=\"elementor-element elementor-element-53b7de4 elementor-widget elementor-widget-image\" data-id=\"53b7de4\" data-element_type=\"widget\" data-e-type=\"widget\" data-settings=\"{&quot;vlt_animated_widget_animation&quot;:&quot;none&quot;}\" data-widget_type=\"image.default\">\n\t\t\t\t<div class=\"elementor-widget-container\">\n\t\t\t\t\t\t\t\t\t\t\t\t\t\t\t<img fetchpriority=\"high\" decoding=\"async\" width=\"1024\" height=\"684\" src=\"https:\/\/greenball-events.ch\/wp-content\/uploads\/2024\/09\/DSC00247-1024x684.jpg\" class=\"attachment-large size-large wp-image-558\" alt=\"Terrain de football mobile\" srcset=\"https:\/\/greenball-events.ch\/wp-content\/uploads\/2024\/09\/DSC00247-1024x684.jpg 1024w, https:\/\/greenball-events.ch\/wp-content\/uploads\/2024\/09\/DSC00247-300x200.jpg 300w, https:\/\/greenball-events.ch\/wp-content\/uploads\/2024\/09\/DSC00247-768x513.jpg 768w, https:\/\/greenball-events.ch\/wp-content\/uploads\/2024\/09\/DSC00247-1536x1025.jpg 1536w, https:\/\/greenball-events.ch\/wp-content\/uploads\/2024\/09\/DSC00247-2048x1367.jpg 2048w, https:\/\/greenball-events.ch\/wp-content\/uploads\/2024\/09\/DSC00247-18x12.jpg 18w, https:\/\/greenball-events.ch\/wp-content\/uploads\/2024\/09\/DSC00247-1920x1282.jpg 1920w, https:\/\/greenball-events.ch\/wp-content\/uploads\/2024\/09\/DSC00247-800x534.jpg 800w, https:\/\/greenball-events.ch\/wp-content\/uploads\/2024\/09\/DSC00247-1280x855.jpg 1280w\" sizes=\"(max-width: 1024px) 100vw, 1024px\" \/>\t\t\t\t\t\t\t\t\t\t\t\t\t\t\t<\/div>\n\t\t\t\t<\/div>\n\t\t\t\t\t<\/div>\n\t\t\t\t<\/div>\n\t\t<div class=\"elementor-element elementor-element-d626d55 e-grid e-con-boxed e-con e-parent\" data-id=\"d626d55\" data-element_type=\"container\" data-e-type=\"container\">\n\t\t\t\t\t<div class=\"e-con-inner\">\n\t\t\t\t<div class=\"elementor-element elementor-element-ca06cf3 elementor-widget elementor-widget-text-editor\" data-id=\"ca06cf3\" data-element_type=\"widget\" data-e-type=\"widget\" data-settings=\"{&quot;vlt_animated_widget_animation&quot;:&quot;none&quot;}\" data-widget_type=\"text-editor.default\">\n\t\t\t\t<div class=\"elementor-widget-container\">\n\t\t\t\t\t\t\t\t\t<div id=\"panel-11-5-1-0\" class=\"so-panel widget widget_sow-headline panel-first-child\" data-index=\"13\"><div class=\"so-widget-sow-headline so-widget-sow-headline-default-818425466517-11\"><div class=\"sow-headline-container\"><h4 class=\"sow-headline\">4 M HOHE BALLFANGGITTER<\/h4><\/div><\/div><\/div><div id=\"panel-11-5-1-1\" class=\"so-panel widget widget_sow-editor panel-last-child\" data-index=\"14\"><div class=\"panel-widget-style panel-widget-style-for-11-5-1-1\"><div class=\"so-widget-sow-editor so-widget-sow-editor-base\"><div class=\"siteorigin-widget-tinymce textwidget\"><p>Die 4 m hohen Netze, die das Spielfeld umgeben, sorgen f\u00fcr eine\u00a0<strong>dynamisches Spiel ohne Unterbrechungen und mehr Sicherheit<\/strong>.<\/p><\/div><\/div><\/div><\/div>\t\t\t\t\t\t\t\t<\/div>\n\t\t\t\t<\/div>\n\t\t\t\t<div class=\"elementor-element elementor-element-0155e83 elementor-widget elementor-widget-text-editor\" data-id=\"0155e83\" data-element_type=\"widget\" data-e-type=\"widget\" data-settings=\"{&quot;vlt_animated_widget_animation&quot;:&quot;none&quot;}\" data-widget_type=\"text-editor.default\">\n\t\t\t\t<div class=\"elementor-widget-container\">\n\t\t\t\t\t\t\t\t\t<div id=\"panel-11-5-2-0\" class=\"so-panel widget widget_sow-headline panel-first-child\" data-index=\"15\"><div class=\"so-widget-sow-headline so-widget-sow-headline-default-56922443fde0-11\"><div class=\"sow-headline-container\"><h4 class=\"sow-headline\">STRUCTURE MODULABLE<\/h4><\/div><\/div><\/div><div id=\"panel-11-5-2-1\" class=\"so-panel widget widget_sow-editor panel-last-child\" data-index=\"16\"><div class=\"panel-widget-style panel-widget-style-for-11-5-2-1\"><div class=\"so-widget-sow-editor so-widget-sow-editor-base\"><div class=\"siteorigin-widget-tinymce textwidget\"><p>Bietet\u00a0<strong>trois configurations d&rsquo;installation<\/strong>, notre terrain de football s&rsquo;adapte parfaitement \u00e0 vos besoins sp\u00e9cifiques. Nous proposons trois dimensions d&rsquo;installation :\u00a0<strong>20m x 30m, 13m x 25m, ou 13m x 20m<\/strong>.<\/p><\/div><\/div><\/div><\/div>\t\t\t\t\t\t\t\t<\/div>\n\t\t\t\t<\/div>\n\t\t\t\t<div class=\"elementor-element elementor-element-a4c3f6d elementor-widget elementor-widget-text-editor\" data-id=\"a4c3f6d\" data-element_type=\"widget\" data-e-type=\"widget\" data-settings=\"{&quot;vlt_animated_widget_animation&quot;:&quot;none&quot;}\" data-widget_type=\"text-editor.default\">\n\t\t\t\t<div class=\"elementor-widget-container\">\n\t\t\t\t\t\t\t\t\t<div id=\"panel-11-5-4-0\" class=\"so-panel widget widget_sow-headline panel-first-child\" data-index=\"19\">\n<div class=\"so-widget-sow-headline so-widget-sow-headline-default-818425466517-11\">\n<div class=\"sow-headline-container\">\n<h4 class=\"sow-headline\">KUNSTRASEN<\/h4>\n<\/div>\n<\/div>\n<\/div>\n<div id=\"panel-11-5-4-1\" class=\"so-panel widget widget_sow-editor panel-last-child\" data-index=\"20\">\n<div class=\"panel-widget-style panel-widget-style-for-11-5-4-1\">\n<div class=\"so-widget-sow-editor so-widget-sow-editor-base\">\n<div class=\"siteorigin-widget-tinymce textwidget\">\n<p>Optional verlegen wir nach Ma\u00df hochwertigen Kunstrasen f\u00fcr optimale Spielbedingungen.<\/p>\n<\/div>\n<\/div>\n<\/div>\n<\/div>\t\t\t\t\t\t\t\t<\/div>\n\t\t\t\t<\/div>\n\t\t\t\t<div class=\"elementor-element elementor-element-343bbb2 elementor-widget elementor-widget-text-editor\" data-id=\"343bbb2\" data-element_type=\"widget\" data-e-type=\"widget\" data-settings=\"{&quot;vlt_animated_widget_animation&quot;:&quot;none&quot;}\" data-widget_type=\"text-editor.default\">\n\t\t\t\t<div class=\"elementor-widget-container\">\n\t\t\t\t\t\t\t\t\t<div id=\"panel-11-5-3-0\" class=\"so-panel widget widget_sow-headline panel-first-child\" data-index=\"17\"><div class=\"so-widget-sow-headline so-widget-sow-headline-default-818425466517-11\"><div class=\"sow-headline-container\"><h4 class=\"sow-headline\">KOMMUNIKATIONSMITTEL<\/h4><\/div><\/div><\/div><div id=\"panel-11-5-3-1\" class=\"so-panel widget widget_sow-editor panel-last-child\" data-index=\"18\"><div class=\"panel-widget-style panel-widget-style-for-11-5-3-1\"><div class=\"so-widget-sow-editor so-widget-sow-editor-base\"><div class=\"siteorigin-widget-tinymce textwidget\"><p><strong>Personnalisez jusqu&rsquo;\u00e0 80m lin\u00e9aires de marquage<\/strong>\u00a0dank der Klettbefestigungen, die eine grosse Sichtbarkeit f\u00fcr Ihre Partner bieten.<\/p><\/div><\/div><\/div><\/div>\t\t\t\t\t\t\t\t<\/div>\n\t\t\t\t<\/div>\n\t\t\t\t\t<\/div>\n\t\t\t\t<\/div>\n\t\t<div class=\"elementor-element elementor-element-c92bee3 e-flex e-con-boxed e-con e-parent\" data-id=\"c92bee3\" data-element_type=\"container\" data-e-type=\"container\">\n\t\t\t\t\t<div class=\"e-con-inner\">\n\t\t\t\t<div class=\"elementor-element elementor-element-3d8d3e2 elementor-widget elementor-widget-image\" data-id=\"3d8d3e2\" data-element_type=\"widget\" data-e-type=\"widget\" data-settings=\"{&quot;vlt_animated_widget_animation&quot;:&quot;none&quot;}\" data-widget_type=\"image.default\">\n\t\t\t\t<div class=\"elementor-widget-container\">\n\t\t\t\t\t\t\t\t\t\t\t\t\t\t\t<img decoding=\"async\" width=\"768\" height=\"512\" src=\"https:\/\/greenball-events.ch\/wp-content\/uploads\/2024\/09\/609806785_highres-768x512.jpg\" class=\"attachment-medium_large size-medium_large wp-image-569\" alt=\"\" srcset=\"https:\/\/greenball-events.ch\/wp-content\/uploads\/2024\/09\/609806785_highres-768x512.jpg 768w, https:\/\/greenball-events.ch\/wp-content\/uploads\/2024\/09\/609806785_highres-300x200.jpg 300w, https:\/\/greenball-events.ch\/wp-content\/uploads\/2024\/09\/609806785_highres-1024x683.jpg 1024w, https:\/\/greenball-events.ch\/wp-content\/uploads\/2024\/09\/609806785_highres-1536x1024.jpg 1536w, https:\/\/greenball-events.ch\/wp-content\/uploads\/2024\/09\/609806785_highres-18x12.jpg 18w, https:\/\/greenball-events.ch\/wp-content\/uploads\/2024\/09\/609806785_highres-800x534.jpg 800w, https:\/\/greenball-events.ch\/wp-content\/uploads\/2024\/09\/609806785_highres-1280x854.jpg 1280w, https:\/\/greenball-events.ch\/wp-content\/uploads\/2024\/09\/609806785_highres.jpg 1600w\" sizes=\"(max-width: 768px) 100vw, 768px\" \/>\t\t\t\t\t\t\t\t\t\t\t\t\t\t\t<\/div>\n\t\t\t\t<\/div>\n\t\t\t\t\t<\/div>\n\t\t\t\t<\/div>\n\t\t<div class=\"elementor-element elementor-element-a011ef0 e-flex e-con-boxed e-con e-parent\" data-id=\"a011ef0\" data-element_type=\"container\" data-e-type=\"container\">\n\t\t\t\t\t<div class=\"e-con-inner\">\n\t\t\t\t<div class=\"elementor-element elementor-element-2204e93 elementor-widget elementor-widget-text-editor\" data-id=\"2204e93\" data-element_type=\"widget\" data-e-type=\"widget\" data-settings=\"{&quot;vlt_animated_widget_animation&quot;:&quot;none&quot;}\" data-widget_type=\"text-editor.default\">\n\t\t\t\t<div class=\"elementor-widget-container\">\n\t\t\t\t\t\t\t\t\t<h5 class=\"western\">Unsere Aufblasbare k\u00f6nnen mit abnehmbaren Werbeplanen, die mit einem Klettverschluss-System befestigt werden, individuell gestaltet werden. Wir k\u00fcmmern uns um die Logistik, den Auf- und Abbau der Strukturen sowie die Animation an jedem der St\u00e4nde.<\/h5>\t\t\t\t\t\t\t\t<\/div>\n\t\t\t\t<\/div>\n\t\t\t\t<div class=\"elementor-element elementor-element-d6263f6 elementor-widget elementor-widget-vlt-button\" data-id=\"d6263f6\" data-element_type=\"widget\" data-e-type=\"widget\" data-settings=\"{&quot;vlt_animated_widget_animation&quot;:&quot;none&quot;}\" data-widget_type=\"vlt-button.default\">\n\t\t\t\t<div class=\"elementor-widget-container\">\n\t\t\t\t\t\n\t\t<a class=\"vlt-btn vlt-btn--primary\" role=\"button\" href=\"https:\/\/greenball-events.ch\/de\/#Contact\">\n\n\t\t\tFragen Sie nach einem Angebot.\n\t\t<\/a>\n\n\t\t\t\t\t\t<\/div>\n\t\t\t\t<\/div>\n\t\t\t\t\t<\/div>\n\t\t\t\t<\/div>\n\t\t<div class=\"elementor-element elementor-element-9276dde e-flex e-con-boxed e-con e-parent\" data-id=\"9276dde\" data-element_type=\"container\" data-e-type=\"container\">\n\t\t\t\t\t<div class=\"e-con-inner\">\n\t\t\t\t<div class=\"elementor-element elementor-element-bde6133 elementor-widget elementor-widget-spacer\" data-id=\"bde6133\" data-element_type=\"widget\" data-e-type=\"widget\" data-settings=\"{&quot;vlt_animated_widget_animation&quot;:&quot;none&quot;}\" data-widget_type=\"spacer.default\">\n\t\t\t\t<div class=\"elementor-widget-container\">\n\t\t\t\t\t\t\t<div class=\"elementor-spacer\">\n\t\t\t<div class=\"elementor-spacer-inner\"><\/div>\n\t\t<\/div>\n\t\t\t\t\t\t<\/div>\n\t\t\t\t<\/div>\n\t\t\t\t\t<\/div>\n\t\t\t\t<\/div>\n\t\t\t\t<\/div>","protected":false},"excerpt":{"rendered":"<p>Terrain de football mobile FAITES DE CHAQUE LIEU UN TERRAIN DE FOOTBALL ! D\u00e9couvrez notre terrain de football gonflable&nbsp;con\u00e7u pour l&rsquo;\u00e9v\u00e9nementiel. Cette structure modulable,&nbsp;\u00e9quip\u00e9e de filets de 4m de haut&nbsp;s&rsquo;adapte, \u00e0 tous vos besoins. PARE BALLONS DE 4M DE HAUT Les filets entourant le terrain, hauts de 4m, assurent un\u00a0jeu dynamique sans interruptions et une [&hellip;]<\/p>\n","protected":false},"author":1,"featured_media":0,"parent":0,"menu_order":0,"comment_status":"closed","ping_status":"closed","template":"elementor_header_footer","meta":{"footnotes":""},"class_list":["post-691","page","type-page","status-publish","hentry"],"_links":{"self":[{"href":"https:\/\/greenball-events.ch\/de\/wp-json\/wp\/v2\/pages\/691","targetHints":{"allow":["GET"]}}],"collection":[{"href":"https:\/\/greenball-events.ch\/de\/wp-json\/wp\/v2\/pages"}],"about":[{"href":"https:\/\/greenball-events.ch\/de\/wp-json\/wp\/v2\/types\/page"}],"author":[{"embeddable":true,"href":"https:\/\/greenball-events.ch\/de\/wp-json\/wp\/v2\/users\/1"}],"replies":[{"embeddable":true,"href":"https:\/\/greenball-events.ch\/de\/wp-json\/wp\/v2\/comments?post=691"}],"version-history":[{"count":27,"href":"https:\/\/greenball-events.ch\/de\/wp-json\/wp\/v2\/pages\/691\/revisions"}],"predecessor-version":[{"id":1328,"href":"https:\/\/greenball-events.ch\/de\/wp-json\/wp\/v2\/pages\/691\/revisions\/1328"}],"wp:attachment":[{"href":"https:\/\/greenball-events.ch\/de\/wp-json\/wp\/v2\/media?parent=691"}],"curies":[{"name":"wp","href":"https:\/\/api.w.org\/{rel}","templated":true}]}}