{"id":1412,"date":"2026-01-07T09:01:15","date_gmt":"2026-01-07T09:01:15","guid":{"rendered":"https:\/\/greenball-events.ch\/?page_id=1412"},"modified":"2026-01-07T09:34:25","modified_gmt":"2026-01-07T09:34:25","slug":"lanceur-de-ballons","status":"publish","type":"page","link":"https:\/\/greenball-events.ch\/de\/lanceur-de-ballons\/","title":{"rendered":"Ballwerfer"},"content":{"rendered":"<div data-elementor-type=\"wp-page\" data-elementor-id=\"1412\" class=\"elementor elementor-1412\" data-elementor-post-type=\"page\">\n\t\t\t\t<div class=\"elementor-element elementor-element-f7ac803 e-flex e-con-boxed e-con e-parent\" data-id=\"f7ac803\" data-element_type=\"container\" data-e-type=\"container\">\n\t\t\t\t\t<div class=\"e-con-inner\">\n\t\t\t\t<div class=\"elementor-element elementor-element-5b40887 elementor-widget elementor-widget-spacer\" data-id=\"5b40887\" data-element_type=\"widget\" data-e-type=\"widget\" data-settings=\"{&quot;vlt_animated_widget_animation&quot;:&quot;none&quot;}\" data-widget_type=\"spacer.default\">\n\t\t\t\t<div class=\"elementor-widget-container\">\n\t\t\t\t\t\t\t<div class=\"elementor-spacer\">\n\t\t\t<div class=\"elementor-spacer-inner\"><\/div>\n\t\t<\/div>\n\t\t\t\t\t\t<\/div>\n\t\t\t\t<\/div>\n\t\t\t\t\t<\/div>\n\t\t\t\t<\/div>\n\t\t<div class=\"elementor-element elementor-element-20b2fc4 e-flex e-con-boxed e-con e-parent\" data-id=\"20b2fc4\" data-element_type=\"container\" data-e-type=\"container\">\n\t\t\t\t\t<div class=\"e-con-inner\">\n\t\t\t\t<div class=\"elementor-element elementor-element-ea6a132 elementor-widget elementor-widget-heading\" data-id=\"ea6a132\" data-element_type=\"widget\" data-e-type=\"widget\" data-settings=\"{&quot;vlt_animated_widget_animation&quot;:&quot;none&quot;}\" data-widget_type=\"heading.default\">\n\t\t\t\t<div class=\"elementor-widget-container\">\n\t\t\t\t\t<h2 class=\"elementor-heading-title elementor-size-default\">Ballwerfer<\/h2>\t\t\t\t<\/div>\n\t\t\t\t<\/div>\n\t\t\t\t\t<\/div>\n\t\t\t\t<\/div>\n\t\t<div class=\"elementor-element elementor-element-05b33b8 e-flex e-con-boxed e-con e-parent\" data-id=\"05b33b8\" data-element_type=\"container\" data-e-type=\"container\">\n\t\t\t\t\t<div class=\"e-con-inner\">\n\t\t\t\t<div class=\"elementor-element elementor-element-23e3961 elementor-widget elementor-widget-image\" data-id=\"23e3961\" data-element_type=\"widget\" data-e-type=\"widget\" data-settings=\"{&quot;vlt_animated_widget_animation&quot;:&quot;none&quot;}\" data-widget_type=\"image.default\">\n\t\t\t\t<div class=\"elementor-widget-container\">\n\t\t\t\t\t\t\t\t\t\t\t\t\t\t\t<img fetchpriority=\"high\" decoding=\"async\" width=\"1024\" height=\"650\" src=\"https:\/\/greenball-events.ch\/wp-content\/uploads\/2026\/01\/1766767189535_rognee-1024x650.jpg\" class=\"attachment-large size-large wp-image-1424\" alt=\"Lanceur de ballons\" srcset=\"https:\/\/greenball-events.ch\/wp-content\/uploads\/2026\/01\/1766767189535_rognee-1024x650.jpg 1024w, https:\/\/greenball-events.ch\/wp-content\/uploads\/2026\/01\/1766767189535_rognee-300x190.jpg 300w, https:\/\/greenball-events.ch\/wp-content\/uploads\/2026\/01\/1766767189535_rognee-768x487.jpg 768w, https:\/\/greenball-events.ch\/wp-content\/uploads\/2026\/01\/1766767189535_rognee-1536x974.jpg 1536w, https:\/\/greenball-events.ch\/wp-content\/uploads\/2026\/01\/1766767189535_rognee-18x12.jpg 18w, https:\/\/greenball-events.ch\/wp-content\/uploads\/2026\/01\/1766767189535_rognee-1920x1218.jpg 1920w, https:\/\/greenball-events.ch\/wp-content\/uploads\/2026\/01\/1766767189535_rognee-800x507.jpg 800w, https:\/\/greenball-events.ch\/wp-content\/uploads\/2026\/01\/1766767189535_rognee-1280x812.jpg 1280w, https:\/\/greenball-events.ch\/wp-content\/uploads\/2026\/01\/1766767189535_rognee.jpg 2048w\" sizes=\"(max-width: 1024px) 100vw, 1024px\" \/>\t\t\t\t\t\t\t\t\t\t\t\t\t\t\t<\/div>\n\t\t\t\t<\/div>\n\t\t\t\t\t<\/div>\n\t\t\t\t<\/div>\n\t\t<div class=\"elementor-element elementor-element-2a92e41 e-flex e-con-boxed e-con e-parent\" data-id=\"2a92e41\" data-element_type=\"container\" data-e-type=\"container\">\n\t\t\t\t\t<div class=\"e-con-inner\">\n\t\t\t\t<div class=\"elementor-element elementor-element-33448a3 elementor-widget elementor-widget-text-editor\" data-id=\"33448a3\" data-element_type=\"widget\" data-e-type=\"widget\" data-settings=\"{&quot;vlt_animated_widget_animation&quot;:&quot;none&quot;}\" data-widget_type=\"text-editor.default\">\n\t\t\t\t<div class=\"elementor-widget-container\">\n\t\t\t\t\t\t\t\t\t<h4 data-path-to-node=\"7\"><b data-path-to-node=\"7\" data-index-in-node=\"0\">Definieren Sie Training und Animation neu \u2013 mit der millimetergenauen Pr\u00e4zision unserer Spitzentechnologie.<\/b><\/h4><p data-path-to-node=\"7\"><span style=\"font-size: 1rem;\">Ob es darum geht, die Technik eines zuk\u00fcnftigen Profis zu perfektionieren oder eine spektakul\u00e4re Herausforderung bei einer Veranstaltung zu schaffen, der Ballwerfer ist das ultimative Werkzeug. Er wird von Profis verwendet und erm\u00f6glicht perfekte Wiederholungen, die ein Mensch nicht erreichen<\/span><\/p>\t\t\t\t\t\t\t\t<\/div>\n\t\t\t\t<\/div>\n\t\t\t\t\t<\/div>\n\t\t\t\t<\/div>\n\t\t<div class=\"elementor-element elementor-element-e31eaf2 e-grid e-con-boxed e-con e-parent\" data-id=\"e31eaf2\" data-element_type=\"container\" data-e-type=\"container\">\n\t\t\t\t\t<div class=\"e-con-inner\">\n\t\t\t\t<div class=\"elementor-element elementor-element-9a5c6e7 elementor-widget elementor-widget-text-editor\" data-id=\"9a5c6e7\" data-element_type=\"widget\" data-e-type=\"widget\" data-settings=\"{&quot;vlt_animated_widget_animation&quot;:&quot;none&quot;}\" data-widget_type=\"text-editor.default\">\n\t\t\t\t<div class=\"elementor-widget-container\">\n\t\t\t\t\t\t\t\t\t<div id=\"panel-11-5-1-0\" class=\"so-panel widget widget_sow-headline panel-first-child\" data-index=\"13\"><div class=\"so-widget-sow-headline so-widget-sow-headline-default-818425466517-11\"><div class=\"sow-headline-container\"><h4 class=\"sow-headline\">Eine einzigartige Event-Attraktion<\/h4><\/div><\/div><\/div><div id=\"panel-11-5-1-1\" class=\"so-panel widget widget_sow-editor panel-last-child\" data-index=\"14\"><div class=\"panel-widget-style panel-widget-style-for-11-5-1-1\"><div class=\"so-widget-sow-editor so-widget-sow-editor-base\"><div class=\"siteorigin-widget-tinymce textwidget\"><p>Kombinieren Sie den Launcher mit unserem <a href=\"https:\/\/greenball-events.ch\/de\/terrain-de-football-mobile\/\"><b data-path-to-node=\"19\" data-index-in-node=\"31\">Mobiles Fussballfeld<\/b><\/a> oder unserem <a href=\"https:\/\/greenball-events.ch\/de\/skill-lab\/\"><b data-path-to-node=\"19\" data-index-in-node=\"67\">Skill Lab<\/b><\/a> um Wettbewerbe im Volleyspiel, Torwart-Herausforderungen oder Ballkontroll-Herausforderungen zu erstellen. Eine visuelle und interaktive Animation, die das Publikum garantiert fesseln wird.\u00a0<\/p><\/div><\/div><\/div><\/div>\t\t\t\t\t\t\t\t<\/div>\n\t\t\t\t<\/div>\n\t\t\t\t<div class=\"elementor-element elementor-element-edc4092 elementor-widget elementor-widget-text-editor\" data-id=\"edc4092\" data-element_type=\"widget\" data-e-type=\"widget\" data-settings=\"{&quot;vlt_animated_widget_animation&quot;:&quot;none&quot;}\" data-widget_type=\"text-editor.default\">\n\t\t\t\t<div class=\"elementor-widget-container\">\n\t\t\t\t\t\t\t\t\t<div id=\"panel-11-5-2-0\" class=\"so-panel widget widget_sow-headline panel-first-child\" data-index=\"15\"><div class=\"so-widget-sow-headline so-widget-sow-headline-default-56922443fde0-11\"><div class=\"sow-headline-container\"><h4 class=\"sow-headline\">Ein revolution\u00e4res Coaching-Tool<\/h4><\/div><\/div><\/div><div id=\"panel-11-5-2-1\" class=\"so-panel widget widget_sow-editor panel-last-child\" data-index=\"16\"><div class=\"panel-widget-style panel-widget-style-for-11-5-2-1\"><div class=\"so-widget-sow-editor so-widget-sow-editor-base\"><div class=\"siteorigin-widget-tinymce textwidget\"><p>Eliminieren Sie das Risiko von schlecht eingestellten Zentren. Mit unserer Maschine bleibt Ihr Trainer im Mittelpunkt des Spiels, um die Haltung und Bewegung des Athleten zu korrigieren, w\u00e4hrend der Werfer den perfekten Ball liefert, sekundengenau.<\/p><\/div><\/div><\/div><\/div>\t\t\t\t\t\t\t\t<\/div>\n\t\t\t\t<\/div>\n\t\t\t\t\t<\/div>\n\t\t\t\t<\/div>\n\t\t<div class=\"elementor-element elementor-element-e329a00 e-flex e-con-boxed e-con e-parent\" data-id=\"e329a00\" data-element_type=\"container\" data-e-type=\"container\">\n\t\t\t\t\t<div class=\"e-con-inner\">\n\t\t\t\t<div class=\"elementor-element elementor-element-1a60b45 elementor-widget elementor-widget-text-editor\" data-id=\"1a60b45\" data-element_type=\"widget\" data-e-type=\"widget\" data-settings=\"{&quot;vlt_animated_widget_animation&quot;:&quot;none&quot;}\" data-widget_type=\"text-editor.default\">\n\t\t\t\t<div class=\"elementor-widget-container\">\n\t\t\t\t\t\t\t\t\t<h5 class=\"western\">Wir k\u00fcmmern uns um die Logistik, den Auf- und Abbau der Strukturen sowie die Animation an jedem einzelnen Stand.<\/h5>\t\t\t\t\t\t\t\t<\/div>\n\t\t\t\t<\/div>\n\t\t\t\t<div class=\"elementor-element elementor-element-5f7adb4 elementor-widget elementor-widget-vlt-button\" data-id=\"5f7adb4\" data-element_type=\"widget\" data-e-type=\"widget\" data-settings=\"{&quot;vlt_animated_widget_animation&quot;:&quot;none&quot;}\" data-widget_type=\"vlt-button.default\">\n\t\t\t\t<div class=\"elementor-widget-container\">\n\t\t\t\t\t\n\t\t<a class=\"vlt-btn vlt-btn--primary\" role=\"button\" href=\"https:\/\/greenball-events.ch\/de\/#Contact\">\n\n\t\t\tFragen Sie nach einem Angebot.\n\t\t<\/a>\n\n\t\t\t\t\t\t<\/div>\n\t\t\t\t<\/div>\n\t\t\t\t\t<\/div>\n\t\t\t\t<\/div>\n\t\t<div class=\"elementor-element elementor-element-f8bea75 e-flex e-con-boxed e-con e-parent\" data-id=\"f8bea75\" data-element_type=\"container\" data-e-type=\"container\">\n\t\t\t\t\t<div class=\"e-con-inner\">\n\t\t\t\t<div class=\"elementor-element elementor-element-e889fe3 elementor-widget elementor-widget-spacer\" data-id=\"e889fe3\" data-element_type=\"widget\" data-e-type=\"widget\" data-settings=\"{&quot;vlt_animated_widget_animation&quot;:&quot;none&quot;}\" data-widget_type=\"spacer.default\">\n\t\t\t\t<div class=\"elementor-widget-container\">\n\t\t\t\t\t\t\t<div class=\"elementor-spacer\">\n\t\t\t<div class=\"elementor-spacer-inner\"><\/div>\n\t\t<\/div>\n\t\t\t\t\t\t<\/div>\n\t\t\t\t<\/div>\n\t\t\t\t\t<\/div>\n\t\t\t\t<\/div>\n\t\t\t\t<\/div>","protected":false},"excerpt":{"rendered":"<p>Lanceur de ballons Red\u00e9finissez l\u2019entra\u00eenement et l\u2019animation avec la pr\u00e9cision millim\u00e9tr\u00e9e de notre technologie de pointe. Que ce soit pour perfectionner le geste technique d\u2019un futur pro ou pour cr\u00e9er un d\u00e9fi spectaculaire lors d\u2019un \u00e9v\u00e9nement, le lanceur de ballons est l\u2019outil ultime. Utilis\u00e9 par les professionnels, il permet une r\u00e9p\u00e9tition parfaite que l\u2019humain ne [&hellip;]<\/p>\n","protected":false},"author":1,"featured_media":0,"parent":0,"menu_order":0,"comment_status":"closed","ping_status":"closed","template":"elementor_header_footer","meta":{"footnotes":""},"class_list":["post-1412","page","type-page","status-publish","hentry"],"_links":{"self":[{"href":"https:\/\/greenball-events.ch\/de\/wp-json\/wp\/v2\/pages\/1412","targetHints":{"allow":["GET"]}}],"collection":[{"href":"https:\/\/greenball-events.ch\/de\/wp-json\/wp\/v2\/pages"}],"about":[{"href":"https:\/\/greenball-events.ch\/de\/wp-json\/wp\/v2\/types\/page"}],"author":[{"embeddable":true,"href":"https:\/\/greenball-events.ch\/de\/wp-json\/wp\/v2\/users\/1"}],"replies":[{"embeddable":true,"href":"https:\/\/greenball-events.ch\/de\/wp-json\/wp\/v2\/comments?post=1412"}],"version-history":[{"count":17,"href":"https:\/\/greenball-events.ch\/de\/wp-json\/wp\/v2\/pages\/1412\/revisions"}],"predecessor-version":[{"id":1431,"href":"https:\/\/greenball-events.ch\/de\/wp-json\/wp\/v2\/pages\/1412\/revisions\/1431"}],"wp:attachment":[{"href":"https:\/\/greenball-events.ch\/de\/wp-json\/wp\/v2\/media?parent=1412"}],"curies":[{"name":"wp","href":"https:\/\/api.w.org\/{rel}","templated":true}]}}