{"id":1369,"date":"2026-01-03T06:15:43","date_gmt":"2026-01-03T06:15:43","guid":{"rendered":"https:\/\/greenball-events.ch\/?page_id=1369"},"modified":"2026-01-05T10:44:47","modified_gmt":"2026-01-05T10:44:47","slug":"vision-arena","status":"publish","type":"page","link":"https:\/\/greenball-events.ch\/de\/vision-arena\/","title":{"rendered":"Vision Arena"},"content":{"rendered":"<div data-elementor-type=\"wp-page\" data-elementor-id=\"1369\" class=\"elementor elementor-1369\" data-elementor-post-type=\"page\">\n\t\t\t\t<div class=\"elementor-element elementor-element-c67069a e-flex e-con-boxed e-con e-child\" data-id=\"c67069a\" data-element_type=\"container\" data-e-type=\"container\">\n\t\t\t\t\t<div class=\"e-con-inner\">\n\t\t\t\t<div class=\"elementor-element elementor-element-1676e1c elementor-widget elementor-widget-spacer\" data-id=\"1676e1c\" data-element_type=\"widget\" data-e-type=\"widget\" data-settings=\"{&quot;vlt_animated_widget_animation&quot;:&quot;none&quot;}\" data-widget_type=\"spacer.default\">\n\t\t\t\t<div class=\"elementor-widget-container\">\n\t\t\t\t\t\t\t<div class=\"elementor-spacer\">\n\t\t\t<div class=\"elementor-spacer-inner\"><\/div>\n\t\t<\/div>\n\t\t\t\t\t\t<\/div>\n\t\t\t\t<\/div>\n\t\t\t\t\t<\/div>\n\t\t\t\t<\/div>\n\t\t<div class=\"elementor-element elementor-element-1c5425d e-flex e-con-boxed e-con e-child\" data-id=\"1c5425d\" data-element_type=\"container\" data-e-type=\"container\">\n\t\t\t\t\t<div class=\"e-con-inner\">\n\t\t<div class=\"elementor-element elementor-element-d770b25 e-con-full e-flex e-con e-child\" data-id=\"d770b25\" data-element_type=\"container\" data-e-type=\"container\">\n\t\t\t\t<div class=\"elementor-element elementor-element-121fbbb elementor-widget elementor-widget-heading\" data-id=\"121fbbb\" data-element_type=\"widget\" data-e-type=\"widget\" data-settings=\"{&quot;vlt_animated_widget_animation&quot;:&quot;none&quot;}\" data-widget_type=\"heading.default\">\n\t\t\t\t<div class=\"elementor-widget-container\">\n\t\t\t\t\t<h2 class=\"elementor-heading-title elementor-size-default\">Vision Arena<\/h2>\t\t\t\t<\/div>\n\t\t\t\t<\/div>\n\t\t<div class=\"elementor-element elementor-element-181db5b e-con-full e-flex e-con e-child\" data-id=\"181db5b\" data-element_type=\"container\" data-e-type=\"container\">\n\t\t\t\t<div class=\"elementor-element elementor-element-9f05692 elementor-widget elementor-widget-image\" data-id=\"9f05692\" data-element_type=\"widget\" data-e-type=\"widget\" data-settings=\"{&quot;vlt_animated_widget_animation&quot;:&quot;none&quot;}\" data-widget_type=\"image.default\">\n\t\t\t\t<div class=\"elementor-widget-container\">\n\t\t\t\t\t\t\t\t\t\t\t\t\t\t\t<img fetchpriority=\"high\" decoding=\"async\" width=\"1024\" height=\"414\" src=\"https:\/\/greenball-events.ch\/wp-content\/uploads\/2026\/01\/Gemini_Generated_Image_w1q8sxw1q8sxw1q8_rognee-1024x414.png\" class=\"attachment-large size-large wp-image-1382\" alt=\"Vision Arena\" srcset=\"https:\/\/greenball-events.ch\/wp-content\/uploads\/2026\/01\/Gemini_Generated_Image_w1q8sxw1q8sxw1q8_rognee-1024x414.png 1024w, https:\/\/greenball-events.ch\/wp-content\/uploads\/2026\/01\/Gemini_Generated_Image_w1q8sxw1q8sxw1q8_rognee-300x121.png 300w, https:\/\/greenball-events.ch\/wp-content\/uploads\/2026\/01\/Gemini_Generated_Image_w1q8sxw1q8sxw1q8_rognee-768x311.png 768w, https:\/\/greenball-events.ch\/wp-content\/uploads\/2026\/01\/Gemini_Generated_Image_w1q8sxw1q8sxw1q8_rognee-1536x621.png 1536w, https:\/\/greenball-events.ch\/wp-content\/uploads\/2026\/01\/Gemini_Generated_Image_w1q8sxw1q8sxw1q8_rognee-2048x828.png 2048w, https:\/\/greenball-events.ch\/wp-content\/uploads\/2026\/01\/Gemini_Generated_Image_w1q8sxw1q8sxw1q8_rognee-18x7.png 18w, https:\/\/greenball-events.ch\/wp-content\/uploads\/2026\/01\/Gemini_Generated_Image_w1q8sxw1q8sxw1q8_rognee-1920x777.png 1920w, https:\/\/greenball-events.ch\/wp-content\/uploads\/2026\/01\/Gemini_Generated_Image_w1q8sxw1q8sxw1q8_rognee-800x324.png 800w, https:\/\/greenball-events.ch\/wp-content\/uploads\/2026\/01\/Gemini_Generated_Image_w1q8sxw1q8sxw1q8_rognee-1280x518.png 1280w\" sizes=\"(max-width: 1024px) 100vw, 1024px\" \/>\t\t\t\t\t\t\t\t\t\t\t\t\t\t\t<\/div>\n\t\t\t\t<\/div>\n\t\t\t\t<\/div>\n\t\t<div class=\"elementor-element elementor-element-86c4000 e-con-full e-flex e-con e-child\" data-id=\"86c4000\" data-element_type=\"container\" data-e-type=\"container\">\n\t\t\t\t<div class=\"elementor-element elementor-element-7580e2d elementor-widget elementor-widget-text-editor\" data-id=\"7580e2d\" data-element_type=\"widget\" data-e-type=\"widget\" data-settings=\"{&quot;vlt_animated_widget_animation&quot;:&quot;none&quot;}\" data-widget_type=\"text-editor.default\">\n\t\t\t\t<div class=\"elementor-widget-container\">\n\t\t\t\t\t\t\t\t\t<h4>Verwandeln Sie Ihren Raum in eine Hochleistungsarena.\u00a0<\/h4>\t\t\t\t\t\t\t\t<\/div>\n\t\t\t\t<\/div>\n\t\t<div class=\"elementor-element elementor-element-ea45c63 e-grid e-con-full e-con e-child\" data-id=\"ea45c63\" data-element_type=\"container\" data-e-type=\"container\">\n\t\t\t\t<div class=\"elementor-element elementor-element-020d453 elementor-widget elementor-widget-text-editor\" data-id=\"020d453\" data-element_type=\"widget\" data-e-type=\"widget\" data-settings=\"{&quot;vlt_animated_widget_animation&quot;:&quot;none&quot;}\" data-widget_type=\"text-editor.default\">\n\t\t\t\t<div class=\"elementor-widget-container\">\n\t\t\t\t\t\t\t\t\t<p>La Vision Arena est l\u2019atout majeur pour vos Fan Zones, tournois et activations de sponsoring. E<span style=\"font-size: 1rem;\">Sie bietet alles, was sich jeder Liebhaber w\u00fcnscht:<\/span><span style=\"font-size: 1rem;\">\u00a0<\/span><span style=\"font-size: 1rem;\" data-path-to-node=\"11\" data-index-in-node=\"127\">die Intensit\u00e4t eines Spitzenspiels.<\/span><\/p><p><b style=\"font-size: 1rem;\" data-path-to-node=\"8,0,0\" data-index-in-node=\"0\">Maximale Sichtbarkeit:<\/b><span style=\"font-size: 1rem;\"> Eine spektakul\u00e4re Struktur, die nat\u00fcrlich alle Blicke und Kameras auf sich zieht.<\/span><\/p><p><b style=\"font-size: 1rem;\" data-path-to-node=\"8,1,0\" data-index-in-node=\"0\">Viraler Content:<\/b><span style=\"font-size: 1rem;\"> L\u2019intensit\u00e9 du d\u00e9fi incite les spectateurs \u00e0 filmer et partager les performances sur les r\u00e9seaux sociaux.<\/span><\/p><p><b style=\"font-size: 1rem;\" data-path-to-node=\"8,2,0\" data-index-in-node=\"0\">Optimierter Fluss:<\/b><span style=\"font-size: 1rem;\"> Un passage rapide (quelques secondes par joueur) pour garantir une animation fluide et un maximum d\u2019engagement pour vos partenaires.<\/span><\/p><div data-index=\"5\"><div><div><h5>Das Spielerlebnis: 30 Sekunden in der Haut eines Profis<\/h5><div>Gr\u00e2ce \u00e0 l\u2019ar\u00e8ne les fans prennent part au jeu et ils deviennent le centre de l\u2019attention. C\u2019est un atelier engageant et amusant gr\u00e2ce notamment \u00e0 la comp\u00e9tition qu\u2019il g\u00e9n\u00e8re.<\/div><div>\u00a0<\/div><\/div><\/div><\/div><div data-index=\"6\"><div><p data-path-to-node=\"12\"><b style=\"font-size: 1rem;\" data-path-to-node=\"13,0,0\" data-index-in-node=\"0\">360\u00b0-Eintauchen:<\/b><span style=\"font-size: 1rem;\"> Keine Ablenkung, nur der Spieler und seine Reflexe.<\/span><\/p><p data-path-to-node=\"12\"><b style=\"font-size: 1rem;\" data-path-to-node=\"13,1,0\" data-index-in-node=\"0\">Spielbedingungen:<\/b><span style=\"font-size: 1rem;\"> Ein intensiver Zeitdruck, der die Schl\u00fcsselmomente auf dem Spielfeld simuliert.<\/span><\/p><p data-path-to-node=\"12\"><b style=\"font-size: 1rem;\" data-path-to-node=\"13,2,0\" data-index-in-node=\"0\">Hohe Frequenz:<\/b><span style=\"font-size: 1rem;\"> Un nombre de touches record en un temps r\u00e9duit pour ressentir la pression d\u2019un match.<\/span><\/p><h5 data-path-to-node=\"15\">Performance & Diagnostic : L\u2019Excellence Greenball<\/h5><p data-path-to-node=\"16\">Au-del\u00e0 du spectacle, la Vision Arena est un v\u00e9ritable laboratoire de performance cognitive. Pour un club ou une acad\u00e9mie, c\u2019est l\u2019outil parfait pour faire travailler les joueurs techniquement.<\/p><p data-path-to-node=\"17\"><b data-path-to-node=\"17\" data-index-in-node=\"0\">Was Ihre Teilnehmer entwickeln:<\/b><\/p><p data-path-to-node=\"18,0,0\"><b data-path-to-node=\"18,0,0\" data-index-in-node=\"0\">Scanning & Prise d\u2019Information :<\/b> Lernen, das Spiel zu sehen, bevor man den Ball erh\u00e4lt.<\/p><p data-path-to-node=\"18,0,0\"><span style=\"font-weight: bold;\" data-path-to-node=\"18,0,0\" data-index-in-node=\"0\">Passqualit\u00e4t:<\/span>\u00a0Gut dosierte und pr\u00e4zise P\u00e4sse spielen.<\/p><p data-path-to-node=\"18,1,0\"><b data-path-to-node=\"18,1,0\" data-index-in-node=\"0\">Peripheres Sehen:<\/b> Sofort auf seitliche Reize reagieren.<\/p><p data-path-to-node=\"18,2,0\"><b data-path-to-node=\"18,2,0\" data-index-in-node=\"0\">Concentration & R\u00e9flexes :<\/b> Verbesserung der Entscheidungsgeschwindigkeit unter hohem Druck.<\/p><\/div><\/div>\t\t\t\t\t\t\t\t<\/div>\n\t\t\t\t<\/div>\n\t\t\t\t<\/div>\n\t\t\t\t<div class=\"elementor-element elementor-element-583cb55 elementor-widget elementor-widget-image\" data-id=\"583cb55\" data-element_type=\"widget\" data-e-type=\"widget\" data-settings=\"{&quot;vlt_animated_widget_animation&quot;:&quot;none&quot;}\" data-widget_type=\"image.default\">\n\t\t\t\t<div class=\"elementor-widget-container\">\n\t\t\t\t\t\t\t\t\t\t\t\t\t\t\t<img decoding=\"async\" width=\"1024\" height=\"434\" src=\"https:\/\/greenball-events.ch\/wp-content\/uploads\/2026\/01\/1767377318681-1024x434.jpg\" class=\"attachment-large size-large wp-image-1377\" alt=\"\" srcset=\"https:\/\/greenball-events.ch\/wp-content\/uploads\/2026\/01\/1767377318681-1024x434.jpg 1024w, https:\/\/greenball-events.ch\/wp-content\/uploads\/2026\/01\/1767377318681-300x127.jpg 300w, https:\/\/greenball-events.ch\/wp-content\/uploads\/2026\/01\/1767377318681-768x326.jpg 768w, https:\/\/greenball-events.ch\/wp-content\/uploads\/2026\/01\/1767377318681-1536x652.jpg 1536w, https:\/\/greenball-events.ch\/wp-content\/uploads\/2026\/01\/1767377318681-2048x869.jpg 2048w, https:\/\/greenball-events.ch\/wp-content\/uploads\/2026\/01\/1767377318681-18x8.jpg 18w, https:\/\/greenball-events.ch\/wp-content\/uploads\/2026\/01\/1767377318681-1920x815.jpg 1920w, https:\/\/greenball-events.ch\/wp-content\/uploads\/2026\/01\/1767377318681-800x339.jpg 800w, https:\/\/greenball-events.ch\/wp-content\/uploads\/2026\/01\/1767377318681-1280x543.jpg 1280w\" sizes=\"(max-width: 1024px) 100vw, 1024px\" \/>\t\t\t\t\t\t\t\t\t\t\t\t\t\t\t<\/div>\n\t\t\t\t<\/div>\n\t\t<div class=\"elementor-element elementor-element-5dab438 e-con-full e-flex e-con e-child\" data-id=\"5dab438\" data-element_type=\"container\" data-e-type=\"container\">\n\t\t\t\t<div class=\"elementor-element elementor-element-382a8bc elementor-widget elementor-widget-text-editor\" data-id=\"382a8bc\" data-element_type=\"widget\" data-e-type=\"widget\" data-settings=\"{&quot;vlt_animated_widget_animation&quot;:&quot;none&quot;}\" data-widget_type=\"text-editor.default\">\n\t\t\t\t<div class=\"elementor-widget-container\">\n\t\t\t\t\t\t\t\t\t<h5 class=\"western\">Die Struktur ist zu 100 % individuell anpassbar. Wir k\u00fcmmern uns um die Logistik, den Auf- und Abbau der Strukturen sowie die Animation an jedem einzelnen Stand.<\/h5>\t\t\t\t\t\t\t\t<\/div>\n\t\t\t\t<\/div>\n\t\t\t\t<div class=\"elementor-element elementor-element-e829ab1 elementor-widget elementor-widget-vlt-button\" data-id=\"e829ab1\" data-element_type=\"widget\" data-e-type=\"widget\" data-settings=\"{&quot;vlt_animated_widget_animation&quot;:&quot;none&quot;}\" data-widget_type=\"vlt-button.default\">\n\t\t\t\t<div class=\"elementor-widget-container\">\n\t\t\t\t\t\n\t\t<a class=\"vlt-btn vlt-btn--primary\" role=\"button\" href=\"https:\/\/greenball-events.ch\/de\/#Contact\">\n\n\t\t\tFragen Sie nach einem Angebot.\n\t\t<\/a>\n\n\t\t\t\t\t\t<\/div>\n\t\t\t\t<\/div>\n\t\t\t\t<\/div>\n\t\t<div class=\"elementor-element elementor-element-541a290 e-con-full e-flex e-con e-child\" data-id=\"541a290\" data-element_type=\"container\" data-e-type=\"container\">\n\t\t\t\t<div class=\"elementor-element elementor-element-e988aea elementor-widget elementor-widget-spacer\" data-id=\"e988aea\" data-element_type=\"widget\" data-e-type=\"widget\" data-settings=\"{&quot;vlt_animated_widget_animation&quot;:&quot;none&quot;}\" data-widget_type=\"spacer.default\">\n\t\t\t\t<div class=\"elementor-widget-container\">\n\t\t\t\t\t\t\t<div class=\"elementor-spacer\">\n\t\t\t<div class=\"elementor-spacer-inner\"><\/div>\n\t\t<\/div>\n\t\t\t\t\t\t<\/div>\n\t\t\t\t<\/div>\n\t\t\t\t<\/div>\n\t\t\t\t<\/div>\n\t\t\t\t<\/div>\n\t\t\t\t\t<\/div>\n\t\t\t\t<\/div>\n\t\t\t\t<\/div>","protected":false},"excerpt":{"rendered":"<p>Vision Arena Transformez votre espace en une ar\u00e8ne de haute performance.\u00a0 La Vision Arena est l\u2019atout majeur pour vos Fan Zones, tournois et activations de sponsoring. Elle offre ce que chaque passionn\u00e9 recherche :\u00a0l\u2019intensit\u00e9 d\u2019un match de haut niveau. Visibilit\u00e9 Maximale : Une structure spectaculaire qui attire naturellement les regards et les cam\u00e9ras. Contenu Viral [&hellip;]<\/p>\n","protected":false},"author":1,"featured_media":0,"parent":0,"menu_order":0,"comment_status":"closed","ping_status":"closed","template":"elementor_header_footer","meta":{"footnotes":""},"class_list":["post-1369","page","type-page","status-publish","hentry"],"_links":{"self":[{"href":"https:\/\/greenball-events.ch\/de\/wp-json\/wp\/v2\/pages\/1369","targetHints":{"allow":["GET"]}}],"collection":[{"href":"https:\/\/greenball-events.ch\/de\/wp-json\/wp\/v2\/pages"}],"about":[{"href":"https:\/\/greenball-events.ch\/de\/wp-json\/wp\/v2\/types\/page"}],"author":[{"embeddable":true,"href":"https:\/\/greenball-events.ch\/de\/wp-json\/wp\/v2\/users\/1"}],"replies":[{"embeddable":true,"href":"https:\/\/greenball-events.ch\/de\/wp-json\/wp\/v2\/comments?post=1369"}],"version-history":[{"count":24,"href":"https:\/\/greenball-events.ch\/de\/wp-json\/wp\/v2\/pages\/1369\/revisions"}],"predecessor-version":[{"id":1411,"href":"https:\/\/greenball-events.ch\/de\/wp-json\/wp\/v2\/pages\/1369\/revisions\/1411"}],"wp:attachment":[{"href":"https:\/\/greenball-events.ch\/de\/wp-json\/wp\/v2\/media?parent=1369"}],"curies":[{"name":"wp","href":"https:\/\/api.w.org\/{rel}","templated":true}]}}