{"id":1006,"date":"2024-11-04T13:30:43","date_gmt":"2024-11-04T13:30:43","guid":{"rendered":"https:\/\/greenball-events.ch\/?page_id=1006"},"modified":"2025-01-08T11:29:08","modified_gmt":"2025-01-08T11:29:08","slug":"animations-interactives","status":"publish","type":"page","link":"https:\/\/greenball-events.ch\/de\/animations-interactives\/","title":{"rendered":"Interaktive Animationen"},"content":{"rendered":"<div data-elementor-type=\"wp-page\" data-elementor-id=\"1006\" class=\"elementor elementor-1006\" data-elementor-post-type=\"page\">\n\t\t\t\t<div class=\"elementor-element elementor-element-a6e45ae e-flex e-con-boxed e-con e-parent\" data-id=\"a6e45ae\" data-element_type=\"container\" data-e-type=\"container\">\n\t\t\t\t\t<div class=\"e-con-inner\">\n\t\t\t\t<div class=\"elementor-element elementor-element-0fb8a95 elementor-widget elementor-widget-spacer\" data-id=\"0fb8a95\" data-element_type=\"widget\" data-e-type=\"widget\" data-settings=\"{&quot;vlt_animated_widget_animation&quot;:&quot;none&quot;}\" data-widget_type=\"spacer.default\">\n\t\t\t\t<div class=\"elementor-widget-container\">\n\t\t\t\t\t\t\t<div class=\"elementor-spacer\">\n\t\t\t<div class=\"elementor-spacer-inner\"><\/div>\n\t\t<\/div>\n\t\t\t\t\t\t<\/div>\n\t\t\t\t<\/div>\n\t\t\t\t\t<\/div>\n\t\t\t\t<\/div>\n\t\t<div class=\"elementor-element elementor-element-b9b8f45 e-flex e-con-boxed e-con e-parent\" data-id=\"b9b8f45\" data-element_type=\"container\" data-e-type=\"container\">\n\t\t\t\t\t<div class=\"e-con-inner\">\n\t\t\t\t<div class=\"elementor-element elementor-element-9d840b7 elementor-widget elementor-widget-heading\" data-id=\"9d840b7\" data-element_type=\"widget\" data-e-type=\"widget\" data-settings=\"{&quot;vlt_animated_widget_animation&quot;:&quot;none&quot;}\" data-widget_type=\"heading.default\">\n\t\t\t\t<div class=\"elementor-widget-container\">\n\t\t\t\t\t<h2 class=\"elementor-heading-title elementor-size-default\">Interaktive Animationen<\/h2>\t\t\t\t<\/div>\n\t\t\t\t<\/div>\n\t\t\t\t\t<\/div>\n\t\t\t\t<\/div>\n\t\t<div class=\"elementor-element elementor-element-1b8f194 e-flex e-con-boxed e-con e-parent\" data-id=\"1b8f194\" data-element_type=\"container\" data-e-type=\"container\">\n\t\t\t\t\t<div class=\"e-con-inner\">\n\t\t\t\t<div class=\"elementor-element elementor-element-c81315e elementor-widget elementor-widget-image\" data-id=\"c81315e\" data-element_type=\"widget\" data-e-type=\"widget\" data-settings=\"{&quot;vlt_animated_widget_animation&quot;:&quot;none&quot;}\" data-widget_type=\"image.default\">\n\t\t\t\t<div class=\"elementor-widget-container\">\n\t\t\t\t\t\t\t\t\t\t\t\t\t\t\t<img fetchpriority=\"high\" decoding=\"async\" width=\"1024\" height=\"490\" src=\"https:\/\/greenball-events.ch\/wp-content\/uploads\/2025\/01\/20241206_162212_rognee-1024x490.jpg\" class=\"attachment-large size-large wp-image-1060\" alt=\"Mini vestiaire\" srcset=\"https:\/\/greenball-events.ch\/wp-content\/uploads\/2025\/01\/20241206_162212_rognee-1024x490.jpg 1024w, https:\/\/greenball-events.ch\/wp-content\/uploads\/2025\/01\/20241206_162212_rognee-300x144.jpg 300w, https:\/\/greenball-events.ch\/wp-content\/uploads\/2025\/01\/20241206_162212_rognee-768x368.jpg 768w, https:\/\/greenball-events.ch\/wp-content\/uploads\/2025\/01\/20241206_162212_rognee-1536x736.jpg 1536w, https:\/\/greenball-events.ch\/wp-content\/uploads\/2025\/01\/20241206_162212_rognee-2048x981.jpg 2048w, https:\/\/greenball-events.ch\/wp-content\/uploads\/2025\/01\/20241206_162212_rognee-18x9.jpg 18w, https:\/\/greenball-events.ch\/wp-content\/uploads\/2025\/01\/20241206_162212_rognee-1920x920.jpg 1920w, https:\/\/greenball-events.ch\/wp-content\/uploads\/2025\/01\/20241206_162212_rognee-800x383.jpg 800w, https:\/\/greenball-events.ch\/wp-content\/uploads\/2025\/01\/20241206_162212_rognee-1280x613.jpg 1280w\" sizes=\"(max-width: 1024px) 100vw, 1024px\" \/>\t\t\t\t\t\t\t\t\t\t\t\t\t\t\t<\/div>\n\t\t\t\t<\/div>\n\t\t\t\t\t<\/div>\n\t\t\t\t<\/div>\n\t\t<div class=\"elementor-element elementor-element-cb798a1 e-flex e-con-boxed e-con e-parent\" data-id=\"cb798a1\" data-element_type=\"container\" data-e-type=\"container\">\n\t\t\t\t\t<div class=\"e-con-inner\">\n\t\t\t\t<div class=\"elementor-element elementor-element-94581aa elementor-widget elementor-widget-text-editor\" data-id=\"94581aa\" data-element_type=\"widget\" data-e-type=\"widget\" data-settings=\"{&quot;vlt_animated_widget_animation&quot;:&quot;none&quot;}\" data-widget_type=\"text-editor.default\">\n\t\t\t\t<div class=\"elementor-widget-container\">\n\t\t\t\t\t\t\t\t\t<h4 class=\"sow-headline\">ERZ\u00c4HLE DEINEN FANS EINE UNVERGESSLICHE GESCHICHTE!<\/h4><p>In der Welt des Sports ist jede Veranstaltung ein einzigartiges Abenteuer, und wir sind hier, um Ihnen zu helfen, es zu erz\u00e4hlen. Mit unseren interaktiven Animationen verwandeln Sie Ihre Veranstaltungen in unvergessliche Erlebnisse, die Ihre Fans fesseln und binden.<\/p>\t\t\t\t\t\t\t\t<\/div>\n\t\t\t\t<\/div>\n\t\t\t\t\t<\/div>\n\t\t\t\t<\/div>\n\t\t<div class=\"elementor-element elementor-element-3ef8d02 e-grid e-con-boxed e-con e-parent\" data-id=\"3ef8d02\" data-element_type=\"container\" data-e-type=\"container\">\n\t\t\t\t\t<div class=\"e-con-inner\">\n\t\t\t\t<div class=\"elementor-element elementor-element-e390dec elementor-widget elementor-widget-text-editor\" data-id=\"e390dec\" data-element_type=\"widget\" data-e-type=\"widget\" data-settings=\"{&quot;vlt_animated_widget_animation&quot;:&quot;none&quot;}\" data-widget_type=\"text-editor.default\">\n\t\t\t\t<div class=\"elementor-widget-container\">\n\t\t\t\t\t\t\t\t\t<div id=\"panel-11-5-1-0\" class=\"so-panel widget widget_sow-headline panel-first-child\" data-index=\"13\"><div class=\"so-widget-sow-headline so-widget-sow-headline-default-818425466517-11\"><div class=\"sow-headline-container\"><h4 class=\"sow-headline\">PHOTOBOOTH<\/h4><\/div><\/div><\/div><div id=\"panel-11-5-1-1\" class=\"so-panel widget widget_sow-editor panel-last-child\" data-index=\"14\"><div class=\"panel-widget-style panel-widget-style-for-11-5-1-1\"><div class=\"so-widget-sow-editor so-widget-sow-editor-base\"><div class=\"siteorigin-widget-tinymce textwidget\"><p>Die Teilnehmer k\u00f6nnen in die Welt ihrer Lieblingsmannschaft eintauchen und sich in inspirierenden Kulissen fotografieren, die die Geschichte Ihrer Veranstaltung widerspiegeln.<\/p><\/div><\/div><\/div><\/div>\t\t\t\t\t\t\t\t<\/div>\n\t\t\t\t<\/div>\n\t\t\t\t<div class=\"elementor-element elementor-element-2845165 elementor-widget elementor-widget-text-editor\" data-id=\"2845165\" data-element_type=\"widget\" data-e-type=\"widget\" data-settings=\"{&quot;vlt_animated_widget_animation&quot;:&quot;none&quot;}\" data-widget_type=\"text-editor.default\">\n\t\t\t\t<div class=\"elementor-widget-container\">\n\t\t\t\t\t\t\t\t\t<div id=\"panel-11-5-4-0\" class=\"so-panel widget widget_sow-headline panel-first-child\" data-index=\"19\"><div class=\"so-widget-sow-headline so-widget-sow-headline-default-818425466517-11\"><div class=\"sow-headline-container\"><h4 class=\"sow-headline\">UKLEIDEKABINE<\/h4><\/div><\/div><\/div><div id=\"panel-11-5-4-1\" class=\"so-panel widget widget_sow-editor panel-last-child\" data-index=\"20\"><div class=\"panel-widget-style panel-widget-style-for-11-5-4-1\"><div class=\"so-widget-sow-editor so-widget-sow-editor-base\"><div class=\"siteorigin-widget-tinymce textwidget\"><p>Bieten Sie Ihren Fans ein v\u00f6llig neues Erlebnis mit unserer Mini-Umkleidekabine, die so gestaltet ist, dass sie die authentische Atmosph\u00e4re der Umkleidekabinen von Profivereinen nachbildet.<\/p><\/div><\/div><\/div><\/div>\t\t\t\t\t\t\t\t<\/div>\n\t\t\t\t<\/div>\n\t\t\t\t<div class=\"elementor-element elementor-element-e399b27 elementor-widget elementor-widget-text-editor\" data-id=\"e399b27\" data-element_type=\"widget\" data-e-type=\"widget\" data-settings=\"{&quot;vlt_animated_widget_animation&quot;:&quot;none&quot;}\" data-widget_type=\"text-editor.default\">\n\t\t\t\t<div class=\"elementor-widget-container\">\n\t\t\t\t\t\t\t\t\t<div id=\"panel-11-5-2-0\" class=\"so-panel widget widget_sow-headline panel-first-child\" data-index=\"15\"><div class=\"so-widget-sow-headline so-widget-sow-headline-default-56922443fde0-11\"><div class=\"sow-headline-container\"><h4 class=\"sow-headline\">TOUCHSCREENS<\/h4><\/div><\/div><\/div><div id=\"panel-11-5-2-1\" class=\"so-panel widget widget_sow-editor panel-last-child\" data-index=\"16\"><div class=\"panel-widget-style panel-widget-style-for-11-5-2-1\"><div class=\"so-widget-sow-editor so-widget-sow-editor-base\"><div class=\"siteorigin-widget-tinymce textwidget\"><p>Unsere interaktiven Bildschirme bieten Quizze und Spiele, die speziell f\u00fcr Ihre Veranstaltung entwickelt wurden. Wir halten uns an Ihr Corporate Design und passen den Inhalt an.<\/p><\/div><\/div><\/div><\/div>\t\t\t\t\t\t\t\t<\/div>\n\t\t\t\t<\/div>\n\t\t\t\t<div class=\"elementor-element elementor-element-0cbfb98 elementor-widget elementor-widget-text-editor\" data-id=\"0cbfb98\" data-element_type=\"widget\" data-e-type=\"widget\" data-settings=\"{&quot;vlt_animated_widget_animation&quot;:&quot;none&quot;}\" data-widget_type=\"text-editor.default\">\n\t\t\t\t<div class=\"elementor-widget-container\">\n\t\t\t\t\t\t\t\t\t<div id=\"panel-11-5-3-0\" class=\"so-panel widget widget_sow-headline panel-first-child\" data-index=\"17\"><div class=\"so-widget-sow-headline so-widget-sow-headline-default-818425466517-11\"><div class=\"sow-headline-container\"><h4 class=\"sow-headline\">MASSGESCHNEIDERT<\/h4><\/div><\/div><\/div><div id=\"panel-11-5-3-1\" class=\"so-panel widget widget_sow-editor panel-last-child\" data-index=\"18\"><div class=\"panel-widget-style panel-widget-style-for-11-5-3-1\"><div class=\"so-widget-sow-editor so-widget-sow-editor-base\"><div class=\"siteorigin-widget-tinymce textwidget\"><p>Wir erstellen eine massgeschneiderte Animation, die Ihren Bed\u00fcrfnissen und Ihrem Budget entspricht. Wir arbeiten mit Ihnen zusammen, um das Projekt abzuschliessen, vom Entwurf der 3D-Pl\u00e4ne bis zur Bearbeitung und Animation vor Ort.<\/p><\/div><\/div><\/div><\/div>\t\t\t\t\t\t\t\t<\/div>\n\t\t\t\t<\/div>\n\t\t\t\t\t<\/div>\n\t\t\t\t<\/div>\n\t\t<div class=\"elementor-element elementor-element-14375e7 e-flex e-con-boxed e-con e-parent\" data-id=\"14375e7\" data-element_type=\"container\" data-e-type=\"container\">\n\t\t\t\t\t<div class=\"e-con-inner\">\n\t\t\t\t<div class=\"elementor-element elementor-element-036cc66 elementor-widget elementor-widget-image\" data-id=\"036cc66\" data-element_type=\"widget\" data-e-type=\"widget\" data-settings=\"{&quot;vlt_animated_widget_animation&quot;:&quot;none&quot;}\" data-widget_type=\"image.default\">\n\t\t\t\t<div class=\"elementor-widget-container\">\n\t\t\t\t\t\t\t\t\t\t\t\t\t\t\t<img decoding=\"async\" width=\"768\" height=\"432\" src=\"https:\/\/greenball-events.ch\/wp-content\/uploads\/2020\/12\/Animations-sur-dermande-768x432.png\" class=\"attachment-medium_large size-medium_large wp-image-1002\" alt=\"Animations sur demande\" srcset=\"https:\/\/greenball-events.ch\/wp-content\/uploads\/2020\/12\/Animations-sur-dermande-768x432.png 768w, https:\/\/greenball-events.ch\/wp-content\/uploads\/2020\/12\/Animations-sur-dermande-300x169.png 300w, https:\/\/greenball-events.ch\/wp-content\/uploads\/2020\/12\/Animations-sur-dermande-1024x576.png 1024w, https:\/\/greenball-events.ch\/wp-content\/uploads\/2020\/12\/Animations-sur-dermande-18x10.png 18w, https:\/\/greenball-events.ch\/wp-content\/uploads\/2020\/12\/Animations-sur-dermande-800x450.png 800w, https:\/\/greenball-events.ch\/wp-content\/uploads\/2020\/12\/Animations-sur-dermande-1280x720.png 1280w, https:\/\/greenball-events.ch\/wp-content\/uploads\/2020\/12\/Animations-sur-dermande.png 1366w\" sizes=\"(max-width: 768px) 100vw, 768px\" \/>\t\t\t\t\t\t\t\t\t\t\t\t\t\t\t<\/div>\n\t\t\t\t<\/div>\n\t\t\t\t\t<\/div>\n\t\t\t\t<\/div>\n\t\t<div class=\"elementor-element elementor-element-04d7ea5 e-flex e-con-boxed e-con e-parent\" data-id=\"04d7ea5\" data-element_type=\"container\" data-e-type=\"container\">\n\t\t\t\t\t<div class=\"e-con-inner\">\n\t\t\t\t<div class=\"elementor-element elementor-element-298b005 elementor-widget elementor-widget-vlt-button\" data-id=\"298b005\" data-element_type=\"widget\" data-e-type=\"widget\" data-settings=\"{&quot;vlt_animated_widget_animation&quot;:&quot;none&quot;}\" data-widget_type=\"vlt-button.default\">\n\t\t\t\t<div class=\"elementor-widget-container\">\n\t\t\t\t\t\n\t\t<a class=\"vlt-btn vlt-btn--primary\" role=\"button\" href=\"https:\/\/greenball-events.ch\/de\/#Contact\">\n\n\t\t\tFragen Sie nach einem Angebot.\n\t\t<\/a>\n\n\t\t\t\t\t\t<\/div>\n\t\t\t\t<\/div>\n\t\t\t\t\t<\/div>\n\t\t\t\t<\/div>\n\t\t<div class=\"elementor-element elementor-element-53e56e7 e-flex e-con-boxed e-con e-parent\" data-id=\"53e56e7\" data-element_type=\"container\" data-e-type=\"container\">\n\t\t\t\t\t<div class=\"e-con-inner\">\n\t\t\t\t<div class=\"elementor-element elementor-element-fae753d elementor-widget elementor-widget-spacer\" data-id=\"fae753d\" data-element_type=\"widget\" data-e-type=\"widget\" data-settings=\"{&quot;vlt_animated_widget_animation&quot;:&quot;none&quot;}\" data-widget_type=\"spacer.default\">\n\t\t\t\t<div class=\"elementor-widget-container\">\n\t\t\t\t\t\t\t<div class=\"elementor-spacer\">\n\t\t\t<div class=\"elementor-spacer-inner\"><\/div>\n\t\t<\/div>\n\t\t\t\t\t\t<\/div>\n\t\t\t\t<\/div>\n\t\t\t\t\t<\/div>\n\t\t\t\t<\/div>\n\t\t\t\t<\/div>","protected":false},"excerpt":{"rendered":"<p>Animations interactives RACONTEZ UNE HISTOIRE INOUBLIABLE A VOS FANS ! Dans l\u2019univers du sport, chaque \u00e9v\u00e9nement est une aventure unique, et nous sommes l\u00e0 pour vous aider \u00e0 la raconter. Gr\u00e2ce \u00e0 nos animations interactives, transformez vos manifestations en exp\u00e9riences m\u00e9morables qui captivent et engagent vos fans. PHOTOBOOTH Les participants peuvent s&rsquo;immerger dans l&rsquo;univers de [&hellip;]<\/p>\n","protected":false},"author":1,"featured_media":0,"parent":0,"menu_order":0,"comment_status":"closed","ping_status":"closed","template":"elementor_header_footer","meta":{"footnotes":""},"class_list":["post-1006","page","type-page","status-publish","hentry"],"_links":{"self":[{"href":"https:\/\/greenball-events.ch\/de\/wp-json\/wp\/v2\/pages\/1006","targetHints":{"allow":["GET"]}}],"collection":[{"href":"https:\/\/greenball-events.ch\/de\/wp-json\/wp\/v2\/pages"}],"about":[{"href":"https:\/\/greenball-events.ch\/de\/wp-json\/wp\/v2\/types\/page"}],"author":[{"embeddable":true,"href":"https:\/\/greenball-events.ch\/de\/wp-json\/wp\/v2\/users\/1"}],"replies":[{"embeddable":true,"href":"https:\/\/greenball-events.ch\/de\/wp-json\/wp\/v2\/comments?post=1006"}],"version-history":[{"count":20,"href":"https:\/\/greenball-events.ch\/de\/wp-json\/wp\/v2\/pages\/1006\/revisions"}],"predecessor-version":[{"id":1063,"href":"https:\/\/greenball-events.ch\/de\/wp-json\/wp\/v2\/pages\/1006\/revisions\/1063"}],"wp:attachment":[{"href":"https:\/\/greenball-events.ch\/de\/wp-json\/wp\/v2\/media?parent=1006"}],"curies":[{"name":"wp","href":"https:\/\/api.w.org\/{rel}","templated":true}]}}